{"id":3883,"date":"2021-09-14T10:15:55","date_gmt":"2021-09-14T10:15:55","guid":{"rendered":"https:\/\/www.sorg.de\/technologie\/"},"modified":"2023-04-05T09:34:04","modified_gmt":"2023-04-05T09:34:04","slug":"technologie","status":"publish","type":"page","link":"https:\/\/www.sorg.de\/de\/technologie\/","title":{"rendered":"Technologie"},"content":{"rendered":"<section id=\"product-links-block_429854afa0906a9b2aa715f2c9885da9\" class=\"product-links\" style=\"background-color:  !important;\">\r\n    <div class=\"product-links-container\">\r\n        <div class=\"main-container\">\r\n            <div class=\"container-fluid\">\r\n                <div class=\"row\">\r\n                    <div class=\"col-xl-6 col-lg-12 col-md-12\" data-aos=\"fade-right\">\r\n                        <h2>Technologie<\/h2>\r\n                    <\/div>\r\n                    <div class=\"col-xl-6 col-lg-12 col-md-12\" data-aos=\"fade-left\">\r\n                        Jede Innovation, die wir liefern, orientiert sich an den Kundenbed\u00fcrfnissen, den aktuellen Herausforderungen der Industrie und dem Fortschritt der Technologie. Als einziges Ofenbauunternehmen weltweit haben wir eine eigenst\u00e4ndige Forschungs- und Entwicklungsabteilung zur Weiterentwicklung der Glasschmelzprozesse und der Glaskonditionierung. Dieses stetige Engagement f\u00fcr Innovation ist seit unserer Gr\u00fcndung vor fast 150 Jahren das Herzst\u00fcck von SORG.                    <\/div>\r\n                <\/div>\r\n                <div class=\"row\">\r\n                    <div class=\"col-lg-12\">\r\n                        <div class=\"box-container\">\r\n                                                                                                <a class=\"product-box\" style=\"letter-spacing: unset !important;\" href=\"https:\/\/www.sorg.de\/melting\/\" data-aos=\"fade-up\" data-aos-delay=\"50\">\r\n                                        <div>\r\n                                            <h5>GLASSCHMELZE<\/h5>\r\n                                            <br>\r\n                                            <p class=\"p-small\">Basierend auf 150 Jahren Erfahrung, mehr als 100 Patenten und dem Fachwissen der kl\u00fcgsten K\u00f6pfe der Branche, wird jede SORG-Glasschmelzanlage passend zu Ihren Spezifikationen entwickelt &#8211; Effizienz, Leistung und Zuverl\u00e4ssigkeit sind f\u00fcr uns dabei selbstverst\u00e4ndlich.<\/p>\r\n                                            <br>\r\n                                        <\/div>\r\n                                        <div class=\"product-links-icon-container\">\r\n                                            <!-- <svg xmlns=\"http:\/\/www.w3.org\/2000\/svg\" width=\"61.311\" height=\"88.64\" viewBox=\"0 0 61.311 88.64\">\r\n                                                <path id=\"Icon_ionic-ios-flame\" data-name=\"Icon ionic-ios-flame\" d=\"M30.512,3.375C36.584,31.56,7.666,30.995,7.876,59.368c.168,23.243,24.793,31.116,30.258,31.116S66.36,85.543,68.1,59.368C69.585,37.088,50.991,15.813,30.512,3.375ZM46.07,77.648c-2.136,8.146-13.82,8.167-16,.021a14.2,14.2,0,0,1-.5-3.664c0-8.585,8.5-18.49,8.5-18.49s8.46,9.9,8.46,18.49A13.175,13.175,0,0,1,46.07,77.648Z\" transform=\"translate(-7.375 -2.344)\" fill=\"none\" stroke=\"currentColor\" stroke-width=\"1\" \/>\r\n                                            <\/svg> -->\r\n                                            <p class=\"button\">ERFAHREN SIE MEHR<svg xmlns=\"http:\/\/www.w3.org\/2000\/svg\" xmlns:xlink=\"http:\/\/www.w3.org\/1999\/xlink\" width=\"6.185\" height=\"11.638\" viewBox=\"0 0 6.185 11.638\">\r\n\r\n                                            <\/p>\r\n                                        <\/div>\r\n                                    <\/a>\r\n                                                                    <a class=\"product-box\" style=\"letter-spacing: unset !important;\" href=\"https:\/\/www.sorg.de\/conditioning\/\" data-aos=\"fade-up\" data-aos-delay=\"150\">\r\n                                        <div>\r\n                                            <h5>GLASKONDITIONIERUNG<\/h5>\r\n                                            <br>\r\n                                            <p class=\"p-small\">Sobald das Glas die Schmelzwanne verlassen hat, sorgen unsere anschlie\u00dfenden Glaskonditionierungssysteme daf\u00fcr, die h\u00f6chste Qualit\u00e4t und Rentabilit\u00e4t aufrechtzuerhalten und das Glas f\u00fcr die Produktion zu konditionieren. Von Verteilern und Arbeitswannen bis hin zu Vorherden, Entnahmevorbauten und Zusatzausr\u00fcstung \u2013 wir entwerfen und integrieren Systeme, die w\u00e4hrend des gesamten Prozesses nahtlos funktionieren, damit die volle Kapazit\u00e4t augesch\u00f6pft werden kann.<\/p>\r\n                                            <br>\r\n                                        <\/div>\r\n                                        <div class=\"product-links-icon-container\">\r\n                                            <!-- <svg xmlns=\"http:\/\/www.w3.org\/2000\/svg\" width=\"61.311\" height=\"88.64\" viewBox=\"0 0 61.311 88.64\">\r\n                                                <path id=\"Icon_ionic-ios-flame\" data-name=\"Icon ionic-ios-flame\" d=\"M30.512,3.375C36.584,31.56,7.666,30.995,7.876,59.368c.168,23.243,24.793,31.116,30.258,31.116S66.36,85.543,68.1,59.368C69.585,37.088,50.991,15.813,30.512,3.375ZM46.07,77.648c-2.136,8.146-13.82,8.167-16,.021a14.2,14.2,0,0,1-.5-3.664c0-8.585,8.5-18.49,8.5-18.49s8.46,9.9,8.46,18.49A13.175,13.175,0,0,1,46.07,77.648Z\" transform=\"translate(-7.375 -2.344)\" fill=\"none\" stroke=\"currentColor\" stroke-width=\"1\" \/>\r\n                                            <\/svg> -->\r\n                                            <p class=\"button\">ERFAHREN SIE MEHR<svg xmlns=\"http:\/\/www.w3.org\/2000\/svg\" xmlns:xlink=\"http:\/\/www.w3.org\/1999\/xlink\" width=\"6.185\" height=\"11.638\" viewBox=\"0 0 6.185 11.638\">\r\n\r\n                                            <\/p>\r\n                                        <\/div>\r\n                                    <\/a>\r\n                                                                    <a class=\"product-box\" style=\"letter-spacing: unset !important;\" href=\"https:\/\/www.sorg.de\/mathematical_modelling\/\" data-aos=\"fade-up\" data-aos-delay=\"250\">\r\n                                        <div>\r\n                                            <h5>MATHEMATISCHE MODELLIERUNG<\/h5>\r\n                                            <br>\r\n                                            <p class=\"p-small\">SORG setzt mathematische Modellierung ein, um den Schmelzprozess besser zu verstehen, die Auswirkungen verschiedener Komponenten in der Glasschmelzwanne zu analysieren und pr\u00e4zise Vorhersagen \u00fcber die Einfl\u00fcsse des Wannendesigns auf die Produktqualit\u00e4t zu treffen. Mathematische Modellierung ist heute das fortschrittlichste Werkzeug, um bestehende Designs zu pr\u00fcfen, zu verbessern und neue Technologien zu entwickeln.<\/p>\r\n                                            <br>\r\n                                        <\/div>\r\n                                        <div class=\"product-links-icon-container\">\r\n                                            <!-- <svg xmlns=\"http:\/\/www.w3.org\/2000\/svg\" width=\"61.311\" height=\"88.64\" viewBox=\"0 0 61.311 88.64\">\r\n                                                <path id=\"Icon_ionic-ios-flame\" data-name=\"Icon ionic-ios-flame\" d=\"M30.512,3.375C36.584,31.56,7.666,30.995,7.876,59.368c.168,23.243,24.793,31.116,30.258,31.116S66.36,85.543,68.1,59.368C69.585,37.088,50.991,15.813,30.512,3.375ZM46.07,77.648c-2.136,8.146-13.82,8.167-16,.021a14.2,14.2,0,0,1-.5-3.664c0-8.585,8.5-18.49,8.5-18.49s8.46,9.9,8.46,18.49A13.175,13.175,0,0,1,46.07,77.648Z\" transform=\"translate(-7.375 -2.344)\" fill=\"none\" stroke=\"currentColor\" stroke-width=\"1\" \/>\r\n                                            <\/svg> -->\r\n                                            <p class=\"button\">ERFAHREN SIE MEHR<svg xmlns=\"http:\/\/www.w3.org\/2000\/svg\" xmlns:xlink=\"http:\/\/www.w3.org\/1999\/xlink\" width=\"6.185\" height=\"11.638\" viewBox=\"0 0 6.185 11.638\">\r\n\r\n                                            <\/p>\r\n                                        <\/div>\r\n                                    <\/a>\r\n                                                                    <a class=\"product-box\" style=\"letter-spacing: unset !important;\" href=\"https:\/\/www.sorg.de\/modern_design_tools\/\" data-aos=\"fade-up\" data-aos-delay=\"350\">\r\n                                        <div>\r\n                                            <h5>MODERNE KONSTRUKTIONS-<br>WERKZEUGE<\/h5>\r\n                                            <br>\r\n                                            <p class=\"p-small\">Wir verwenden moderne Tools, um unsere Glasschmelzwannen und Glaskonditionierungssysteme zu entwerfen. Der Schl\u00fcssel zur optimalen Nutzung dieser Technologie liegt im Fachwissen des Bedieners und in der Zusammenarbeit als Team.<\/p>\r\n                                            <br>\r\n                                        <\/div>\r\n                                        <div class=\"product-links-icon-container\">\r\n                                            <!-- <svg xmlns=\"http:\/\/www.w3.org\/2000\/svg\" width=\"61.311\" height=\"88.64\" viewBox=\"0 0 61.311 88.64\">\r\n                                                <path id=\"Icon_ionic-ios-flame\" data-name=\"Icon ionic-ios-flame\" d=\"M30.512,3.375C36.584,31.56,7.666,30.995,7.876,59.368c.168,23.243,24.793,31.116,30.258,31.116S66.36,85.543,68.1,59.368C69.585,37.088,50.991,15.813,30.512,3.375ZM46.07,77.648c-2.136,8.146-13.82,8.167-16,.021a14.2,14.2,0,0,1-.5-3.664c0-8.585,8.5-18.49,8.5-18.49s8.46,9.9,8.46,18.49A13.175,13.175,0,0,1,46.07,77.648Z\" transform=\"translate(-7.375 -2.344)\" fill=\"none\" stroke=\"currentColor\" stroke-width=\"1\" \/>\r\n                                            <\/svg> -->\r\n                                            <p class=\"button\">ERFAHREN SIE MEHR<svg xmlns=\"http:\/\/www.w3.org\/2000\/svg\" xmlns:xlink=\"http:\/\/www.w3.org\/1999\/xlink\" width=\"6.185\" height=\"11.638\" viewBox=\"0 0 6.185 11.638\">\r\n\r\n                                            <\/p>\r\n                                        <\/div>\r\n                                    <\/a>\r\n                                                                    <a class=\"product-box\" style=\"letter-spacing: unset !important;\" href=\"https:\/\/www.sorg.de\/digitalisation\/\" data-aos=\"fade-up\" data-aos-delay=\"450\">\r\n                                        <div>\r\n                                            <h5>DIGITALISIERUNG<\/h5>\r\n                                            <br>\r\n                                            <p class=\"p-small\">Die Digitalisierung des Glasschmelzprozesses bietet viele Chancen, sowohl f\u00fcr die Glashersteller, als auch f\u00fcr das Glas selbst. Von den Rohstoffen bis zum fertigen Glas entwickelt SORG Innovationen, die in vielen Anwendungen das Schmelzen von Glas kontrollierbarer machen, um f\u00fcr die Zukunft ger\u00fcstet zu sein. <\/p>\r\n                                            <br>\r\n                                        <\/div>\r\n                                        <div class=\"product-links-icon-container\">\r\n                                            <!-- <svg xmlns=\"http:\/\/www.w3.org\/2000\/svg\" width=\"61.311\" height=\"88.64\" viewBox=\"0 0 61.311 88.64\">\r\n                                                <path id=\"Icon_ionic-ios-flame\" data-name=\"Icon ionic-ios-flame\" d=\"M30.512,3.375C36.584,31.56,7.666,30.995,7.876,59.368c.168,23.243,24.793,31.116,30.258,31.116S66.36,85.543,68.1,59.368C69.585,37.088,50.991,15.813,30.512,3.375ZM46.07,77.648c-2.136,8.146-13.82,8.167-16,.021a14.2,14.2,0,0,1-.5-3.664c0-8.585,8.5-18.49,8.5-18.49s8.46,9.9,8.46,18.49A13.175,13.175,0,0,1,46.07,77.648Z\" transform=\"translate(-7.375 -2.344)\" fill=\"none\" stroke=\"currentColor\" stroke-width=\"1\" \/>\r\n                                            <\/svg> -->\r\n                                            <p class=\"button\">ERFAHREN SIE MEHR<svg xmlns=\"http:\/\/www.w3.org\/2000\/svg\" xmlns:xlink=\"http:\/\/www.w3.org\/1999\/xlink\" width=\"6.185\" height=\"11.638\" viewBox=\"0 0 6.185 11.638\">\r\n\r\n                                            <\/p>\r\n                                        <\/div>\r\n                                    <\/a>\r\n                                                                                    <\/div>\r\n                    <\/div>\r\n                <\/div>\r\n            <\/div>\r\n        <\/div>\r\n    <\/div>\r\n<\/section>\r\n\n\n<section id=\"latest-newsblock_0e9f9ba2ac830e394998cf152d1a1617\" class=\"latest-news\">\r\n    <div class=\"main-container-full-left\">\r\n        <div class=\"latest-news-container\">\r\n            <div class=\"latest-news-image-container\" data-aos=\"fade-up\">\r\n                \r\n\r\n                                            <div class=\"latest-news-image latest-news-image-0 display-block fade-in-left\" style=\"background: url('https:\/\/www.sorg.de\/wp-content\/uploads\/2026\/02\/008e2964-861f-4fd0-bf8f-23acb6f9087828-1024x682.jpg') no-repeat;\"><\/div>\r\n                                            <div class=\"latest-news-image latest-news-image-1  fade-in-left\" style=\"background: url('https:\/\/www.sorg.de\/wp-content\/uploads\/2026\/02\/IMG_2254-3-1024x768.jpeg') no-repeat;\"><\/div>\r\n                                            <div class=\"latest-news-image latest-news-image-2  fade-in-left\" style=\"background: url('https:\/\/www.sorg.de\/wp-content\/uploads\/2026\/02\/GBJS0294-arm-opt-1024x708.webp') no-repeat;\"><\/div>\r\n                                                <\/div>\r\n            <div class=\"latest-news-right-container\" data-aos=\"fade-right\">\r\n                <h3>Aktuelle News<\/h3>\r\n                <div>\r\n                                                                        <div class=\"latest-news-list\">\r\n                                <a href=\"https:\/\/www.sorg.de\/de\/news\/die-sorg-gruppe-schliesst-den-umbau-der-wanne-1-fuer-bangkok-glass-industries-im-werk-prachinburi-erfolgreich-ab\/\" class=\"latest-news-list-item latest-news-list-item-0\">\r\n                                    <p class=\"latest-news-date\">02\/26<\/p>\r\n                                    <p style=\"flex-grow: 1\" class=\"latest-news-title\">Die SORG-Gruppe schlie\u00dft den Umbau der Wanne 1 f\u00fcr Bangkok Glass Industries im Werk\u00a0Prachinburi\u00a0erfolgreich ab\u00a0<\/p>\r\n                                <\/a>\r\n                            <\/div>\r\n                                                    <div class=\"latest-news-list\">\r\n                                <a href=\"https:\/\/www.sorg.de\/de\/news\/die-sorg-gruppe-liefert-die-zweite-glasschmelzwanne-an-arglass-in-valdosta-georgia-usa\/\" class=\"latest-news-list-item latest-news-list-item-1\">\r\n                                    <p class=\"latest-news-date\">02\/26<\/p>\r\n                                    <p style=\"flex-grow: 1\" class=\"latest-news-title\">Die SORG-Gruppe\u00a0liefert\u00a0die\u00a0zweite\u00a0Glasschmelzwanne\u00a0an ARGLASS in Valdosta, Georgia, USA<\/p>\r\n                                <\/a>\r\n                            <\/div>\r\n                                                    <div class=\"latest-news-list\">\r\n                                <a href=\"https:\/\/www.sorg.de\/de\/news\/der-vollelektrische-viking-vorherd-beweist-sich-im-langfristigen-industriellen-einsatz\/\" class=\"latest-news-list-item latest-news-list-item-2\">\r\n                                    <p class=\"latest-news-date\">02\/26<\/p>\r\n                                    <p style=\"flex-grow: 1\" class=\"latest-news-title\">Der vollelektrische VIKING\u00ae-Vorherd beweist sich im langfristigen industriellen Einsatz<\/p>\r\n                                <\/a>\r\n                            <\/div>\r\n                                                            <\/div>\r\n                <span class=\"arrow-link\">\r\n                    <a href=\"https:\/\/www.sorg.de\/de\/news\/\">Alle news<\/a>\r\n                    <svg xmlns=\"http:\/\/www.w3.org\/2000\/svg\" xmlns:xlink=\"http:\/\/www.w3.org\/1999\/xlink\" width=\"6.185\" height=\"11.638\" viewBox=\"0 0 6.185 11.638\">\r\n                        <defs>\r\n                            <clipPath id=\"clip-path\">\r\n                                <rect id=\"Rectangle_129\" data-name=\"Rectangle 129\" width=\"11.638\" height=\"6.185\" transform=\"translate(0 0)\" fill=\"#00070a\" \/>\r\n                            <\/clipPath>\r\n                        <\/defs>\r\n                        <g id=\"Group_93\" data-name=\"Group 93\" transform=\"translate(0 11.638) rotate(-90)\">\r\n                            <g id=\"Group_43\" data-name=\"Group 43\" transform=\"translate(0 0)\" clip-path=\"url(#clip-path)\">\r\n                                <path id=\"Path_123\" data-name=\"Path 123\" d=\"M5.819,6.185a.365.365,0,0,1-.259-.107L.107.625A.366.366,0,0,1,.625.107L5.819,5.3,11.013.107a.366.366,0,0,1,.518.518L6.078,6.078a.365.365,0,0,1-.259.107\" transform=\"translate(0 0)\" fill=\"currentColor\" \/>\r\n                    <\/svg>\r\n                <\/span>\r\n            <\/div>\r\n        <\/div>\r\n    <\/div>\r\n<\/section>","protected":false},"excerpt":{"rendered":"","protected":false},"author":1,"featured_media":0,"parent":0,"menu_order":18,"comment_status":"closed","ping_status":"closed","template":"","meta":{"_acf_changed":false,"footnotes":""},"class_list":["post-3883","page","type-page","status-publish","hentry"],"acf":[],"yoast_head":"<!-- This site is optimized with the Yoast SEO plugin v27.3 - https:\/\/yoast.com\/product\/yoast-seo-wordpress\/ -->\n<title>Glasschmelztechnologie - SORG<\/title>\n<meta name=\"description\" content=\"Glasschmelztechnologie Als einziges Ofenbauunternehmen weltweit haben wir eine eigenst\u00e4ndige Forschungs- und Entwicklungsabteilung f\u00fcr Glasschmelz- und Glaskonditionierungsprozesse.\" \/>\n<meta name=\"robots\" content=\"index, follow, max-snippet:-1, max-image-preview:large, max-video-preview:-1\" \/>\n<link rel=\"canonical\" href=\"https:\/\/www.sorg.de\/de\/technologie\/\" \/>\n<meta property=\"og:locale\" content=\"de_DE\" \/>\n<meta property=\"og:type\" content=\"article\" \/>\n<meta property=\"og:title\" content=\"Glasschmelztechnologie - SORG\" \/>\n<meta property=\"og:description\" content=\"Glasschmelztechnologie Als einziges Ofenbauunternehmen weltweit haben wir eine eigenst\u00e4ndige Forschungs- und Entwicklungsabteilung f\u00fcr Glasschmelz- und Glaskonditionierungsprozesse.\" \/>\n<meta property=\"og:url\" content=\"https:\/\/www.sorg.de\/de\/technologie\/\" \/>\n<meta property=\"og:site_name\" content=\"SORG\" \/>\n<meta property=\"article:modified_time\" content=\"2023-04-05T09:34:04+00:00\" \/>\n<meta name=\"twitter:card\" content=\"summary_large_image\" \/>\n<script type=\"application\/ld+json\" class=\"yoast-schema-graph\">{\"@context\":\"https:\\\/\\\/schema.org\",\"@graph\":[{\"@type\":\"WebPage\",\"@id\":\"https:\\\/\\\/www.sorg.de\\\/de\\\/technologie\\\/\",\"url\":\"https:\\\/\\\/www.sorg.de\\\/de\\\/technologie\\\/\",\"name\":\"Glasschmelztechnologie - SORG\",\"isPartOf\":{\"@id\":\"https:\\\/\\\/www.sorg.de\\\/de\\\/#website\"},\"datePublished\":\"2021-09-14T10:15:55+00:00\",\"dateModified\":\"2023-04-05T09:34:04+00:00\",\"description\":\"Glasschmelztechnologie Als einziges Ofenbauunternehmen weltweit haben wir eine eigenst\u00e4ndige Forschungs- und Entwicklungsabteilung f\u00fcr Glasschmelz- und Glaskonditionierungsprozesse.\",\"breadcrumb\":{\"@id\":\"https:\\\/\\\/www.sorg.de\\\/de\\\/technologie\\\/#breadcrumb\"},\"inLanguage\":\"de\",\"potentialAction\":[{\"@type\":\"ReadAction\",\"target\":[\"https:\\\/\\\/www.sorg.de\\\/de\\\/technologie\\\/\"]}]},{\"@type\":\"BreadcrumbList\",\"@id\":\"https:\\\/\\\/www.sorg.de\\\/de\\\/technologie\\\/#breadcrumb\",\"itemListElement\":[{\"@type\":\"ListItem\",\"position\":1,\"name\":\"Home\",\"item\":\"https:\\\/\\\/www.sorg.de\\\/de\\\/\"},{\"@type\":\"ListItem\",\"position\":2,\"name\":\"Technologie\"}]},{\"@type\":\"WebSite\",\"@id\":\"https:\\\/\\\/www.sorg.de\\\/de\\\/#website\",\"url\":\"https:\\\/\\\/www.sorg.de\\\/de\\\/\",\"name\":\"SORG\",\"description\":\"A WORLD LEADER IN GLASS MELTING AND CONDITIONING\",\"publisher\":{\"@id\":\"https:\\\/\\\/www.sorg.de\\\/de\\\/#organization\"},\"potentialAction\":[{\"@type\":\"SearchAction\",\"target\":{\"@type\":\"EntryPoint\",\"urlTemplate\":\"https:\\\/\\\/www.sorg.de\\\/de\\\/?s={search_term_string}\"},\"query-input\":{\"@type\":\"PropertyValueSpecification\",\"valueRequired\":true,\"valueName\":\"search_term_string\"}}],\"inLanguage\":\"de\"},{\"@type\":\"Organization\",\"@id\":\"https:\\\/\\\/www.sorg.de\\\/de\\\/#organization\",\"name\":\"SORG\",\"url\":\"https:\\\/\\\/www.sorg.de\\\/de\\\/\",\"logo\":{\"@type\":\"ImageObject\",\"inLanguage\":\"de\",\"@id\":\"https:\\\/\\\/www.sorg.de\\\/de\\\/#\\\/schema\\\/logo\\\/image\\\/\",\"url\":\"https:\\\/\\\/www.sorg.de\\\/wp-content\\\/uploads\\\/2021\\\/12\\\/logo_alt.png\",\"contentUrl\":\"https:\\\/\\\/www.sorg.de\\\/wp-content\\\/uploads\\\/2021\\\/12\\\/logo_alt.png\",\"width\":250,\"height\":70,\"caption\":\"SORG\"},\"image\":{\"@id\":\"https:\\\/\\\/www.sorg.de\\\/de\\\/#\\\/schema\\\/logo\\\/image\\\/\"}}]}<\/script>\n<!-- \/ Yoast SEO plugin. -->","yoast_head_json":{"title":"Glasschmelztechnologie - SORG","description":"Glasschmelztechnologie Als einziges Ofenbauunternehmen weltweit haben wir eine eigenst\u00e4ndige Forschungs- und Entwicklungsabteilung f\u00fcr Glasschmelz- und Glaskonditionierungsprozesse.","robots":{"index":"index","follow":"follow","max-snippet":"max-snippet:-1","max-image-preview":"max-image-preview:large","max-video-preview":"max-video-preview:-1"},"canonical":"https:\/\/www.sorg.de\/de\/technologie\/","og_locale":"de_DE","og_type":"article","og_title":"Glasschmelztechnologie - SORG","og_description":"Glasschmelztechnologie Als einziges Ofenbauunternehmen weltweit haben wir eine eigenst\u00e4ndige Forschungs- und Entwicklungsabteilung f\u00fcr Glasschmelz- und Glaskonditionierungsprozesse.","og_url":"https:\/\/www.sorg.de\/de\/technologie\/","og_site_name":"SORG","article_modified_time":"2023-04-05T09:34:04+00:00","twitter_card":"summary_large_image","schema":{"@context":"https:\/\/schema.org","@graph":[{"@type":"WebPage","@id":"https:\/\/www.sorg.de\/de\/technologie\/","url":"https:\/\/www.sorg.de\/de\/technologie\/","name":"Glasschmelztechnologie - SORG","isPartOf":{"@id":"https:\/\/www.sorg.de\/de\/#website"},"datePublished":"2021-09-14T10:15:55+00:00","dateModified":"2023-04-05T09:34:04+00:00","description":"Glasschmelztechnologie Als einziges Ofenbauunternehmen weltweit haben wir eine eigenst\u00e4ndige Forschungs- und Entwicklungsabteilung f\u00fcr Glasschmelz- und Glaskonditionierungsprozesse.","breadcrumb":{"@id":"https:\/\/www.sorg.de\/de\/technologie\/#breadcrumb"},"inLanguage":"de","potentialAction":[{"@type":"ReadAction","target":["https:\/\/www.sorg.de\/de\/technologie\/"]}]},{"@type":"BreadcrumbList","@id":"https:\/\/www.sorg.de\/de\/technologie\/#breadcrumb","itemListElement":[{"@type":"ListItem","position":1,"name":"Home","item":"https:\/\/www.sorg.de\/de\/"},{"@type":"ListItem","position":2,"name":"Technologie"}]},{"@type":"WebSite","@id":"https:\/\/www.sorg.de\/de\/#website","url":"https:\/\/www.sorg.de\/de\/","name":"SORG","description":"A WORLD LEADER IN GLASS MELTING AND CONDITIONING","publisher":{"@id":"https:\/\/www.sorg.de\/de\/#organization"},"potentialAction":[{"@type":"SearchAction","target":{"@type":"EntryPoint","urlTemplate":"https:\/\/www.sorg.de\/de\/?s={search_term_string}"},"query-input":{"@type":"PropertyValueSpecification","valueRequired":true,"valueName":"search_term_string"}}],"inLanguage":"de"},{"@type":"Organization","@id":"https:\/\/www.sorg.de\/de\/#organization","name":"SORG","url":"https:\/\/www.sorg.de\/de\/","logo":{"@type":"ImageObject","inLanguage":"de","@id":"https:\/\/www.sorg.de\/de\/#\/schema\/logo\/image\/","url":"https:\/\/www.sorg.de\/wp-content\/uploads\/2021\/12\/logo_alt.png","contentUrl":"https:\/\/www.sorg.de\/wp-content\/uploads\/2021\/12\/logo_alt.png","width":250,"height":70,"caption":"SORG"},"image":{"@id":"https:\/\/www.sorg.de\/de\/#\/schema\/logo\/image\/"}}]}},"_links":{"self":[{"href":"https:\/\/www.sorg.de\/de\/wp-json\/wp\/v2\/pages\/3883","targetHints":{"allow":["GET"]}}],"collection":[{"href":"https:\/\/www.sorg.de\/de\/wp-json\/wp\/v2\/pages"}],"about":[{"href":"https:\/\/www.sorg.de\/de\/wp-json\/wp\/v2\/types\/page"}],"author":[{"embeddable":true,"href":"https:\/\/www.sorg.de\/de\/wp-json\/wp\/v2\/users\/1"}],"replies":[{"embeddable":true,"href":"https:\/\/www.sorg.de\/de\/wp-json\/wp\/v2\/comments?post=3883"}],"version-history":[{"count":25,"href":"https:\/\/www.sorg.de\/de\/wp-json\/wp\/v2\/pages\/3883\/revisions"}],"predecessor-version":[{"id":5323,"href":"https:\/\/www.sorg.de\/de\/wp-json\/wp\/v2\/pages\/3883\/revisions\/5323"}],"wp:attachment":[{"href":"https:\/\/www.sorg.de\/de\/wp-json\/wp\/v2\/media?parent=3883"}],"curies":[{"name":"wp","href":"https:\/\/api.w.org\/{rel}","templated":true}]}}