{"id":3905,"date":"2021-10-11T09:35:05","date_gmt":"2021-10-11T09:35:05","guid":{"rendered":"https:\/\/www.sorg.de\/approach\/"},"modified":"2026-03-06T12:47:32","modified_gmt":"2026-03-06T12:47:32","slug":"approach","status":"publish","type":"page","link":"https:\/\/www.sorg.de\/de\/approach\/","title":{"rendered":"Die SORG-Herangehensweise"},"content":{"rendered":"\r\n<section id=\"angled-image-info-block_2f51db2f7caad9211123a3d98e3bbfd6\" class=\"angled-image-info \" style=\"overflow-x: hidden;\">\r\n\r\n    \r\n        <div class=\"main-container-full-right \">\r\n            <div style=\"display: flex; justify-content: space-between; flex-wrap: wrap; align-items: center;\">\r\n\r\n                <div class=\"angled-image-info-text-content-left\" data-aos=\"fade-right\">\r\n                    <h5>DIE SORG-HERANGEHENSWEISE<\/h5>\r\n                    <h3>Das SORG-Versprechen<\/h3>\r\n                    <p><p>SORG ist bestrebt, das branchenweit beste Projektmanagement zu bieten. Wir sind f\u00fcr unsere sorgf\u00e4ltige Herangehensweise und unser Verst\u00e4ndnis der wirtschaftlichen, \u00f6kologischen und terminlichen Ziele unserer Kunden bekannt.<\/p>\n<p>Best\u00e4ndigkeit, Zuverl\u00e4ssigkeit, Effizienz und Qualit\u00e4t sind die Ergebnisse, die unsere Kunden erwarten, wenn sie SORG mit der Planung, Ausf\u00fchrung, Leitung, dem Design und Bau beauftragen.<\/p>\n<\/p>\r\n\r\n                                    <\/div>\r\n\r\n\r\n\r\n\r\n\r\n\r\n\r\n\r\n\r\n                <div class=\" angled-image-info-container\">\r\n\r\n                    <div data-aos=\"fade-left\" class=\" angled-image-info-image-right\">\r\n                        <img decoding=\"async\" src=\"https:\/\/www.sorg.de\/wp-content\/uploads\/2022\/02\/Approach-top.jpg\" alt=\"\" data-speed=\"1\" class=\"\">\r\n\r\n                    <\/div>\r\n                <\/div>\r\n\r\n\r\n\r\n\r\n\r\n            <\/div>\r\n        <\/div>\r\n    \r\n<\/section>\n\n\r\n<section id=\"left-heading-block_18c68107a1216f8a7bf7a0b9a151ad94\" class=\"left-heading\">\r\n\r\n\r\n    <div class=\"main-container\">\r\n        <div class=\"container-fluid\">\r\n\r\n\r\n            <div class=\"row\" data-aos=\"fade-right\">\r\n                <div class=\"col-lg-6\">\r\n                    <h5><\/h5>\r\n                <\/div>\r\n            <\/div>\r\n            <div class=\"row\" data-aos=\"fade-right\">\r\n                <div class=\"col-lg-6\">\r\n                    <h3>ZUSAMMENARBEIT MIT SORG<\/h3>\r\n                <\/div>\r\n            <\/div>\r\n\r\n            <div class=\"row  left-heading-intro-details\" data-aos=\"fade-right\">\r\n                <div class=\"col-lg-6\">\r\n                    <p>Unser Engagement beginnt fr\u00fch und dauert nicht nur bis die Anlage in Betrieb ist, sondern erstreckt sich \u00fcber die gesamte Lebensdauer einer Glasschmelzanlage.<\/p>\n                <\/div>\r\n                <div class=\"col-lg-1\">\r\n                <\/div>\r\n                <div class=\"col-lg-5\">\r\n\r\n                    \r\n                <\/div>\r\n            <\/div>\r\n        <\/div>\r\n    <\/div>\r\n\r\n\r\n<\/section>\n\n\r\n<section id=\"accordion-with-image-block_3c2dac85380dab38f4650c4a475fd34e\" class=\"accordion-with-image\">\r\n\r\n    <div class=\"main-container\">\r\n        <div class=\"container-fluid\">\r\n\r\n\r\n\r\n            <div class=\"accordion\" id=\"accordionPanelsStayOpenExample\">\r\n\r\n\r\n\r\n\r\n                                        <div class=\"accordion-item\">\r\n                            <h2 class=\"accordion-header\" id=\"panelsStayOpen-0\">\r\n\r\n                                <div class=\"accordion-button collapsed\" data-bs-toggle=\"collapse\" data-bs-target=\"#panelsStayOpen-collapse-0\" aria-expanded=\"true\" aria-controls=\"panelsStayOpen-collapse-0\">\r\n\r\n                                    <div class=\"inner-accordion-header\" data-bs-toggle=\"collapse\" data-bs-target=\"#panelsStayOpen-collapse-0\" aria-expanded=\"true\" aria-controls=\"panelsStayOpen-collapse-0\">\r\n                                        <h5 class=\"stage\">STUFE #1<\/h5>\r\n                                        <h5 class=\"title\">ANGEBOT UND VORPROJEKT<\/h5>\r\n                                    <\/div>\r\n\r\n\r\n                                <\/div>\r\n                            <\/h2>\r\n                            <div id=\"panelsStayOpen-collapse-0\" class=\"accordion-collapse collapse \" aria-labelledby=\"panelsStayOpen-0\">\r\n                                <div class=\"accordion-body\">\r\n\r\n\r\n                                    <p>Alle Projekte beginnen mit dem ersten Schritt. In unserem Fall ist dies das erste Konzept basierend auf den Kundenbed\u00fcrfnissen und -anforderungen, zusammen mit dem Designvorschlag von SORG. Der Vorschlag resultiert aus einem intensiven Informationsaustausch zwischen den Parteien. Sobald der Kunde mit dem Angebot einverstanden ist, sichert SORG die Umsetzung des Projekts und dessen Erf\u00fcllung zu. SORG liefert ein detailliertes Dokument, das die Grundlage f\u00fcr die weiteren Schritte darstellt.<\/p>\n                                    <img decoding=\"async\" class=\"accordion-image\" src=\"\/wp-content\/themes\/sorg\/img\/chart_1_german.svg\" alt=\"Chart\">\r\n                                    <img decoding=\"async\" class=\"accordion-image-mobile\" src=\"\/wp-content\/themes\/sorg\/img\/mobile_chart_1_german.svg\" alt=\"Chart\">\r\n\r\n\r\n\r\n                                <\/div>\r\n                            <\/div>\r\n                        <\/div>\r\n\r\n                                            <div class=\"accordion-item\">\r\n                            <h2 class=\"accordion-header\" id=\"panelsStayOpen-1\">\r\n\r\n                                <div class=\"accordion-button collapsed\" data-bs-toggle=\"collapse\" data-bs-target=\"#panelsStayOpen-collapse-1\" aria-expanded=\"true\" aria-controls=\"panelsStayOpen-collapse-1\">\r\n\r\n                                    <div class=\"inner-accordion-header\" data-bs-toggle=\"collapse\" data-bs-target=\"#panelsStayOpen-collapse-1\" aria-expanded=\"true\" aria-controls=\"panelsStayOpen-collapse-1\">\r\n                                        <h5 class=\"stage\">Stufe #2<\/h5>\r\n                                        <h5 class=\"title\">Planung<\/h5>\r\n                                    <\/div>\r\n\r\n\r\n                                <\/div>\r\n                            <\/h2>\r\n                            <div id=\"panelsStayOpen-collapse-1\" class=\"accordion-collapse collapse \" aria-labelledby=\"panelsStayOpen-1\">\r\n                                <div class=\"accordion-body\">\r\n\r\n\r\n                                    <p>SORG startet die Engineering-Phase basierend auf dem Auftrag und der darin enthaltenen Spezifikation. Im ersten Schritt werden die Vorprojektierung\/Planung und die Basis f\u00fcr das Detailengineering erstellt. Diese ber\u00fccksichtigen die Bed\u00fcrfnisse des Kunden, bevor das endg\u00fcltige Installationslayout, der Aufstellungsplan und die Vorprojektzeichnungen erstellt werden. Sobald der Kunde und SORG sich auf diese verst\u00e4ndigt haben, wird das Design \u201eeingefroren\u201c. Dies ist wichtig und bindend f\u00fcr alle Parteien, da sp\u00e4tere \u00c4nderungen unerwartete Auswirkungen auf Kosten, technische Leistung und vor allem den Projektzeitplan haben k\u00f6nnen. Nach diesem &#8222;Einfrieren&#8220; werden die detaillierten Projektzeichnungen und Planungen erstellt, was zu der technischen Dokumentation f\u00fchrt.<\/p>\n<p>&nbsp;<\/p>\n                                    <img decoding=\"async\" class=\"accordion-image\" src=\"\/wp-content\/themes\/sorg\/img\/chart_2_german.svg\" alt=\"Chart\">\r\n                                    <img decoding=\"async\" class=\"accordion-image-mobile\" src=\"\/wp-content\/themes\/sorg\/img\/mobile_chart_2_german.svg\" alt=\"Chart\">\r\n\r\n\r\n\r\n                                <\/div>\r\n                            <\/div>\r\n                        <\/div>\r\n\r\n                                            <div class=\"accordion-item\">\r\n                            <h2 class=\"accordion-header\" id=\"panelsStayOpen-2\">\r\n\r\n                                <div class=\"accordion-button collapsed\" data-bs-toggle=\"collapse\" data-bs-target=\"#panelsStayOpen-collapse-2\" aria-expanded=\"true\" aria-controls=\"panelsStayOpen-collapse-2\">\r\n\r\n                                    <div class=\"inner-accordion-header\" data-bs-toggle=\"collapse\" data-bs-target=\"#panelsStayOpen-collapse-2\" aria-expanded=\"true\" aria-controls=\"panelsStayOpen-collapse-2\">\r\n                                        <h5 class=\"stage\">Stufe #3<\/h5>\r\n                                        <h5 class=\"title\">Montage und Inbetriebnahme<\/h5>\r\n                                    <\/div>\r\n\r\n\r\n                                <\/div>\r\n                            <\/h2>\r\n                            <div id=\"panelsStayOpen-collapse-2\" class=\"accordion-collapse collapse \" aria-labelledby=\"panelsStayOpen-2\">\r\n                                <div class=\"accordion-body\">\r\n\r\n\r\n                                    <p>Basierend auf der Planungsphase beginnt das Team mit der Arbeit an den Lieferungen: Feuerfestmaterial, Stahl, Ausr\u00fcstung usw. Sobald die Lieferungen vollst\u00e4ndig und die Geb\u00e4ude sowie Infrastruktur bereit sind, beginnt die Montage. Es ist entscheidend, den \u201eKaltabnahmetest\u201c am Ende der Installation durchzuf\u00fchren. Ein positiver Test ist der Startschuss f\u00fcr das Aufheizen. Bis dahin m\u00fcssen alle Ausr\u00fcstungen, insbesondere die sicherheitsrelevanten, betriebsbereit sein. Es gibt keinen Weg zur\u00fcck. Die folgenden Schritte sind die \u201eHei\u00dfabnahme\u201c und die &#8222;Endabnahme&#8220;.<\/p>\n                                    <img decoding=\"async\" class=\"accordion-image\" src=\"\/wp-content\/themes\/sorg\/img\/chart_3_german.svg\" alt=\"Chart\">\r\n                                    <img decoding=\"async\" class=\"accordion-image-mobile\" src=\"\/wp-content\/themes\/sorg\/img\/mobile_chart_3_german.svg\" alt=\"Chart\">\r\n\r\n\r\n\r\n                                <\/div>\r\n                            <\/div>\r\n                        <\/div>\r\n\r\n                    \r\n                \r\n\r\n\r\n\r\n\r\n\r\n\r\n\r\n\r\n            <\/div>\r\n        <\/div>\r\n<\/section>","protected":false},"excerpt":{"rendered":"","protected":false},"author":1,"featured_media":0,"parent":0,"menu_order":9,"comment_status":"closed","ping_status":"closed","template":"","meta":{"_acf_changed":false,"footnotes":""},"class_list":["post-3905","page","type-page","status-publish","hentry"],"acf":[],"yoast_head":"<!-- This site is optimized with the Yoast SEO plugin v27.1.1 - https:\/\/yoast.com\/product\/yoast-seo-wordpress\/ -->\n<title>Die SORG-Herangehensweise - SORG<\/title>\n<meta name=\"robots\" content=\"index, follow, max-snippet:-1, max-image-preview:large, max-video-preview:-1\" \/>\n<link rel=\"canonical\" href=\"https:\/\/www.sorg.de\/de\/approach\/\" \/>\n<meta property=\"og:locale\" content=\"de_DE\" \/>\n<meta property=\"og:type\" content=\"article\" \/>\n<meta property=\"og:title\" content=\"Die SORG-Herangehensweise - SORG\" \/>\n<meta property=\"og:url\" content=\"https:\/\/www.sorg.de\/de\/approach\/\" \/>\n<meta property=\"og:site_name\" content=\"SORG\" \/>\n<meta property=\"article:modified_time\" content=\"2026-03-06T12:47:32+00:00\" \/>\n<meta name=\"twitter:card\" content=\"summary_large_image\" \/>\n<script type=\"application\/ld+json\" class=\"yoast-schema-graph\">{\"@context\":\"https:\/\/schema.org\",\"@graph\":[{\"@type\":\"WebPage\",\"@id\":\"https:\/\/www.sorg.de\/de\/approach\/\",\"url\":\"https:\/\/www.sorg.de\/de\/approach\/\",\"name\":\"Die SORG-Herangehensweise - SORG\",\"isPartOf\":{\"@id\":\"https:\/\/www.sorg.de\/de\/#website\"},\"datePublished\":\"2021-10-11T09:35:05+00:00\",\"dateModified\":\"2026-03-06T12:47:32+00:00\",\"breadcrumb\":{\"@id\":\"https:\/\/www.sorg.de\/de\/approach\/#breadcrumb\"},\"inLanguage\":\"de\",\"potentialAction\":[{\"@type\":\"ReadAction\",\"target\":[\"https:\/\/www.sorg.de\/de\/approach\/\"]}]},{\"@type\":\"BreadcrumbList\",\"@id\":\"https:\/\/www.sorg.de\/de\/approach\/#breadcrumb\",\"itemListElement\":[{\"@type\":\"ListItem\",\"position\":1,\"name\":\"Home\",\"item\":\"https:\/\/www.sorg.de\/de\/\"},{\"@type\":\"ListItem\",\"position\":2,\"name\":\"Die SORG-Herangehensweise\"}]},{\"@type\":\"WebSite\",\"@id\":\"https:\/\/www.sorg.de\/de\/#website\",\"url\":\"https:\/\/www.sorg.de\/de\/\",\"name\":\"SORG\",\"description\":\"A WORLD LEADER IN GLASS MELTING AND CONDITIONING\",\"publisher\":{\"@id\":\"https:\/\/www.sorg.de\/de\/#organization\"},\"potentialAction\":[{\"@type\":\"SearchAction\",\"target\":{\"@type\":\"EntryPoint\",\"urlTemplate\":\"https:\/\/www.sorg.de\/de\/?s={search_term_string}\"},\"query-input\":{\"@type\":\"PropertyValueSpecification\",\"valueRequired\":true,\"valueName\":\"search_term_string\"}}],\"inLanguage\":\"de\"},{\"@type\":\"Organization\",\"@id\":\"https:\/\/www.sorg.de\/de\/#organization\",\"name\":\"SORG\",\"url\":\"https:\/\/www.sorg.de\/de\/\",\"logo\":{\"@type\":\"ImageObject\",\"inLanguage\":\"de\",\"@id\":\"https:\/\/www.sorg.de\/de\/#\/schema\/logo\/image\/\",\"url\":\"https:\/\/www.sorg.de\/wp-content\/uploads\/2021\/12\/logo_alt.png\",\"contentUrl\":\"https:\/\/www.sorg.de\/wp-content\/uploads\/2021\/12\/logo_alt.png\",\"width\":250,\"height\":70,\"caption\":\"SORG\"},\"image\":{\"@id\":\"https:\/\/www.sorg.de\/de\/#\/schema\/logo\/image\/\"}}]}<\/script>\n<!-- \/ Yoast SEO plugin. -->","yoast_head_json":{"title":"Die SORG-Herangehensweise - SORG","robots":{"index":"index","follow":"follow","max-snippet":"max-snippet:-1","max-image-preview":"max-image-preview:large","max-video-preview":"max-video-preview:-1"},"canonical":"https:\/\/www.sorg.de\/de\/approach\/","og_locale":"de_DE","og_type":"article","og_title":"Die SORG-Herangehensweise - SORG","og_url":"https:\/\/www.sorg.de\/de\/approach\/","og_site_name":"SORG","article_modified_time":"2026-03-06T12:47:32+00:00","twitter_card":"summary_large_image","schema":{"@context":"https:\/\/schema.org","@graph":[{"@type":"WebPage","@id":"https:\/\/www.sorg.de\/de\/approach\/","url":"https:\/\/www.sorg.de\/de\/approach\/","name":"Die SORG-Herangehensweise - SORG","isPartOf":{"@id":"https:\/\/www.sorg.de\/de\/#website"},"datePublished":"2021-10-11T09:35:05+00:00","dateModified":"2026-03-06T12:47:32+00:00","breadcrumb":{"@id":"https:\/\/www.sorg.de\/de\/approach\/#breadcrumb"},"inLanguage":"de","potentialAction":[{"@type":"ReadAction","target":["https:\/\/www.sorg.de\/de\/approach\/"]}]},{"@type":"BreadcrumbList","@id":"https:\/\/www.sorg.de\/de\/approach\/#breadcrumb","itemListElement":[{"@type":"ListItem","position":1,"name":"Home","item":"https:\/\/www.sorg.de\/de\/"},{"@type":"ListItem","position":2,"name":"Die SORG-Herangehensweise"}]},{"@type":"WebSite","@id":"https:\/\/www.sorg.de\/de\/#website","url":"https:\/\/www.sorg.de\/de\/","name":"SORG","description":"A WORLD LEADER IN GLASS MELTING AND CONDITIONING","publisher":{"@id":"https:\/\/www.sorg.de\/de\/#organization"},"potentialAction":[{"@type":"SearchAction","target":{"@type":"EntryPoint","urlTemplate":"https:\/\/www.sorg.de\/de\/?s={search_term_string}"},"query-input":{"@type":"PropertyValueSpecification","valueRequired":true,"valueName":"search_term_string"}}],"inLanguage":"de"},{"@type":"Organization","@id":"https:\/\/www.sorg.de\/de\/#organization","name":"SORG","url":"https:\/\/www.sorg.de\/de\/","logo":{"@type":"ImageObject","inLanguage":"de","@id":"https:\/\/www.sorg.de\/de\/#\/schema\/logo\/image\/","url":"https:\/\/www.sorg.de\/wp-content\/uploads\/2021\/12\/logo_alt.png","contentUrl":"https:\/\/www.sorg.de\/wp-content\/uploads\/2021\/12\/logo_alt.png","width":250,"height":70,"caption":"SORG"},"image":{"@id":"https:\/\/www.sorg.de\/de\/#\/schema\/logo\/image\/"}}]}},"_links":{"self":[{"href":"https:\/\/www.sorg.de\/de\/wp-json\/wp\/v2\/pages\/3905","targetHints":{"allow":["GET"]}}],"collection":[{"href":"https:\/\/www.sorg.de\/de\/wp-json\/wp\/v2\/pages"}],"about":[{"href":"https:\/\/www.sorg.de\/de\/wp-json\/wp\/v2\/types\/page"}],"author":[{"embeddable":true,"href":"https:\/\/www.sorg.de\/de\/wp-json\/wp\/v2\/users\/1"}],"replies":[{"embeddable":true,"href":"https:\/\/www.sorg.de\/de\/wp-json\/wp\/v2\/comments?post=3905"}],"version-history":[{"count":11,"href":"https:\/\/www.sorg.de\/de\/wp-json\/wp\/v2\/pages\/3905\/revisions"}],"predecessor-version":[{"id":7264,"href":"https:\/\/www.sorg.de\/de\/wp-json\/wp\/v2\/pages\/3905\/revisions\/7264"}],"wp:attachment":[{"href":"https:\/\/www.sorg.de\/de\/wp-json\/wp\/v2\/media?parent=3905"}],"curies":[{"name":"wp","href":"https:\/\/api.w.org\/{rel}","templated":true}]}}