{"id":4057,"date":"2021-09-17T15:14:55","date_gmt":"2021-09-17T15:14:55","guid":{"rendered":"https:\/\/www.sorg.de\/moderne-designwerkzeuge\/"},"modified":"2023-04-04T14:27:11","modified_gmt":"2023-04-04T14:27:11","slug":"moderne-designwerkzeuge","status":"publish","type":"page","link":"https:\/\/www.sorg.de\/de\/moderne-designwerkzeuge\/","title":{"rendered":"MODERNE KONSTRUKTIONSWERKZEUGE"},"content":{"rendered":"\r\n<section id=\"image-hero-with-content-block_c6358066e7a33dc38b84d764b0d86d96\" class=\"image-hero-with-content\">\r\n\r\n    <div class=\"image-hero-with-content-image-container\" style=\" background: linear-gradient(90deg, rgba(0,0,0,0.5) 0%, rgba(255,255,255,0) 75%), url('https:\/\/www.sorg.de\/wp-content\/uploads\/2022\/02\/Modern-design-tools-header.jpg'),    no-repeat; background-position: right !important;\" data-aos=\"fade-down\">\r\n\r\n        <div class=\"main-container\">\r\n            <div class=\"container-fluid\">\r\n                <div class=\"row full-width-image-info-light-text image-hero-with-content-text\">\r\n                    <div class=\"col-lg-7  image-hero-with-content-text-container  \">\r\n                        <div class=\"image-hero-with-content-inner\">\r\n                            <h5><\/h5>\r\n                            <h1 class=\"image-hero-with-content-title\" class=\"\">MODERNE KONSTRUKTIONSWERKZEUGE<\/h1>\r\n                                                                                <\/div>\r\n                    <\/div>\r\n\r\n                    <div class=\"col-lg-5 d-none d-lg-block\">\r\n\r\n                    <\/div>\r\n                <\/div>\r\n            <\/div>\r\n        <\/div>\r\n\r\n\r\n    <\/div>\r\n\r\n\r\n\r\n    <!-- <span style=\"display: flex;\">\r\n        <img decoding=\"async\" src=\"https:\/\/www.sorg.de\/wp-content\/themes\/sorg\/img\/angled_line_left_end.svg\" alt=\"\" v>\r\n        <hr style=\"flex-grow: 1; margin: 0;\">\r\n    <\/span> -->\r\n<\/section>\n\n\r\n<section id=\"product-introblock_07ae56a03daafae65636d533fd392cd7\" class=\"product-intro\">\r\n\r\n\r\n    <div class=\"main-container\">\r\n        <div class=\"container-fluid\">\r\n\r\n\r\n            <div class=\"row\">\r\n                <div class=\"col-lg-12\" data-aos=\"fade-right\">\r\n                    <h2><\/h2>\r\n                <\/div>\r\n            <\/div>\r\n\r\n            <div class=\"row  product-intro-details\" data-aos=\"fade-right\">\r\n                <div class=\"col-lg-6\">\r\n                    <h4 class=\"product-description\">Moderne Tools erm\u00f6glichen es uns, die Anlage kollisionssicher und mit einer detaillierten St\u00fcckliste zu planen. Mit Laserscanning k\u00f6nnen wir auch die bestehende Installation im Detail pr\u00fcfen. Beides kann kombiniert werden und die Daten aus dem Laserscanning flie\u00dfen in die 3D-Konstruktion ein.<\/h4>\r\n                <\/div>\r\n                <div class=\"col-lg-1\">\r\n                <\/div>\r\n                <div class=\"col-lg-5\">\r\n\r\n                    \r\n                <\/div>\r\n            <\/div>\r\n        <\/div>\r\n    <\/div>\r\n\r\n\r\n<\/section>\n\n<section id=\"product-link-listblock_af73815fab7aa35a1b801e19df1c908f\" class=\"product-link-list\">\r\n    <div class=\"main-container\">\r\n        <div class=\"container-fluid\">\r\n            <div class=\"row\">\r\n                \r\n\r\n\r\n                        <div class=\"col-lg-4 all-news-small-container\" data-aos=\"fade-up\">\r\n                            <a href=\"  https:\/\/www.sorg.de\/de\/modern_design_tools\/laserscanning\/  \" class=\"all-news-small\" style=\"letter-spacing: unset !important;\">\r\n                                <div class=\"all-news-image-small \" style=\"background: url('  https:\/\/www.sorg.de\/wp-content\/uploads\/2021\/12\/Laser-Scanning-1024x683.jpg  ') no-repeat;\">\r\n                                <\/div>\r\n                                <div class=\"all-news-small-details product-link-list-grid-item\">\r\n                                    <div>\r\n                                        <h4 style=\"flex-grow: 1\" class=\"latest-news-title\"> LASERSCANNING<\/h4>\r\n                                        <p>Laserscanning kann alle Informationen liefern, die ben\u00f6tigt werden, wenn technische Zeichnungen und Dokumentationen nicht verf\u00fcgbar, aktuell oder genau genug sind. <\/p>\r\n                                    <\/div>\r\n\r\n                                    <span class=\"arrow-link\">\r\n                                        <p class=\"product-find-out-more\">ENTDECKEN SIE MEHR <svg style=\"margin-bottom: -2px;\" xmlns=\"http:\/\/www.w3.org\/2000\/svg\" xmlns:xlink=\"http:\/\/www.w3.org\/1999\/xlink\" width=\"6.185\" height=\"11.638\" viewBox=\"0 0 6.185 11.638\">\r\n                                                <defs>\r\n                                                    <clipPath id=\"clip-path\">\r\n                                                        <rect id=\"Rectangle_129\" data-name=\"Rectangle 129\" width=\"11.638\" height=\"6.185\" transform=\"translate(0 0)\" fill=\"#00070a\" \/>\r\n                                                    <\/clipPath>\r\n                                                <\/defs>\r\n                                                <g id=\"Group_93\" data-name=\"Group 93\" transform=\"translate(0 11.638) rotate(-90)\">\r\n                                                    <g id=\"Group_43\" data-name=\"Group 43\" transform=\"translate(0 0)\" clip-path=\"url(#clip-path)\">\r\n                                                        <path id=\"Path_123\" data-name=\"Path 123\" d=\"M5.819,6.185a.365.365,0,0,1-.259-.107L.107.625A.366.366,0,0,1,.625.107L5.819,5.3,11.013.107a.366.366,0,0,1,.518.518L6.078,6.078a.365.365,0,0,1-.259.107\" transform=\"translate(0 0)\" fill=\"currentColor\" \/>\r\n                                            <\/svg> <\/p>\r\n                                    <\/span>\r\n\r\n                                <\/div>\r\n                            <\/a>\r\n                        <\/div>\r\n\r\n                    \r\n\r\n\r\n                        <div class=\"col-lg-4 all-news-small-container\" data-aos=\"fade-up\">\r\n                            <a href=\"  https:\/\/www.sorg.de\/de\/modern_design_tools\/3d-design\/  \" class=\"all-news-small\" style=\"letter-spacing: unset !important;\">\r\n                                <div class=\"all-news-image-small \" style=\"background: url('  https:\/\/www.sorg.de\/wp-content\/uploads\/2021\/12\/3D-Modelling-1024x683.jpg  ') no-repeat;\">\r\n                                <\/div>\r\n                                <div class=\"all-news-small-details product-link-list-grid-item\">\r\n                                    <div>\r\n                                        <h4 style=\"flex-grow: 1\" class=\"latest-news-title\"> 3D Design<\/h4>\r\n                                        <p>3D-Design ist das modernste und fortschrittlichste Werkzeug im Design. Die Kollisionskontrolle ist der Hauptvorteil. Nacharbeiten vor Ort oder nachtr\u00e4gliche \u00c4nderungen geh\u00f6ren der Vergangenheit an.<\/p>\r\n                                    <\/div>\r\n\r\n                                    <span class=\"arrow-link\">\r\n                                        <p class=\"product-find-out-more\">ENTDECKEN SIE MEHR <svg style=\"margin-bottom: -2px;\" xmlns=\"http:\/\/www.w3.org\/2000\/svg\" xmlns:xlink=\"http:\/\/www.w3.org\/1999\/xlink\" width=\"6.185\" height=\"11.638\" viewBox=\"0 0 6.185 11.638\">\r\n                                                <defs>\r\n                                                    <clipPath id=\"clip-path\">\r\n                                                        <rect id=\"Rectangle_129\" data-name=\"Rectangle 129\" width=\"11.638\" height=\"6.185\" transform=\"translate(0 0)\" fill=\"#00070a\" \/>\r\n                                                    <\/clipPath>\r\n                                                <\/defs>\r\n                                                <g id=\"Group_93\" data-name=\"Group 93\" transform=\"translate(0 11.638) rotate(-90)\">\r\n                                                    <g id=\"Group_43\" data-name=\"Group 43\" transform=\"translate(0 0)\" clip-path=\"url(#clip-path)\">\r\n                                                        <path id=\"Path_123\" data-name=\"Path 123\" d=\"M5.819,6.185a.365.365,0,0,1-.259-.107L.107.625A.366.366,0,0,1,.625.107L5.819,5.3,11.013.107a.366.366,0,0,1,.518.518L6.078,6.078a.365.365,0,0,1-.259.107\" transform=\"translate(0 0)\" fill=\"currentColor\" \/>\r\n                                            <\/svg> <\/p>\r\n                                    <\/span>\r\n\r\n                                <\/div>\r\n                            <\/a>\r\n                        <\/div>\r\n\r\n                                                                    <\/div>\r\n        <\/div>\r\n    <\/div>\r\n<\/section>\r\n\n\n<section id=\"other-product-links-block_c57e2dfe351a1d964fef6fd9c45e933a\" class=\"other-product-links\" style=\"background-color:  !important;\">\r\n    <div class=\"product-links-container\">\r\n        <div class=\"main-container\">\r\n            <div class=\"container-fluid\">\r\n                <div class=\"row\">\r\n                    <div class=\"col-xl-3 col-lg-12\">\r\n                        <h4>Entdecken Sie weitere Technologien<\/h4>\r\n                    <\/div>\r\n                    <div class=\" col-xl-9 col-lg-12\">\r\n                        <div class=\"box-container\">\r\n                                                                                                <a class=\"product-box\" style=\"letter-spacing: unset !important;\" href=\"https:\/\/www.sorg.de\/melting\/\">\r\n                                        <div>\r\n                                            <h5>GLASSCHMELZE<\/h5>\r\n                                            <br>\r\n                                            <p class=\"p-small\">Basierend auf 150 Jahre Erfahrung, mehr als 100 Patente und dem Fachwsissen der kl\u00fcgsten K\u00f6pfe der Branche, wird jede SORG Glasschmelzanlage passend zu Ihren Spezifikationen entwickelt &#8211; Effizienz, Leistung und Zuverl\u00e4ssigkeit sind f\u00fcr uns dabei selbstverst\u00e4ndlich<\/p>\r\n                                            <br>\r\n                                        <\/div>\r\n                                        <div class=\"product-links-icon-container\">\r\n                                            <svg xmlns=\"http:\/\/www.w3.org\/2000\/svg\" width=\"61.311\" height=\"88.64\" viewBox=\"0 0 61.311 88.64\">\r\n                                                <path id=\"Icon_ionic-ios-flame\" data-name=\"Icon ionic-ios-flame\" d=\"M30.512,3.375C36.584,31.56,7.666,30.995,7.876,59.368c.168,23.243,24.793,31.116,30.258,31.116S66.36,85.543,68.1,59.368C69.585,37.088,50.991,15.813,30.512,3.375ZM46.07,77.648c-2.136,8.146-13.82,8.167-16,.021a14.2,14.2,0,0,1-.5-3.664c0-8.585,8.5-18.49,8.5-18.49s8.46,9.9,8.46,18.49A13.175,13.175,0,0,1,46.07,77.648Z\" transform=\"translate(-7.375 -2.344)\" fill=\"none\" stroke=\"currentColor\" stroke-width=\"1\" \/>\r\n                                            <\/svg>\r\n                                            <p class=\"product-link\">Erfahren Sie Mehr <img decoding=\"async\" src=\"\/wp-content\/themes\/sorg\/img\/right_chevron.svg\" alt=\"\"><\/p>\r\n                                        <\/div>\r\n                                    <\/a>\r\n                                                                    <a class=\"product-box\" style=\"letter-spacing: unset !important;\" href=\"https:\/\/www.sorg.de\/conditioning\/\">\r\n                                        <div>\r\n                                            <h5>GLASKONDITIONIERUNG<\/h5>\r\n                                            <br>\r\n                                            <p class=\"p-small\">Sobald das Glas die Schmelzwanne verlassen hat, sorgen unsere anschlie\u00dfenden Glaskonditionierungssysteme daf\u00fcr, die h\u00f6chste Qualit\u00e4t und Rentabilit\u00e4t aufrechtzuerhalten, und das Glas f\u00fcr die Produktion zu konditionieren. Von Verteilern und Arbeitswannen bis hin zu Vorherden, Entnahmevorbauten und Zusatzausr\u00fcstung \u2013 wir entwerfen und integrieren Systeme, die w\u00e4hrend des gesamten Prozesses nahtlos funktionieren, damit die volle Kapazit\u00e4t augesch\u00f6pft werden kann.<\/p>\r\n                                            <br>\r\n                                        <\/div>\r\n                                        <div class=\"product-links-icon-container\">\r\n                                            <svg xmlns=\"http:\/\/www.w3.org\/2000\/svg\" width=\"61.311\" height=\"88.64\" viewBox=\"0 0 61.311 88.64\">\r\n                                                <path id=\"Icon_ionic-ios-flame\" data-name=\"Icon ionic-ios-flame\" d=\"M30.512,3.375C36.584,31.56,7.666,30.995,7.876,59.368c.168,23.243,24.793,31.116,30.258,31.116S66.36,85.543,68.1,59.368C69.585,37.088,50.991,15.813,30.512,3.375ZM46.07,77.648c-2.136,8.146-13.82,8.167-16,.021a14.2,14.2,0,0,1-.5-3.664c0-8.585,8.5-18.49,8.5-18.49s8.46,9.9,8.46,18.49A13.175,13.175,0,0,1,46.07,77.648Z\" transform=\"translate(-7.375 -2.344)\" fill=\"none\" stroke=\"currentColor\" stroke-width=\"1\" \/>\r\n                                            <\/svg>\r\n                                            <p class=\"product-link\">Erfahren Sie Mehr <img decoding=\"async\" src=\"\/wp-content\/themes\/sorg\/img\/right_chevron.svg\" alt=\"\"><\/p>\r\n                                        <\/div>\r\n                                    <\/a>\r\n                                                                    <a class=\"product-box\" style=\"letter-spacing: unset !important;\" href=\"https:\/\/www.sorg.de\/de\/mathematische-modellierung\/\">\r\n                                        <div>\r\n                                            <h5>MATHEMATISCHE MODELLIERUNG<\/h5>\r\n                                            <br>\r\n                                            <p class=\"p-small\">SORG setzt mathematische Modellierung ein, um den Schmelzprozess besser zu verstehen, die Auswirkungen verschiedener Komponenten in der Glasschmelzwanne zu analysieren und pr\u00e4zise Vorhersagen \u00fcber die Einfl\u00fcsse des Wannendesigns auf die Produktqualit\u00e4t zu treffen. Mathematische Modellierung ist heute das fortschrittlichste Werkzeug, um bestehende Designs zu pr\u00fcfen, zu verbessern und neue Technologien zu entwickeln.<\/p>\r\n                                            <br>\r\n                                        <\/div>\r\n                                        <div class=\"product-links-icon-container\">\r\n                                            <svg xmlns=\"http:\/\/www.w3.org\/2000\/svg\" width=\"61.311\" height=\"88.64\" viewBox=\"0 0 61.311 88.64\">\r\n                                                <path id=\"Icon_ionic-ios-flame\" data-name=\"Icon ionic-ios-flame\" d=\"M30.512,3.375C36.584,31.56,7.666,30.995,7.876,59.368c.168,23.243,24.793,31.116,30.258,31.116S66.36,85.543,68.1,59.368C69.585,37.088,50.991,15.813,30.512,3.375ZM46.07,77.648c-2.136,8.146-13.82,8.167-16,.021a14.2,14.2,0,0,1-.5-3.664c0-8.585,8.5-18.49,8.5-18.49s8.46,9.9,8.46,18.49A13.175,13.175,0,0,1,46.07,77.648Z\" transform=\"translate(-7.375 -2.344)\" fill=\"none\" stroke=\"currentColor\" stroke-width=\"1\" \/>\r\n                                            <\/svg>\r\n                                            <p class=\"product-link\">Erfahren Sie Mehr <img decoding=\"async\" src=\"\/wp-content\/themes\/sorg\/img\/right_chevron.svg\" alt=\"\"><\/p>\r\n                                        <\/div>\r\n                                    <\/a>\r\n                                                                    <a class=\"product-box\" style=\"letter-spacing: unset !important;\" href=\"https:\/\/www.sorg.de\/digitalisation\/\">\r\n                                        <div>\r\n                                            <h5>DIGITALISIERUNG<\/h5>\r\n                                            <br>\r\n                                            <p class=\"p-small\">Die Digitalisierung des Glasschmelzprozesses bietet viele Chancen, sowohl f\u00fcr die Glashersteller, als auch f\u00fcr das Glas selbst. Von den Rohstoffen bis zum fertigen Glas entwickelt SORG Innovationen, die in vielen Anwendungen das Schmelzen von Glas kontrollierbarer machen, um f\u00fcr die Zukunft ger\u00fcstet zu sein. <\/p>\r\n                                            <br>\r\n                                        <\/div>\r\n                                        <div class=\"product-links-icon-container\">\r\n                                            <svg xmlns=\"http:\/\/www.w3.org\/2000\/svg\" width=\"61.311\" height=\"88.64\" viewBox=\"0 0 61.311 88.64\">\r\n                                                <path id=\"Icon_ionic-ios-flame\" data-name=\"Icon ionic-ios-flame\" d=\"M30.512,3.375C36.584,31.56,7.666,30.995,7.876,59.368c.168,23.243,24.793,31.116,30.258,31.116S66.36,85.543,68.1,59.368C69.585,37.088,50.991,15.813,30.512,3.375ZM46.07,77.648c-2.136,8.146-13.82,8.167-16,.021a14.2,14.2,0,0,1-.5-3.664c0-8.585,8.5-18.49,8.5-18.49s8.46,9.9,8.46,18.49A13.175,13.175,0,0,1,46.07,77.648Z\" transform=\"translate(-7.375 -2.344)\" fill=\"none\" stroke=\"currentColor\" stroke-width=\"1\" \/>\r\n                                            <\/svg>\r\n                                            <p class=\"product-link\">Erfahren Sie Mehr <img decoding=\"async\" src=\"\/wp-content\/themes\/sorg\/img\/right_chevron.svg\" alt=\"\"><\/p>\r\n                                        <\/div>\r\n                                    <\/a>\r\n                                                                                    <\/div>\r\n                    <\/div>\r\n                <\/div>\r\n            <\/div>\r\n        <\/div>\r\n    <\/div>\r\n<\/section>","protected":false},"excerpt":{"rendered":"","protected":false},"author":1,"featured_media":0,"parent":0,"menu_order":14,"comment_status":"closed","ping_status":"closed","template":"","meta":{"_acf_changed":false,"footnotes":""},"class_list":["post-4057","page","type-page","status-publish","hentry"],"acf":[],"yoast_head":"<!-- This site is optimized with the Yoast SEO plugin v27.3 - https:\/\/yoast.com\/product\/yoast-seo-wordpress\/ -->\n<title>MODERNE KONSTRUKTIONSWERKZEUGE - SORG<\/title>\n<meta name=\"description\" content=\"Moderne Tools erm\u00f6glichen es uns, die Anlage kollisionssicher und mit einer detaillierten St\u00fcckliste zu planen.\" \/>\n<meta name=\"robots\" content=\"index, follow, max-snippet:-1, max-image-preview:large, max-video-preview:-1\" \/>\n<link rel=\"canonical\" href=\"https:\/\/www.sorg.de\/de\/moderne-designwerkzeuge\/\" \/>\n<meta property=\"og:locale\" content=\"de_DE\" \/>\n<meta property=\"og:type\" content=\"article\" \/>\n<meta property=\"og:title\" content=\"MODERNE KONSTRUKTIONSWERKZEUGE - SORG\" \/>\n<meta property=\"og:description\" content=\"Moderne Tools erm\u00f6glichen es uns, die Anlage kollisionssicher und mit einer detaillierten St\u00fcckliste zu planen.\" \/>\n<meta property=\"og:url\" content=\"https:\/\/www.sorg.de\/de\/moderne-designwerkzeuge\/\" \/>\n<meta property=\"og:site_name\" content=\"SORG\" \/>\n<meta property=\"article:modified_time\" content=\"2023-04-04T14:27:11+00:00\" \/>\n<meta name=\"twitter:card\" content=\"summary_large_image\" \/>\n<script type=\"application\/ld+json\" class=\"yoast-schema-graph\">{\"@context\":\"https:\\\/\\\/schema.org\",\"@graph\":[{\"@type\":\"WebPage\",\"@id\":\"https:\\\/\\\/www.sorg.de\\\/de\\\/moderne-designwerkzeuge\\\/\",\"url\":\"https:\\\/\\\/www.sorg.de\\\/de\\\/moderne-designwerkzeuge\\\/\",\"name\":\"MODERNE KONSTRUKTIONSWERKZEUGE - SORG\",\"isPartOf\":{\"@id\":\"https:\\\/\\\/www.sorg.de\\\/de\\\/#website\"},\"datePublished\":\"2021-09-17T15:14:55+00:00\",\"dateModified\":\"2023-04-04T14:27:11+00:00\",\"description\":\"Moderne Tools erm\u00f6glichen es uns, die Anlage kollisionssicher und mit einer detaillierten St\u00fcckliste zu planen.\",\"breadcrumb\":{\"@id\":\"https:\\\/\\\/www.sorg.de\\\/de\\\/moderne-designwerkzeuge\\\/#breadcrumb\"},\"inLanguage\":\"de\",\"potentialAction\":[{\"@type\":\"ReadAction\",\"target\":[\"https:\\\/\\\/www.sorg.de\\\/de\\\/moderne-designwerkzeuge\\\/\"]}]},{\"@type\":\"BreadcrumbList\",\"@id\":\"https:\\\/\\\/www.sorg.de\\\/de\\\/moderne-designwerkzeuge\\\/#breadcrumb\",\"itemListElement\":[{\"@type\":\"ListItem\",\"position\":1,\"name\":\"Home\",\"item\":\"https:\\\/\\\/www.sorg.de\\\/de\\\/\"},{\"@type\":\"ListItem\",\"position\":2,\"name\":\"MODERNE KONSTRUKTIONSWERKZEUGE\"}]},{\"@type\":\"WebSite\",\"@id\":\"https:\\\/\\\/www.sorg.de\\\/de\\\/#website\",\"url\":\"https:\\\/\\\/www.sorg.de\\\/de\\\/\",\"name\":\"SORG\",\"description\":\"A WORLD LEADER IN GLASS MELTING AND CONDITIONING\",\"publisher\":{\"@id\":\"https:\\\/\\\/www.sorg.de\\\/de\\\/#organization\"},\"potentialAction\":[{\"@type\":\"SearchAction\",\"target\":{\"@type\":\"EntryPoint\",\"urlTemplate\":\"https:\\\/\\\/www.sorg.de\\\/de\\\/?s={search_term_string}\"},\"query-input\":{\"@type\":\"PropertyValueSpecification\",\"valueRequired\":true,\"valueName\":\"search_term_string\"}}],\"inLanguage\":\"de\"},{\"@type\":\"Organization\",\"@id\":\"https:\\\/\\\/www.sorg.de\\\/de\\\/#organization\",\"name\":\"SORG\",\"url\":\"https:\\\/\\\/www.sorg.de\\\/de\\\/\",\"logo\":{\"@type\":\"ImageObject\",\"inLanguage\":\"de\",\"@id\":\"https:\\\/\\\/www.sorg.de\\\/de\\\/#\\\/schema\\\/logo\\\/image\\\/\",\"url\":\"https:\\\/\\\/www.sorg.de\\\/wp-content\\\/uploads\\\/2021\\\/12\\\/logo_alt.png\",\"contentUrl\":\"https:\\\/\\\/www.sorg.de\\\/wp-content\\\/uploads\\\/2021\\\/12\\\/logo_alt.png\",\"width\":250,\"height\":70,\"caption\":\"SORG\"},\"image\":{\"@id\":\"https:\\\/\\\/www.sorg.de\\\/de\\\/#\\\/schema\\\/logo\\\/image\\\/\"}}]}<\/script>\n<!-- \/ Yoast SEO plugin. -->","yoast_head_json":{"title":"MODERNE KONSTRUKTIONSWERKZEUGE - SORG","description":"Moderne Tools erm\u00f6glichen es uns, die Anlage kollisionssicher und mit einer detaillierten St\u00fcckliste zu planen.","robots":{"index":"index","follow":"follow","max-snippet":"max-snippet:-1","max-image-preview":"max-image-preview:large","max-video-preview":"max-video-preview:-1"},"canonical":"https:\/\/www.sorg.de\/de\/moderne-designwerkzeuge\/","og_locale":"de_DE","og_type":"article","og_title":"MODERNE KONSTRUKTIONSWERKZEUGE - SORG","og_description":"Moderne Tools erm\u00f6glichen es uns, die Anlage kollisionssicher und mit einer detaillierten St\u00fcckliste zu planen.","og_url":"https:\/\/www.sorg.de\/de\/moderne-designwerkzeuge\/","og_site_name":"SORG","article_modified_time":"2023-04-04T14:27:11+00:00","twitter_card":"summary_large_image","schema":{"@context":"https:\/\/schema.org","@graph":[{"@type":"WebPage","@id":"https:\/\/www.sorg.de\/de\/moderne-designwerkzeuge\/","url":"https:\/\/www.sorg.de\/de\/moderne-designwerkzeuge\/","name":"MODERNE KONSTRUKTIONSWERKZEUGE - SORG","isPartOf":{"@id":"https:\/\/www.sorg.de\/de\/#website"},"datePublished":"2021-09-17T15:14:55+00:00","dateModified":"2023-04-04T14:27:11+00:00","description":"Moderne Tools erm\u00f6glichen es uns, die Anlage kollisionssicher und mit einer detaillierten St\u00fcckliste zu planen.","breadcrumb":{"@id":"https:\/\/www.sorg.de\/de\/moderne-designwerkzeuge\/#breadcrumb"},"inLanguage":"de","potentialAction":[{"@type":"ReadAction","target":["https:\/\/www.sorg.de\/de\/moderne-designwerkzeuge\/"]}]},{"@type":"BreadcrumbList","@id":"https:\/\/www.sorg.de\/de\/moderne-designwerkzeuge\/#breadcrumb","itemListElement":[{"@type":"ListItem","position":1,"name":"Home","item":"https:\/\/www.sorg.de\/de\/"},{"@type":"ListItem","position":2,"name":"MODERNE KONSTRUKTIONSWERKZEUGE"}]},{"@type":"WebSite","@id":"https:\/\/www.sorg.de\/de\/#website","url":"https:\/\/www.sorg.de\/de\/","name":"SORG","description":"A WORLD LEADER IN GLASS MELTING AND CONDITIONING","publisher":{"@id":"https:\/\/www.sorg.de\/de\/#organization"},"potentialAction":[{"@type":"SearchAction","target":{"@type":"EntryPoint","urlTemplate":"https:\/\/www.sorg.de\/de\/?s={search_term_string}"},"query-input":{"@type":"PropertyValueSpecification","valueRequired":true,"valueName":"search_term_string"}}],"inLanguage":"de"},{"@type":"Organization","@id":"https:\/\/www.sorg.de\/de\/#organization","name":"SORG","url":"https:\/\/www.sorg.de\/de\/","logo":{"@type":"ImageObject","inLanguage":"de","@id":"https:\/\/www.sorg.de\/de\/#\/schema\/logo\/image\/","url":"https:\/\/www.sorg.de\/wp-content\/uploads\/2021\/12\/logo_alt.png","contentUrl":"https:\/\/www.sorg.de\/wp-content\/uploads\/2021\/12\/logo_alt.png","width":250,"height":70,"caption":"SORG"},"image":{"@id":"https:\/\/www.sorg.de\/de\/#\/schema\/logo\/image\/"}}]}},"_links":{"self":[{"href":"https:\/\/www.sorg.de\/de\/wp-json\/wp\/v2\/pages\/4057","targetHints":{"allow":["GET"]}}],"collection":[{"href":"https:\/\/www.sorg.de\/de\/wp-json\/wp\/v2\/pages"}],"about":[{"href":"https:\/\/www.sorg.de\/de\/wp-json\/wp\/v2\/types\/page"}],"author":[{"embeddable":true,"href":"https:\/\/www.sorg.de\/de\/wp-json\/wp\/v2\/users\/1"}],"replies":[{"embeddable":true,"href":"https:\/\/www.sorg.de\/de\/wp-json\/wp\/v2\/comments?post=4057"}],"version-history":[{"count":13,"href":"https:\/\/www.sorg.de\/de\/wp-json\/wp\/v2\/pages\/4057\/revisions"}],"predecessor-version":[{"id":4308,"href":"https:\/\/www.sorg.de\/de\/wp-json\/wp\/v2\/pages\/4057\/revisions\/4308"}],"wp:attachment":[{"href":"https:\/\/www.sorg.de\/de\/wp-json\/wp\/v2\/media?parent=4057"}],"curies":[{"name":"wp","href":"https:\/\/api.w.org\/{rel}","templated":true}]}}