{"id":4185,"date":"2022-02-02T10:48:09","date_gmt":"2022-02-02T10:48:09","guid":{"rendered":"https:\/\/www.sorg.de\/agb\/"},"modified":"2024-11-06T13:04:27","modified_gmt":"2024-11-06T13:04:27","slug":"agb","status":"publish","type":"page","link":"https:\/\/www.sorg.de\/de\/agb\/","title":{"rendered":"AGB"},"content":{"rendered":"\r\n<section id=\"image-hero-with-content-block_2ab7ed35c78ebd3db73067077c7f7e2e\" class=\"image-hero-with-content\">\r\n\r\n    <div class=\"image-hero-with-content-image-container\" style=\" background: linear-gradient(90deg, rgba(0,0,0,0.5) 0%, rgba(255,255,255,0) 75%), url('https:\/\/www.sorg.de\/wp-content\/uploads\/2022\/02\/Imprint-1.jpg'),    no-repeat; background-position:  !important;\" data-aos=\"fade-down\">\r\n\r\n        <div class=\"main-container\">\r\n            <div class=\"container-fluid\">\r\n                <div class=\"row full-width-image-info-light-text image-hero-with-content-text\">\r\n                    <div class=\"col-lg-7  image-hero-with-content-text-container  \">\r\n                        <div class=\"image-hero-with-content-inner\">\r\n                            <h5><\/h5>\r\n                            <h1 class=\"image-hero-with-content-title\" class=\"\">AGB<\/h1>\r\n                                                                                <\/div>\r\n                    <\/div>\r\n\r\n                    <div class=\"col-lg-5 d-none d-lg-block\">\r\n\r\n                    <\/div>\r\n                <\/div>\r\n            <\/div>\r\n        <\/div>\r\n\r\n\r\n    <\/div>\r\n\r\n\r\n\r\n    <!-- <span style=\"display: flex;\">\r\n        <img decoding=\"async\" src=\"https:\/\/www.sorg.de\/wp-content\/themes\/sorg\/img\/angled_line_left_end.svg\" alt=\"\" v>\r\n        <hr style=\"flex-grow: 1; margin: 0;\">\r\n    <\/span> -->\r\n<\/section>\n\n\r\n<section id=\"editor-block_0ec5cccad0140217bfa096eb86604e8f\" class=\"editor \">\r\n\r\n    <div id=\"top-bar\" class=\"main-container\">\r\n        <div class=\"container-fluid\">\r\n            <div class=\"row\">\r\n                <div class=\"col-lg-12\">\r\n                    <h3 style=\"text-transform: uppercase; color: #212529 !important;\">Allgemeine Gesch\u00e4ftsbedingungen<\/h3>\n<p>&nbsp;<\/p>\n<p>Falls Sie unsere aktuellen Allgemeinen Gesch\u00e4ftsbedingungen suchen, stehen Ihnen diese als Download zur Verf\u00fcgung. Sollten Sie weitere Fragen haben, kontaktieren Sie uns bitte.<\/p>\n<p><a href=\"\/wp-content\/uploads\/2022\/02\/general_terms_and_conditions.pdf\" target=\"_blank\" rel=\"noopener noreferrer\">AGB Verkauf.pdf<\/a><br \/>\n<a href=\"\/wp-content\/uploads\/2022\/02\/general_term_and_conditions_of_purchase.pdf\" target=\"_blank\" rel=\"noopener noreferrer\">AGB Einkauf.pdf<\/a><\/p>\n                <\/div>\r\n            <\/div>\r\n        <\/div>\r\n    <\/div>\r\n\r\n<\/section>\n\n<section id=\"accordion-info-image-block_e819637575e450171b3bbacd33026ef1\" class=\"accordion-info-image\">\r\n    <div class=\"main-container\">\r\n        <div class=\"container-fluid\">\r\n            <div class=\"accordion\" id=\"accordionPanelsStayOpenExample\">\r\n                                        <div class=\"accordion-item\">\r\n                            <h2 class=\"accordion-header\" id=\"panelsStayOpen-0\">\r\n                                <div class=\"accordion-button collapsed\" data-bs-toggle=\"collapse\" data-bs-target=\"#panelsStayOpen-collapse-0\" aria-expanded=\"true\" aria-controls=\"panelsStayOpen-collapse-0\">\r\n                                    <div class=\"inner-accordion-header\" data-bs-toggle=\"collapse\" data-bs-target=\"#panelsStayOpen-collapse-0\" aria-expanded=\"true\" aria-controls=\"panelsStayOpen-collapse-0\">\r\n                                        <h5>Regelungen hinsichtlich Transportverpackungen<\/h5>\r\n                                    <\/div>\r\n                                <\/div>\r\n                            <\/h2>\r\n                            <div id=\"panelsStayOpen-collapse-0\" class=\"accordion-collapse collapse \" aria-labelledby=\"panelsStayOpen-0\">\r\n                                <div class=\"accordion-body\">\r\n                                    <div class=\"container-fluid\">\r\n                                        <div class=\"row\">\r\n                                            <div class=\"col-lg-1\"><\/div>\r\n                                            <div class=\"col-lg-3\">\r\n                                                <img decoding=\"async\" class=\"accordion-image\" src=\"\" alt=\"\">\r\n                                            <\/div>\r\n                                            <div class=\"col-lg-1\"><\/div>\r\n                                            <div class=\"col-lg-6 accordion-text\">\r\n                                                <h4><\/h4>\r\n                                                <p>Im Geltungsbereich des deutschen Verpackungsgesetzes ist der Auftraggeber berechtigt Transportverpackungen am Gesch\u00e4ftssitz des Auftragnehmers zur\u00fcckzugeben. Der Auftraggeber tr\u00e4gt die Kosten des Transportes der Transportverpackung zum Sitz des Auftragnehmers. Die R\u00fcckgabe kann ausschlie\u00dflich w\u00e4hrend der Gesch\u00e4ftszeit des Auftragnehmers erfolgen. Die zur\u00fcckzugebenden Transportverpackungen m\u00fcssen sauber, frei von Fremdstoffen und nach unterschiedlichen Verpackungsarten sortiert sein. Andernfalls ist der Auftragnehmer berechtigt, vom Auftraggeber die bei der Entsorgung entstehenden Mehrkosten zu verlangen.<\/p>\r\n                                                                                            <\/div>\r\n                                            <div class=\"col-lg-1\"><\/div>\r\n                                        <\/div>\r\n                                    <\/div>\r\n                                <\/div>\r\n                            <\/div>\r\n                        <\/div>\r\n                        <div class=\"accordion-bottom\" style=\"display: flex; \">\r\n                            <img decoding=\"async\" src=\" https:\/\/www.sorg.de\/wp-content\/themes\/sorg\/img\/angle-left.svg\" alt=\"\"> <span style=\"flex-grow: 1;      \"><\/span>\r\n                        <\/div>\r\n                                                <\/div>\r\n        <\/div>\r\n    <\/div>\r\n<\/section>\n\n\n<p class=\"has-small-font-size\"><\/p>\n","protected":false},"excerpt":{"rendered":"","protected":false},"author":1,"featured_media":0,"parent":0,"menu_order":4,"comment_status":"closed","ping_status":"closed","template":"","meta":{"_acf_changed":false,"footnotes":""},"class_list":["post-4185","page","type-page","status-publish","hentry"],"acf":[],"yoast_head":"<!-- This site is optimized with the Yoast SEO plugin v27.1.1 - https:\/\/yoast.com\/product\/yoast-seo-wordpress\/ -->\n<title>AGB - SORG<\/title>\n<meta name=\"robots\" content=\"index, follow, max-snippet:-1, max-image-preview:large, max-video-preview:-1\" \/>\n<link rel=\"canonical\" href=\"https:\/\/www.sorg.de\/de\/agb\/\" \/>\n<meta property=\"og:locale\" content=\"de_DE\" \/>\n<meta property=\"og:type\" content=\"article\" \/>\n<meta property=\"og:title\" content=\"AGB - SORG\" \/>\n<meta property=\"og:url\" content=\"https:\/\/www.sorg.de\/de\/agb\/\" \/>\n<meta property=\"og:site_name\" content=\"SORG\" \/>\n<meta property=\"article:modified_time\" content=\"2024-11-06T13:04:27+00:00\" \/>\n<meta name=\"twitter:card\" content=\"summary_large_image\" \/>\n<script type=\"application\/ld+json\" class=\"yoast-schema-graph\">{\"@context\":\"https:\/\/schema.org\",\"@graph\":[{\"@type\":\"WebPage\",\"@id\":\"https:\/\/www.sorg.de\/de\/agb\/\",\"url\":\"https:\/\/www.sorg.de\/de\/agb\/\",\"name\":\"AGB - SORG\",\"isPartOf\":{\"@id\":\"https:\/\/www.sorg.de\/de\/#website\"},\"datePublished\":\"2022-02-02T10:48:09+00:00\",\"dateModified\":\"2024-11-06T13:04:27+00:00\",\"breadcrumb\":{\"@id\":\"https:\/\/www.sorg.de\/de\/agb\/#breadcrumb\"},\"inLanguage\":\"de\",\"potentialAction\":[{\"@type\":\"ReadAction\",\"target\":[\"https:\/\/www.sorg.de\/de\/agb\/\"]}]},{\"@type\":\"BreadcrumbList\",\"@id\":\"https:\/\/www.sorg.de\/de\/agb\/#breadcrumb\",\"itemListElement\":[{\"@type\":\"ListItem\",\"position\":1,\"name\":\"Home\",\"item\":\"https:\/\/www.sorg.de\/de\/\"},{\"@type\":\"ListItem\",\"position\":2,\"name\":\"AGB\"}]},{\"@type\":\"WebSite\",\"@id\":\"https:\/\/www.sorg.de\/de\/#website\",\"url\":\"https:\/\/www.sorg.de\/de\/\",\"name\":\"SORG\",\"description\":\"A WORLD LEADER IN GLASS MELTING AND CONDITIONING\",\"publisher\":{\"@id\":\"https:\/\/www.sorg.de\/de\/#organization\"},\"potentialAction\":[{\"@type\":\"SearchAction\",\"target\":{\"@type\":\"EntryPoint\",\"urlTemplate\":\"https:\/\/www.sorg.de\/de\/?s={search_term_string}\"},\"query-input\":{\"@type\":\"PropertyValueSpecification\",\"valueRequired\":true,\"valueName\":\"search_term_string\"}}],\"inLanguage\":\"de\"},{\"@type\":\"Organization\",\"@id\":\"https:\/\/www.sorg.de\/de\/#organization\",\"name\":\"SORG\",\"url\":\"https:\/\/www.sorg.de\/de\/\",\"logo\":{\"@type\":\"ImageObject\",\"inLanguage\":\"de\",\"@id\":\"https:\/\/www.sorg.de\/de\/#\/schema\/logo\/image\/\",\"url\":\"https:\/\/www.sorg.de\/wp-content\/uploads\/2021\/12\/logo_alt.png\",\"contentUrl\":\"https:\/\/www.sorg.de\/wp-content\/uploads\/2021\/12\/logo_alt.png\",\"width\":250,\"height\":70,\"caption\":\"SORG\"},\"image\":{\"@id\":\"https:\/\/www.sorg.de\/de\/#\/schema\/logo\/image\/\"}}]}<\/script>\n<!-- \/ Yoast SEO plugin. -->","yoast_head_json":{"title":"AGB - SORG","robots":{"index":"index","follow":"follow","max-snippet":"max-snippet:-1","max-image-preview":"max-image-preview:large","max-video-preview":"max-video-preview:-1"},"canonical":"https:\/\/www.sorg.de\/de\/agb\/","og_locale":"de_DE","og_type":"article","og_title":"AGB - SORG","og_url":"https:\/\/www.sorg.de\/de\/agb\/","og_site_name":"SORG","article_modified_time":"2024-11-06T13:04:27+00:00","twitter_card":"summary_large_image","schema":{"@context":"https:\/\/schema.org","@graph":[{"@type":"WebPage","@id":"https:\/\/www.sorg.de\/de\/agb\/","url":"https:\/\/www.sorg.de\/de\/agb\/","name":"AGB - SORG","isPartOf":{"@id":"https:\/\/www.sorg.de\/de\/#website"},"datePublished":"2022-02-02T10:48:09+00:00","dateModified":"2024-11-06T13:04:27+00:00","breadcrumb":{"@id":"https:\/\/www.sorg.de\/de\/agb\/#breadcrumb"},"inLanguage":"de","potentialAction":[{"@type":"ReadAction","target":["https:\/\/www.sorg.de\/de\/agb\/"]}]},{"@type":"BreadcrumbList","@id":"https:\/\/www.sorg.de\/de\/agb\/#breadcrumb","itemListElement":[{"@type":"ListItem","position":1,"name":"Home","item":"https:\/\/www.sorg.de\/de\/"},{"@type":"ListItem","position":2,"name":"AGB"}]},{"@type":"WebSite","@id":"https:\/\/www.sorg.de\/de\/#website","url":"https:\/\/www.sorg.de\/de\/","name":"SORG","description":"A WORLD LEADER IN GLASS MELTING AND CONDITIONING","publisher":{"@id":"https:\/\/www.sorg.de\/de\/#organization"},"potentialAction":[{"@type":"SearchAction","target":{"@type":"EntryPoint","urlTemplate":"https:\/\/www.sorg.de\/de\/?s={search_term_string}"},"query-input":{"@type":"PropertyValueSpecification","valueRequired":true,"valueName":"search_term_string"}}],"inLanguage":"de"},{"@type":"Organization","@id":"https:\/\/www.sorg.de\/de\/#organization","name":"SORG","url":"https:\/\/www.sorg.de\/de\/","logo":{"@type":"ImageObject","inLanguage":"de","@id":"https:\/\/www.sorg.de\/de\/#\/schema\/logo\/image\/","url":"https:\/\/www.sorg.de\/wp-content\/uploads\/2021\/12\/logo_alt.png","contentUrl":"https:\/\/www.sorg.de\/wp-content\/uploads\/2021\/12\/logo_alt.png","width":250,"height":70,"caption":"SORG"},"image":{"@id":"https:\/\/www.sorg.de\/de\/#\/schema\/logo\/image\/"}}]}},"_links":{"self":[{"href":"https:\/\/www.sorg.de\/de\/wp-json\/wp\/v2\/pages\/4185","targetHints":{"allow":["GET"]}}],"collection":[{"href":"https:\/\/www.sorg.de\/de\/wp-json\/wp\/v2\/pages"}],"about":[{"href":"https:\/\/www.sorg.de\/de\/wp-json\/wp\/v2\/types\/page"}],"author":[{"embeddable":true,"href":"https:\/\/www.sorg.de\/de\/wp-json\/wp\/v2\/users\/1"}],"replies":[{"embeddable":true,"href":"https:\/\/www.sorg.de\/de\/wp-json\/wp\/v2\/comments?post=4185"}],"version-history":[{"count":25,"href":"https:\/\/www.sorg.de\/de\/wp-json\/wp\/v2\/pages\/4185\/revisions"}],"predecessor-version":[{"id":5330,"href":"https:\/\/www.sorg.de\/de\/wp-json\/wp\/v2\/pages\/4185\/revisions\/5330"}],"wp:attachment":[{"href":"https:\/\/www.sorg.de\/de\/wp-json\/wp\/v2\/media?parent=4185"}],"curies":[{"name":"wp","href":"https:\/\/api.w.org\/{rel}","templated":true}]}}