{"id":4986,"date":"2024-02-27T09:49:45","date_gmt":"2024-02-27T09:49:45","guid":{"rendered":"https:\/\/www.sorg.de\/?page_id=4986"},"modified":"2024-02-27T16:24:14","modified_gmt":"2024-02-27T16:24:14","slug":"linda","status":"publish","type":"page","link":"https:\/\/www.sorg.de\/de\/karriere\/ausbildung-und-duales-studium\/linda\/","title":{"rendered":"Linda"},"content":{"rendered":"\r\n<section id=\"image-hero-with-content-block_7baa9c33f877470fe76fa25239da5970\" class=\"image-hero-with-content\">\r\n\r\n    <div class=\"image-hero-with-content-image-container\" style=\" background: linear-gradient(90deg, rgba(0,0,0,0.5) 0%, rgba(255,255,255,0) 75%), url('https:\/\/www.sorg.de\/wp-content\/uploads\/2024\/02\/8-sorg-9019-WordPress-e1709051046593.jpg'),    no-repeat; background-position: center !important;\" data-aos=\"fade-down\">\r\n\r\n        <div class=\"main-container\">\r\n            <div class=\"container-fluid\">\r\n                <div class=\"row full-width-image-info-light-text image-hero-with-content-text\">\r\n                    <div class=\"col-lg-7  image-hero-with-content-text-container  \">\r\n                        <div class=\"image-hero-with-content-inner\">\r\n                            <h5><\/h5>\r\n                            <h1 class=\"image-hero-with-content-title\" class=\"\"><\/h1>\r\n                                                                                <\/div>\r\n                    <\/div>\r\n\r\n                    <div class=\"col-lg-5 d-none d-lg-block\">\r\n\r\n                    <\/div>\r\n                <\/div>\r\n            <\/div>\r\n        <\/div>\r\n\r\n\r\n    <\/div>\r\n\r\n\r\n\r\n    <!-- <span style=\"display: flex;\">\r\n        <img decoding=\"async\" src=\"https:\/\/www.sorg.de\/wp-content\/themes\/sorg\/img\/angled_line_left_end.svg\" alt=\"\" v>\r\n        <hr style=\"flex-grow: 1; margin: 0;\">\r\n    <\/span> -->\r\n<\/section>\n\n\r\n<section id=\"page-header-details block_80ea7a63ed59685a85cb8bb7f83af64e\" class=\"page-header-details\" style=\"background-color: \">\r\n\r\n\r\n    <div class=\"main-container\">\r\n        <div class=\"container-fluid\">\r\n\r\n\r\n            <div class=\"row\">\r\n\r\n                \r\n                    <div class=\"col-lg-6 first-column\" data-aos=\"fade-right\">\r\n                        <h3 class=\"\">Linda<\/h3>\r\n                    <\/div>\r\n\r\n                    <div class=\"col-lg-6 my-auto\" data-aos=\"fade-left\">\r\n\r\n                                                <p><span class=\"TextRun SCXW240143947 BCX4\" lang=\"DE-DE\" xml:lang=\"DE-DE\" data-contrast=\"none\"><span class=\"NormalTextRun SCXW240143947 BCX4\"><strong>Ausbildungsberuf:<\/strong> Industriekauffrau (m\/w\/d)\u00a0<span class=\"EOP SCXW170510838 BCX4\" data-ccp-props=\"{&quot;201341983&quot;:0,&quot;335559740&quot;:288}\"><br \/>\n<span class=\"TextRun SCXW59902259 BCX4\" lang=\"DE-DE\" xml:lang=\"DE-DE\" data-contrast=\"none\"><span class=\"NormalTextRun SCXW59902259 BCX4\"><strong>Lehrjahr:<\/strong> 2<\/span><\/span><\/span><\/span><\/span><\/p>\n                        <div class=\"button-container\">\r\n                                                    <\/div>\r\n                    <\/div>\r\n                            <\/div>\r\n\r\n        <\/div>\r\n    <\/div>\r\n\r\n\r\n<\/section>\n\n\r\n<section id=\"editor-block_7b728c42af466fbb284f01175540638d\" class=\"editor \">\r\n\r\n    <div id=\"top-bar\" class=\"main-container\">\r\n        <div class=\"container-fluid\">\r\n            <div class=\"row\">\r\n                <div class=\"col-lg-12\">\r\n                    <h4>Was macht man eigentlich so als Azubi in deinem Bereich?<\/h4>\n<p><span class=\"TextRun SCXW203937093 BCX0\" lang=\"DE-DE\" xml:lang=\"DE-DE\" data-contrast=\"auto\"><span class=\"NormalTextRun SCXW203937093 BCX0\">\u201eAls Industriekauffrau <\/span><span class=\"NormalTextRun SCXW203937093 BCX0\">bekomme ich einen guten \u00dcberblick \u00fcber alle kaufm\u00e4nnischen Abl\u00e4ufe im Unternehmen \u2013 von der Beschaffung bis hin zum Versand<\/span><span class=\"NormalTextRun SCXW203937093 BCX0\">.\u201c<\/span><\/span><span class=\"EOP SCXW203937093 BCX0\" data-ccp-props=\"{}\">\u00a0<\/span><\/p>\n<h4>Was gef\u00e4llt dir an der Ausbildung besonders gut?<\/h4>\n<p><span class=\"EOP SCXW192363136 BCX4\" data-ccp-props=\"{}\"><span class=\"TextRun SCXW240776145 BCX0\" lang=\"DE-DE\" xml:lang=\"DE-DE\" data-contrast=\"auto\"><span class=\"NormalTextRun SCXW240776145 BCX0\">\u201e<\/span><span class=\"NormalTextRun SCXW240776145 BCX0\">Meine Ausbildung ist vielseitig. Ich lerne <\/span><span class=\"NormalTextRun AdvancedProofingIssueV2Themed SCXW240776145 BCX0\">wirklich sehr<\/span><span class=\"NormalTextRun SCXW240776145 BCX0\"> viel dazu und bekomme <\/span><span class=\"NormalTextRun SCXW240776145 BCX0\">einen guten Einblick \u00fcber verschiedene T\u00e4tigkeiten im B\u00fcro. Sp\u00e4ter m\u00f6chte ich gerne im B\u00fcro arbeiten.<\/span><span class=\"NormalTextRun SCXW240776145 BCX0\">\u201c<\/span><\/span><span class=\"EOP SCXW240776145 BCX0\" data-ccp-props=\"{}\">\u00a0<\/span> <\/span><\/p>\n<h4>Was macht SORG deiner Meinung nach zu einem guten Ausbildungsbetrieb?<\/h4>\n<p><span class=\"EOP SCXW255676418 BCX4\" data-ccp-props=\"{}\"><span class=\"TextRun SCXW136524080 BCX0\" lang=\"DE-DE\" xml:lang=\"DE-DE\" data-contrast=\"auto\"><span class=\"NormalTextRun SCXW136524080 BCX0\">\u201e<\/span><span class=\"NormalTextRun SCXW136524080 BCX0\">Bei SORG interessiert ihr euch daf\u00fcr, wie es den Azubis geht<\/span><span class=\"NormalTextRun SCXW136524080 BCX0\">.<\/span><span class=\"NormalTextRun SCXW136524080 BCX0\"> Man versucht so viele Unternehmungen wie m\u00f6glich zu machen. Die Kollegen sind nett, alle sind sehr herzlich. Man f\u00fchlt sich einfach wohl und geht gerne zur Arbeit.<\/span><span class=\"NormalTextRun SCXW136524080 BCX0\">\u201c<\/span><\/span><span class=\"EOP SCXW136524080 BCX0\" data-ccp-props=\"{}\">\u00a0<\/span> <\/span><\/p>\n                <\/div>\r\n            <\/div>\r\n        <\/div>\r\n    <\/div>\r\n\r\n<\/section>\n\n\r\n    <section id=\"large-grid-links-block_8030e765dbc9bfc500f173c1b245a5b2\">\r\n        <div class=\"main-container\">\r\n            <div class=\"row\">\r\n                <div class=\"col-12 large-grid-links\">\r\n                                            <div class=\"grid-link\">\r\n                            <h2>Power of 3<\/h2>\r\n                            <h5><\/h5>\r\n                            <a href=\"https:\/\/sorggroup.armstrongstaging.com\/careers-hub\/\">Karriere<\/a>\r\n                        <\/div>\r\n                                            <div class=\"grid-link\">\r\n                            <h2>Jobs Bei SORG<\/h2>\r\n                            <h5><\/h5>\r\n                            <a href=\"\/de\/karriere\/stellenangebote\/\">ZU DEN STELLENANGEBOTEN<\/a>\r\n                        <\/div>\r\n                                            <div class=\"grid-link\">\r\n                            <h2>AUSBILDUNG &#038; DUALES STUDIUM BEI SORG <\/h2>\r\n                            <h5><\/h5>\r\n                            <a href=\"\/de\/karriere\/ausbildung-und-duales-studium\/\">MEHR<\/a>\r\n                        <\/div>\r\n                                            <div class=\"grid-link\">\r\n                            <h2>NOCH FRAGEN?<\/h2>\r\n                            <h5><\/h5>\r\n                            <a href=\"\/de\/karriere\/haeufig-gestellte-fragen\/\">ZU DEN FAQ<\/a>\r\n                        <\/div>\r\n                                    <\/div>\r\n            <\/div>\r\n        <\/div>\r\n    <\/section>\r\n\r\n","protected":false},"excerpt":{"rendered":"","protected":false},"author":1,"featured_media":0,"parent":4964,"menu_order":1,"comment_status":"closed","ping_status":"closed","template":"","meta":{"_acf_changed":false,"footnotes":""},"class_list":["post-4986","page","type-page","status-publish","hentry"],"acf":[],"yoast_head":"<!-- This site is optimized with the Yoast SEO plugin v27.3 - https:\/\/yoast.com\/product\/yoast-seo-wordpress\/ -->\n<title>Linda - SORG<\/title>\n<meta name=\"robots\" content=\"index, follow, max-snippet:-1, max-image-preview:large, max-video-preview:-1\" \/>\n<link rel=\"canonical\" href=\"https:\/\/www.sorg.de\/de\/karriere\/ausbildung-und-duales-studium\/linda\/\" \/>\n<meta property=\"og:locale\" content=\"de_DE\" \/>\n<meta property=\"og:type\" content=\"article\" \/>\n<meta property=\"og:title\" content=\"Linda - SORG\" \/>\n<meta property=\"og:url\" content=\"https:\/\/www.sorg.de\/de\/karriere\/ausbildung-und-duales-studium\/linda\/\" \/>\n<meta property=\"og:site_name\" content=\"SORG\" \/>\n<meta property=\"article:modified_time\" content=\"2024-02-27T16:24:14+00:00\" \/>\n<meta name=\"twitter:card\" content=\"summary_large_image\" \/>\n<script type=\"application\/ld+json\" class=\"yoast-schema-graph\">{\"@context\":\"https:\\\/\\\/schema.org\",\"@graph\":[{\"@type\":\"WebPage\",\"@id\":\"https:\\\/\\\/www.sorg.de\\\/de\\\/karriere\\\/ausbildung-und-duales-studium\\\/linda\\\/\",\"url\":\"https:\\\/\\\/www.sorg.de\\\/de\\\/karriere\\\/ausbildung-und-duales-studium\\\/linda\\\/\",\"name\":\"Linda - SORG\",\"isPartOf\":{\"@id\":\"https:\\\/\\\/www.sorg.de\\\/de\\\/#website\"},\"datePublished\":\"2024-02-27T09:49:45+00:00\",\"dateModified\":\"2024-02-27T16:24:14+00:00\",\"breadcrumb\":{\"@id\":\"https:\\\/\\\/www.sorg.de\\\/de\\\/karriere\\\/ausbildung-und-duales-studium\\\/linda\\\/#breadcrumb\"},\"inLanguage\":\"de\",\"potentialAction\":[{\"@type\":\"ReadAction\",\"target\":[\"https:\\\/\\\/www.sorg.de\\\/de\\\/karriere\\\/ausbildung-und-duales-studium\\\/linda\\\/\"]}]},{\"@type\":\"BreadcrumbList\",\"@id\":\"https:\\\/\\\/www.sorg.de\\\/de\\\/karriere\\\/ausbildung-und-duales-studium\\\/linda\\\/#breadcrumb\",\"itemListElement\":[{\"@type\":\"ListItem\",\"position\":1,\"name\":\"Home\",\"item\":\"https:\\\/\\\/www.sorg.de\\\/de\\\/\"},{\"@type\":\"ListItem\",\"position\":2,\"name\":\"Karriere\",\"item\":\"https:\\\/\\\/www.sorg.de\\\/de\\\/karriere\\\/\"},{\"@type\":\"ListItem\",\"position\":3,\"name\":\"Ausbildung und Duales Studium\",\"item\":\"https:\\\/\\\/www.sorg.de\\\/de\\\/karriere\\\/ausbildung-und-duales-studium\\\/\"},{\"@type\":\"ListItem\",\"position\":4,\"name\":\"Linda\"}]},{\"@type\":\"WebSite\",\"@id\":\"https:\\\/\\\/www.sorg.de\\\/de\\\/#website\",\"url\":\"https:\\\/\\\/www.sorg.de\\\/de\\\/\",\"name\":\"SORG\",\"description\":\"A WORLD LEADER IN GLASS MELTING AND CONDITIONING\",\"publisher\":{\"@id\":\"https:\\\/\\\/www.sorg.de\\\/de\\\/#organization\"},\"potentialAction\":[{\"@type\":\"SearchAction\",\"target\":{\"@type\":\"EntryPoint\",\"urlTemplate\":\"https:\\\/\\\/www.sorg.de\\\/de\\\/?s={search_term_string}\"},\"query-input\":{\"@type\":\"PropertyValueSpecification\",\"valueRequired\":true,\"valueName\":\"search_term_string\"}}],\"inLanguage\":\"de\"},{\"@type\":\"Organization\",\"@id\":\"https:\\\/\\\/www.sorg.de\\\/de\\\/#organization\",\"name\":\"SORG\",\"url\":\"https:\\\/\\\/www.sorg.de\\\/de\\\/\",\"logo\":{\"@type\":\"ImageObject\",\"inLanguage\":\"de\",\"@id\":\"https:\\\/\\\/www.sorg.de\\\/de\\\/#\\\/schema\\\/logo\\\/image\\\/\",\"url\":\"https:\\\/\\\/www.sorg.de\\\/wp-content\\\/uploads\\\/2021\\\/12\\\/logo_alt.png\",\"contentUrl\":\"https:\\\/\\\/www.sorg.de\\\/wp-content\\\/uploads\\\/2021\\\/12\\\/logo_alt.png\",\"width\":250,\"height\":70,\"caption\":\"SORG\"},\"image\":{\"@id\":\"https:\\\/\\\/www.sorg.de\\\/de\\\/#\\\/schema\\\/logo\\\/image\\\/\"}}]}<\/script>\n<!-- \/ Yoast SEO plugin. -->","yoast_head_json":{"title":"Linda - SORG","robots":{"index":"index","follow":"follow","max-snippet":"max-snippet:-1","max-image-preview":"max-image-preview:large","max-video-preview":"max-video-preview:-1"},"canonical":"https:\/\/www.sorg.de\/de\/karriere\/ausbildung-und-duales-studium\/linda\/","og_locale":"de_DE","og_type":"article","og_title":"Linda - SORG","og_url":"https:\/\/www.sorg.de\/de\/karriere\/ausbildung-und-duales-studium\/linda\/","og_site_name":"SORG","article_modified_time":"2024-02-27T16:24:14+00:00","twitter_card":"summary_large_image","schema":{"@context":"https:\/\/schema.org","@graph":[{"@type":"WebPage","@id":"https:\/\/www.sorg.de\/de\/karriere\/ausbildung-und-duales-studium\/linda\/","url":"https:\/\/www.sorg.de\/de\/karriere\/ausbildung-und-duales-studium\/linda\/","name":"Linda - SORG","isPartOf":{"@id":"https:\/\/www.sorg.de\/de\/#website"},"datePublished":"2024-02-27T09:49:45+00:00","dateModified":"2024-02-27T16:24:14+00:00","breadcrumb":{"@id":"https:\/\/www.sorg.de\/de\/karriere\/ausbildung-und-duales-studium\/linda\/#breadcrumb"},"inLanguage":"de","potentialAction":[{"@type":"ReadAction","target":["https:\/\/www.sorg.de\/de\/karriere\/ausbildung-und-duales-studium\/linda\/"]}]},{"@type":"BreadcrumbList","@id":"https:\/\/www.sorg.de\/de\/karriere\/ausbildung-und-duales-studium\/linda\/#breadcrumb","itemListElement":[{"@type":"ListItem","position":1,"name":"Home","item":"https:\/\/www.sorg.de\/de\/"},{"@type":"ListItem","position":2,"name":"Karriere","item":"https:\/\/www.sorg.de\/de\/karriere\/"},{"@type":"ListItem","position":3,"name":"Ausbildung und Duales Studium","item":"https:\/\/www.sorg.de\/de\/karriere\/ausbildung-und-duales-studium\/"},{"@type":"ListItem","position":4,"name":"Linda"}]},{"@type":"WebSite","@id":"https:\/\/www.sorg.de\/de\/#website","url":"https:\/\/www.sorg.de\/de\/","name":"SORG","description":"A WORLD LEADER IN GLASS MELTING AND CONDITIONING","publisher":{"@id":"https:\/\/www.sorg.de\/de\/#organization"},"potentialAction":[{"@type":"SearchAction","target":{"@type":"EntryPoint","urlTemplate":"https:\/\/www.sorg.de\/de\/?s={search_term_string}"},"query-input":{"@type":"PropertyValueSpecification","valueRequired":true,"valueName":"search_term_string"}}],"inLanguage":"de"},{"@type":"Organization","@id":"https:\/\/www.sorg.de\/de\/#organization","name":"SORG","url":"https:\/\/www.sorg.de\/de\/","logo":{"@type":"ImageObject","inLanguage":"de","@id":"https:\/\/www.sorg.de\/de\/#\/schema\/logo\/image\/","url":"https:\/\/www.sorg.de\/wp-content\/uploads\/2021\/12\/logo_alt.png","contentUrl":"https:\/\/www.sorg.de\/wp-content\/uploads\/2021\/12\/logo_alt.png","width":250,"height":70,"caption":"SORG"},"image":{"@id":"https:\/\/www.sorg.de\/de\/#\/schema\/logo\/image\/"}}]}},"_links":{"self":[{"href":"https:\/\/www.sorg.de\/de\/wp-json\/wp\/v2\/pages\/4986","targetHints":{"allow":["GET"]}}],"collection":[{"href":"https:\/\/www.sorg.de\/de\/wp-json\/wp\/v2\/pages"}],"about":[{"href":"https:\/\/www.sorg.de\/de\/wp-json\/wp\/v2\/types\/page"}],"author":[{"embeddable":true,"href":"https:\/\/www.sorg.de\/de\/wp-json\/wp\/v2\/users\/1"}],"replies":[{"embeddable":true,"href":"https:\/\/www.sorg.de\/de\/wp-json\/wp\/v2\/comments?post=4986"}],"version-history":[{"count":8,"href":"https:\/\/www.sorg.de\/de\/wp-json\/wp\/v2\/pages\/4986\/revisions"}],"predecessor-version":[{"id":5120,"href":"https:\/\/www.sorg.de\/de\/wp-json\/wp\/v2\/pages\/4986\/revisions\/5120"}],"up":[{"embeddable":true,"href":"https:\/\/www.sorg.de\/de\/wp-json\/wp\/v2\/pages\/4964"}],"wp:attachment":[{"href":"https:\/\/www.sorg.de\/de\/wp-json\/wp\/v2\/media?parent=4986"}],"curies":[{"name":"wp","href":"https:\/\/api.w.org\/{rel}","templated":true}]}}