{"id":6580,"date":"2025-10-02T11:43:24","date_gmt":"2025-10-02T11:43:24","guid":{"rendered":"https:\/\/www.sorg.de\/?page_id=6580"},"modified":"2025-10-02T11:47:04","modified_gmt":"2025-10-02T11:47:04","slug":"moritz","status":"publish","type":"page","link":"https:\/\/www.sorg.de\/de\/karriere\/ausbildung-und-duales-studium\/moritz\/","title":{"rendered":"Moritz"},"content":{"rendered":"\r\n<section id=\"image-hero-with-content-block_3bd453ec9a655afa29612b1d7044cd0f\" class=\"image-hero-with-content\">\r\n\r\n    <div class=\"image-hero-with-content-image-container\" style=\" background: linear-gradient(90deg, rgba(0,0,0,0.5) 0%, rgba(255,255,255,0) 75%), url('https:\/\/www.sorg.de\/wp-content\/uploads\/2025\/09\/Moritz.jpg'),    no-repeat; background-position: center !important;\" data-aos=\"fade-down\">\r\n\r\n        <div class=\"main-container\">\r\n            <div class=\"container-fluid\">\r\n                <div class=\"row full-width-image-info-light-text image-hero-with-content-text\">\r\n                    <div class=\"col-lg-7  image-hero-with-content-text-container  \">\r\n                        <div class=\"image-hero-with-content-inner\">\r\n                            <h5><\/h5>\r\n                            <h1 class=\"image-hero-with-content-title\" class=\"\"><\/h1>\r\n                                                                                <\/div>\r\n                    <\/div>\r\n\r\n                    <div class=\"col-lg-5 d-none d-lg-block\">\r\n\r\n                    <\/div>\r\n                <\/div>\r\n            <\/div>\r\n        <\/div>\r\n\r\n\r\n    <\/div>\r\n\r\n\r\n\r\n    <!-- <span style=\"display: flex;\">\r\n        <img decoding=\"async\" src=\"https:\/\/www.sorg.de\/wp-content\/themes\/sorg\/img\/angled_line_left_end.svg\" alt=\"\" v>\r\n        <hr style=\"flex-grow: 1; margin: 0;\">\r\n    <\/span> -->\r\n<\/section>\n\n\r\n<section id=\"page-header-details block_58622e822681a881f207feb226172bb0\" class=\"page-header-details\" style=\"background-color: \">\r\n\r\n\r\n    <div class=\"main-container\">\r\n        <div class=\"container-fluid\">\r\n\r\n\r\n            <div class=\"row\">\r\n\r\n                \r\n                    <div class=\"col-lg-6 first-column\" data-aos=\"fade-right\">\r\n                        <h3 class=\"\">Moritz<\/h3>\r\n                    <\/div>\r\n\r\n                    <div class=\"col-lg-6 my-auto\" data-aos=\"fade-left\">\r\n\r\n                                                <p><span class=\"TextRun SCXW240143947 BCX4\" lang=\"DE-DE\" xml:lang=\"DE-DE\" data-contrast=\"none\"><span class=\"NormalTextRun SCXW240143947 BCX4\"><strong>Ausbildungsberuf:<\/strong> <span class=\"TextRun SCXW25100474 BCX4\" lang=\"DE-DE\" xml:lang=\"DE-DE\" data-contrast=\"none\"><span class=\"NormalTextRun SCXW25100474 BCX4\">Technischer Systemplaner <\/span><\/span><span class=\"EOP SCXW25100474 BCX4\" data-ccp-props=\"{&quot;201341983&quot;:0,&quot;335559740&quot;:288}\">(m\/w\/d)\u00a0<\/span><span class=\"EOP SCXW170510838 BCX4\" data-ccp-props=\"{&quot;201341983&quot;:0,&quot;335559740&quot;:288}\"><br \/>\n<span class=\"TextRun SCXW59902259 BCX4\" lang=\"DE-DE\" xml:lang=\"DE-DE\" data-contrast=\"none\"><span class=\"NormalTextRun SCXW59902259 BCX4\"><strong>Lehrjahr:<\/strong> 2<\/span><\/span><\/span><\/span><\/span><\/p>\n                        <div class=\"button-container\">\r\n                                                    <\/div>\r\n                    <\/div>\r\n                            <\/div>\r\n\r\n        <\/div>\r\n    <\/div>\r\n\r\n\r\n<\/section>\n\n\r\n<section id=\"editor-block_7d83297fb70d2807a0a9490e732e2608\" class=\"editor \">\r\n\r\n    <div id=\"top-bar\" class=\"main-container\">\r\n        <div class=\"container-fluid\">\r\n            <div class=\"row\">\r\n                <div class=\"col-lg-12\">\r\n                    <h4>Was macht man als Azubi in deinem Bereich?<\/h4>\n<p><span class=\"TextRun SCXW161871619 BCX4\" lang=\"DE-DE\" xml:lang=\"DE-DE\" data-contrast=\"auto\"><span class=\"NormalTextRun SCXW161871619 BCX4\">\u201eAls Auszubildender technischer Systemplaner in der Fachrichtung Versorgungs- und Ausr\u00fcstungstechnik sind meine Aufgaben und Lernbereiche sehr vielf\u00e4ltig. Ich darf in speziellen CAD-Programmen zeichnen, konstruieren, und ab und an verschiedene Berechnungen durchf\u00fchren. So bekomme ich t\u00e4glich viele spannende Inhalte vermittelt<\/span><span class=\"NormalTextRun SCXW161871619 BCX4\">.<\/span><span class=\"NormalTextRun SCXW161871619 BCX4\">\u201c<\/span><\/span><\/p>\n<h4>Wie sieht ein typischer Arbeitstag bei dir aus?<\/h4>\n<p><span class=\"TextRun SCXW161871619 BCX4\" lang=\"DE-DE\" xml:lang=\"DE-DE\" data-contrast=\"auto\"><span class=\"NormalTextRun SCXW161871619 BCX4\">\u201e<\/span><\/span>Wenn ich sage, dass ich den Gro\u00dfteil des Arbeitstages am Schreibtisch vor dem PC verbringe, h\u00f6rt sich das zun\u00e4chst vielleicht nicht spannend an. Aber ich finde meine T\u00e4tigkeit ist dennoch vielseitig und es macht mir ungeheuer Spa\u00df, an verschiedenen Konstruktionen zu t\u00fcfteln, Bauteile zu konstruieren und zu zeichnen.<span class=\"TextRun SCXW161871619 BCX4\" lang=\"DE-DE\" xml:lang=\"DE-DE\" data-contrast=\"auto\"><span class=\"NormalTextRun SCXW161871619 BCX4\">\u201c<\/span><\/span><\/p>\n<h4>Gab es ein Projekt oder eine spezielle Aufgabe, wodurch du besonders gewachsen bist?<\/h4>\n<p><span class=\"TextRun SCXW161871619 BCX4\" lang=\"DE-DE\" xml:lang=\"DE-DE\" data-contrast=\"auto\"><span class=\"NormalTextRun SCXW161871619 BCX4\">\u201e<\/span><\/span>Ich w\u00fcrde sagen, dass man st\u00e4ndig etwas Neues dazu lernt und seine F\u00e4higkeiten weiter ausbaut. Besonders spannend ist es aber, wenn man gelegentlich mal mit auf die Baustellen darf und sieht, was man sonst nur aus den Zeichnungen oder 3D Modellen kennt.<span class=\"TextRun SCXW161871619 BCX4\" lang=\"DE-DE\" xml:lang=\"DE-DE\" data-contrast=\"auto\"><span class=\"NormalTextRun SCXW161871619 BCX4\">\u201c<\/span><\/span><\/p>\n<h4>Was gef\u00e4llt dir an deiner Ausbildung besonders gut?<\/h4>\n<p><span class=\"TextRun SCXW161871619 BCX4\" lang=\"DE-DE\" xml:lang=\"DE-DE\" data-contrast=\"auto\"><span class=\"NormalTextRun SCXW161871619 BCX4\">\u201e<\/span><\/span>Bevor ich meine Ausbildung bei SORG begonnen habe, war ich Student. Aber im Gegensatz zum Studium ist meine Ausbildung praxisorientiert und gibt mir das Gef\u00fchl, etwas Sinnvolles zu tun. Denn ich darf jeden Tag an verschiedenen Projekten mitarbeiten und erlerne einen vielseitigen Beruf, der Zukunft hat.<span class=\"TextRun SCXW161871619 BCX4\" lang=\"DE-DE\" xml:lang=\"DE-DE\" data-contrast=\"auto\"><span class=\"NormalTextRun SCXW161871619 BCX4\">\u201c<\/span><\/span><\/p>\n<h4>Was lernst du in der Berufsschule?<\/h4>\n<p><span class=\"TextRun SCXW161871619 BCX4\" lang=\"DE-DE\" xml:lang=\"DE-DE\" data-contrast=\"auto\"><span class=\"NormalTextRun SCXW161871619 BCX4\">\u201e<\/span><\/span>Die grundlegenden Unterrichtsf\u00e4cher sind technischer mathematischer Natur. Im ersten Berufsschuljahr lernt man zum Beispiel viel \u00fcber Kr\u00e4fte, Momente und Werkstoffe sowie \u00fcber deren Eigenschaften. Aber auch CAD-F\u00e4cher, Englisch, Gesellschafts- und Sozialkunde und Sport stehen auf dem Stundenplan.<span class=\"TextRun SCXW161871619 BCX4\" lang=\"DE-DE\" xml:lang=\"DE-DE\" data-contrast=\"auto\"><span class=\"NormalTextRun SCXW161871619 BCX4\">\u201c<\/span><\/span><\/p>\n<h4>In welchem Rhythmus besuchst du die Berufsschule?<\/h4>\n<p><span class=\"TextRun SCXW161871619 BCX4\" lang=\"DE-DE\" xml:lang=\"DE-DE\" data-contrast=\"auto\"><span class=\"NormalTextRun SCXW161871619 BCX4\">\u201e<\/span><\/span>Im ersten Ausbildungsjahr standen insgesamt 12 Schulwochen auf dem Plan. Ich besuche die Berufsschule regelm\u00e4\u00dfig f\u00fcr eine oder zwei Wochen am St\u00fcck. So kann ich mich sehr gut auf die Berufsschulphasen einstellen und auf Projektarbeiten oder Schulaufgaben und Stegreifaufgaben fokussieren.<span class=\"TextRun SCXW161871619 BCX4\" lang=\"DE-DE\" xml:lang=\"DE-DE\" data-contrast=\"auto\"><span class=\"NormalTextRun SCXW161871619 BCX4\">\u201c<\/span><\/span><\/p>\n<h4>Hast du Tipps f\u00fcr jemanden, der sich f\u00fcr diese Ausbildung interessiert?<\/h4>\n<p><span class=\"TextRun SCXW161871619 BCX4\" lang=\"DE-DE\" xml:lang=\"DE-DE\" data-contrast=\"auto\"><span class=\"NormalTextRun SCXW161871619 BCX4\">\u201e<\/span><\/span>Ich empfehle jedem, der sich f\u00fcr einen bestimmten Ausbildungsberuf interessiert, ein Praktikum zu absolvieren. So lernt man zum einen schon mal das Unternehmen und die zuk\u00fcnftigen Kollegen kennen und kann gleichzeitig einen guten Einblick in den Arbeitsalltag gewinnen.<span class=\"TextRun SCXW161871619 BCX4\" lang=\"DE-DE\" xml:lang=\"DE-DE\" data-contrast=\"auto\"><span class=\"NormalTextRun SCXW161871619 BCX4\">\u201c<\/span><\/span><\/p>\n<h4>Was macht SORG deiner Meinung nach zu einem guten Ausbildungsbetrieb?<\/h4>\n<p><span class=\"TextRun SCXW161871619 BCX4\" lang=\"DE-DE\" xml:lang=\"DE-DE\" data-contrast=\"auto\"><span class=\"NormalTextRun SCXW161871619 BCX4\">\u201e<\/span><\/span>Das Arbeitsumfeld ist famili\u00e4r und es gibt viele F\u00f6rderungsangebote, wie zum Beispiel Englischkurse und abteilungsinterne Schulungen. So bekommt man von Anfang an das n\u00f6tige Know-How und K\u00f6nnen vermittelt, um gut ins Berufsleben zu starten.<span class=\"TextRun SCXW161871619 BCX4\" lang=\"DE-DE\" xml:lang=\"DE-DE\" data-contrast=\"auto\"><span class=\"NormalTextRun SCXW161871619 BCX4\">\u201c<\/span><\/span><\/p>\n<h4>Warum hast du dich f\u00fcr eine Ausbildung bei SORG entschieden?<\/h4>\n<p><span class=\"TextRun SCXW161871619 BCX4\" lang=\"DE-DE\" xml:lang=\"DE-DE\" data-contrast=\"auto\"><span class=\"NormalTextRun SCXW161871619 BCX4\">\u201e<\/span><\/span>Da ich den Bereich, in dem das Unternehmen t\u00e4tig ist, sehr spannend finde und SORG attraktive Konditionen f\u00fcr Azubis anbietet. Dazu geh\u00f6ren: Azubiticket, Verm\u00f6genswirksame Leistungen, monatlicher Steuerfreier Sachbezug und eine betriebliche Altersvorsorge. Auch die gute Erreichbarkeit mit den \u00f6ffentlichen Verkehrsmitteln hat meine Entscheidung beeinflusst.<span class=\"TextRun SCXW161871619 BCX4\" lang=\"DE-DE\" xml:lang=\"DE-DE\" data-contrast=\"auto\"><span class=\"NormalTextRun SCXW161871619 BCX4\">\u201c<\/span><\/span><\/p>\n                <\/div>\r\n            <\/div>\r\n        <\/div>\r\n    <\/div>\r\n\r\n<\/section>\n\n\r\n    <section id=\"large-grid-links-block_78835bf64d5882fab7fda52f4b9dc717\">\r\n        <div class=\"main-container\">\r\n            <div class=\"row\">\r\n                <div class=\"col-12 large-grid-links\">\r\n                                            <div class=\"grid-link\">\r\n                            <h2>Power of 3<\/h2>\r\n                            <h5><\/h5>\r\n                            <a href=\"https:\/\/sorggroup.armstrongstaging.com\/careers-hub\/\">Karriere<\/a>\r\n                        <\/div>\r\n                                            <div class=\"grid-link\">\r\n                            <h2>Jobs Bei SORG<\/h2>\r\n                            <h5><\/h5>\r\n                            <a href=\"\/de\/karriere\/stellenangebote\/\">ZU DEN STELLENANGEBOTEN<\/a>\r\n                        <\/div>\r\n                                            <div class=\"grid-link\">\r\n                            <h2>AUSBILDUNG &#038; DUALES STUDIUM BEI SORG <\/h2>\r\n                            <h5><\/h5>\r\n                            <a href=\"\/de\/karriere\/ausbildung-und-duales-studium\/\">MEHR<\/a>\r\n                        <\/div>\r\n                                            <div class=\"grid-link\">\r\n                            <h2>NOCH FRAGEN?<\/h2>\r\n                            <h5><\/h5>\r\n                            <a href=\"\/de\/karriere\/haeufig-gestellte-fragen\/\">ZU DEN FAQ<\/a>\r\n                        <\/div>\r\n                                    <\/div>\r\n            <\/div>\r\n        <\/div>\r\n    <\/section>\r\n\r\n","protected":false},"excerpt":{"rendered":"","protected":false},"author":13,"featured_media":0,"parent":4964,"menu_order":0,"comment_status":"closed","ping_status":"closed","template":"","meta":{"_acf_changed":false,"footnotes":""},"class_list":["post-6580","page","type-page","status-publish","hentry"],"acf":[],"yoast_head":"<!-- This site is optimized with the Yoast SEO plugin v27.3 - https:\/\/yoast.com\/product\/yoast-seo-wordpress\/ -->\n<title>Moritz - SORG<\/title>\n<meta name=\"robots\" content=\"index, follow, max-snippet:-1, max-image-preview:large, max-video-preview:-1\" \/>\n<link rel=\"canonical\" href=\"https:\/\/www.sorg.de\/de\/karriere\/ausbildung-und-duales-studium\/moritz\/\" \/>\n<meta property=\"og:locale\" content=\"de_DE\" \/>\n<meta property=\"og:type\" content=\"article\" \/>\n<meta property=\"og:title\" content=\"Moritz - SORG\" \/>\n<meta property=\"og:url\" content=\"https:\/\/www.sorg.de\/de\/karriere\/ausbildung-und-duales-studium\/moritz\/\" \/>\n<meta property=\"og:site_name\" content=\"SORG\" \/>\n<meta property=\"article:modified_time\" content=\"2025-10-02T11:47:04+00:00\" \/>\n<meta name=\"twitter:card\" content=\"summary_large_image\" \/>\n<script type=\"application\/ld+json\" class=\"yoast-schema-graph\">{\"@context\":\"https:\\\/\\\/schema.org\",\"@graph\":[{\"@type\":\"WebPage\",\"@id\":\"https:\\\/\\\/www.sorg.de\\\/de\\\/karriere\\\/ausbildung-und-duales-studium\\\/moritz\\\/\",\"url\":\"https:\\\/\\\/www.sorg.de\\\/de\\\/karriere\\\/ausbildung-und-duales-studium\\\/moritz\\\/\",\"name\":\"Moritz - SORG\",\"isPartOf\":{\"@id\":\"https:\\\/\\\/www.sorg.de\\\/de\\\/#website\"},\"datePublished\":\"2025-10-02T11:43:24+00:00\",\"dateModified\":\"2025-10-02T11:47:04+00:00\",\"breadcrumb\":{\"@id\":\"https:\\\/\\\/www.sorg.de\\\/de\\\/karriere\\\/ausbildung-und-duales-studium\\\/moritz\\\/#breadcrumb\"},\"inLanguage\":\"de\",\"potentialAction\":[{\"@type\":\"ReadAction\",\"target\":[\"https:\\\/\\\/www.sorg.de\\\/de\\\/karriere\\\/ausbildung-und-duales-studium\\\/moritz\\\/\"]}]},{\"@type\":\"BreadcrumbList\",\"@id\":\"https:\\\/\\\/www.sorg.de\\\/de\\\/karriere\\\/ausbildung-und-duales-studium\\\/moritz\\\/#breadcrumb\",\"itemListElement\":[{\"@type\":\"ListItem\",\"position\":1,\"name\":\"Home\",\"item\":\"https:\\\/\\\/www.sorg.de\\\/de\\\/\"},{\"@type\":\"ListItem\",\"position\":2,\"name\":\"Karriere\",\"item\":\"https:\\\/\\\/www.sorg.de\\\/de\\\/karriere\\\/\"},{\"@type\":\"ListItem\",\"position\":3,\"name\":\"Ausbildung und Duales Studium\",\"item\":\"https:\\\/\\\/www.sorg.de\\\/de\\\/karriere\\\/ausbildung-und-duales-studium\\\/\"},{\"@type\":\"ListItem\",\"position\":4,\"name\":\"Moritz\"}]},{\"@type\":\"WebSite\",\"@id\":\"https:\\\/\\\/www.sorg.de\\\/de\\\/#website\",\"url\":\"https:\\\/\\\/www.sorg.de\\\/de\\\/\",\"name\":\"SORG\",\"description\":\"A WORLD LEADER IN GLASS MELTING AND CONDITIONING\",\"publisher\":{\"@id\":\"https:\\\/\\\/www.sorg.de\\\/de\\\/#organization\"},\"potentialAction\":[{\"@type\":\"SearchAction\",\"target\":{\"@type\":\"EntryPoint\",\"urlTemplate\":\"https:\\\/\\\/www.sorg.de\\\/de\\\/?s={search_term_string}\"},\"query-input\":{\"@type\":\"PropertyValueSpecification\",\"valueRequired\":true,\"valueName\":\"search_term_string\"}}],\"inLanguage\":\"de\"},{\"@type\":\"Organization\",\"@id\":\"https:\\\/\\\/www.sorg.de\\\/de\\\/#organization\",\"name\":\"SORG\",\"url\":\"https:\\\/\\\/www.sorg.de\\\/de\\\/\",\"logo\":{\"@type\":\"ImageObject\",\"inLanguage\":\"de\",\"@id\":\"https:\\\/\\\/www.sorg.de\\\/de\\\/#\\\/schema\\\/logo\\\/image\\\/\",\"url\":\"https:\\\/\\\/www.sorg.de\\\/wp-content\\\/uploads\\\/2021\\\/12\\\/logo_alt.png\",\"contentUrl\":\"https:\\\/\\\/www.sorg.de\\\/wp-content\\\/uploads\\\/2021\\\/12\\\/logo_alt.png\",\"width\":250,\"height\":70,\"caption\":\"SORG\"},\"image\":{\"@id\":\"https:\\\/\\\/www.sorg.de\\\/de\\\/#\\\/schema\\\/logo\\\/image\\\/\"}}]}<\/script>\n<!-- \/ Yoast SEO plugin. -->","yoast_head_json":{"title":"Moritz - SORG","robots":{"index":"index","follow":"follow","max-snippet":"max-snippet:-1","max-image-preview":"max-image-preview:large","max-video-preview":"max-video-preview:-1"},"canonical":"https:\/\/www.sorg.de\/de\/karriere\/ausbildung-und-duales-studium\/moritz\/","og_locale":"de_DE","og_type":"article","og_title":"Moritz - SORG","og_url":"https:\/\/www.sorg.de\/de\/karriere\/ausbildung-und-duales-studium\/moritz\/","og_site_name":"SORG","article_modified_time":"2025-10-02T11:47:04+00:00","twitter_card":"summary_large_image","schema":{"@context":"https:\/\/schema.org","@graph":[{"@type":"WebPage","@id":"https:\/\/www.sorg.de\/de\/karriere\/ausbildung-und-duales-studium\/moritz\/","url":"https:\/\/www.sorg.de\/de\/karriere\/ausbildung-und-duales-studium\/moritz\/","name":"Moritz - SORG","isPartOf":{"@id":"https:\/\/www.sorg.de\/de\/#website"},"datePublished":"2025-10-02T11:43:24+00:00","dateModified":"2025-10-02T11:47:04+00:00","breadcrumb":{"@id":"https:\/\/www.sorg.de\/de\/karriere\/ausbildung-und-duales-studium\/moritz\/#breadcrumb"},"inLanguage":"de","potentialAction":[{"@type":"ReadAction","target":["https:\/\/www.sorg.de\/de\/karriere\/ausbildung-und-duales-studium\/moritz\/"]}]},{"@type":"BreadcrumbList","@id":"https:\/\/www.sorg.de\/de\/karriere\/ausbildung-und-duales-studium\/moritz\/#breadcrumb","itemListElement":[{"@type":"ListItem","position":1,"name":"Home","item":"https:\/\/www.sorg.de\/de\/"},{"@type":"ListItem","position":2,"name":"Karriere","item":"https:\/\/www.sorg.de\/de\/karriere\/"},{"@type":"ListItem","position":3,"name":"Ausbildung und Duales Studium","item":"https:\/\/www.sorg.de\/de\/karriere\/ausbildung-und-duales-studium\/"},{"@type":"ListItem","position":4,"name":"Moritz"}]},{"@type":"WebSite","@id":"https:\/\/www.sorg.de\/de\/#website","url":"https:\/\/www.sorg.de\/de\/","name":"SORG","description":"A WORLD LEADER IN GLASS MELTING AND CONDITIONING","publisher":{"@id":"https:\/\/www.sorg.de\/de\/#organization"},"potentialAction":[{"@type":"SearchAction","target":{"@type":"EntryPoint","urlTemplate":"https:\/\/www.sorg.de\/de\/?s={search_term_string}"},"query-input":{"@type":"PropertyValueSpecification","valueRequired":true,"valueName":"search_term_string"}}],"inLanguage":"de"},{"@type":"Organization","@id":"https:\/\/www.sorg.de\/de\/#organization","name":"SORG","url":"https:\/\/www.sorg.de\/de\/","logo":{"@type":"ImageObject","inLanguage":"de","@id":"https:\/\/www.sorg.de\/de\/#\/schema\/logo\/image\/","url":"https:\/\/www.sorg.de\/wp-content\/uploads\/2021\/12\/logo_alt.png","contentUrl":"https:\/\/www.sorg.de\/wp-content\/uploads\/2021\/12\/logo_alt.png","width":250,"height":70,"caption":"SORG"},"image":{"@id":"https:\/\/www.sorg.de\/de\/#\/schema\/logo\/image\/"}}]}},"_links":{"self":[{"href":"https:\/\/www.sorg.de\/de\/wp-json\/wp\/v2\/pages\/6580","targetHints":{"allow":["GET"]}}],"collection":[{"href":"https:\/\/www.sorg.de\/de\/wp-json\/wp\/v2\/pages"}],"about":[{"href":"https:\/\/www.sorg.de\/de\/wp-json\/wp\/v2\/types\/page"}],"author":[{"embeddable":true,"href":"https:\/\/www.sorg.de\/de\/wp-json\/wp\/v2\/users\/13"}],"replies":[{"embeddable":true,"href":"https:\/\/www.sorg.de\/de\/wp-json\/wp\/v2\/comments?post=6580"}],"version-history":[{"count":5,"href":"https:\/\/www.sorg.de\/de\/wp-json\/wp\/v2\/pages\/6580\/revisions"}],"predecessor-version":[{"id":6765,"href":"https:\/\/www.sorg.de\/de\/wp-json\/wp\/v2\/pages\/6580\/revisions\/6765"}],"up":[{"embeddable":true,"href":"https:\/\/www.sorg.de\/de\/wp-json\/wp\/v2\/pages\/4964"}],"wp:attachment":[{"href":"https:\/\/www.sorg.de\/de\/wp-json\/wp\/v2\/media?parent=6580"}],"curies":[{"name":"wp","href":"https:\/\/api.w.org\/{rel}","templated":true}]}}