{"id":6598,"date":"2025-10-02T11:14:34","date_gmt":"2025-10-02T11:14:34","guid":{"rendered":"https:\/\/www.sorg.de\/?page_id=6598"},"modified":"2025-10-02T12:01:10","modified_gmt":"2025-10-02T12:01:10","slug":"lara","status":"publish","type":"page","link":"https:\/\/www.sorg.de\/de\/karriere\/ausbildung-und-duales-studium\/lara\/","title":{"rendered":"Lara"},"content":{"rendered":"\r\n<section id=\"image-hero-with-content-block_611c0a4f3382e13156de16dcd64721f7\" class=\"image-hero-with-content\">\r\n\r\n    <div class=\"image-hero-with-content-image-container\" style=\" background: linear-gradient(90deg, rgba(0,0,0,0.5) 0%, rgba(255,255,255,0) 75%), url('https:\/\/www.sorg.de\/wp-content\/uploads\/2025\/09\/Lara_seitlich-e1757500979110.jpg'),    no-repeat; background-position: center !important;\" data-aos=\"fade-down\">\r\n\r\n        <div class=\"main-container\">\r\n            <div class=\"container-fluid\">\r\n                <div class=\"row full-width-image-info-light-text image-hero-with-content-text\">\r\n                    <div class=\"col-lg-7  image-hero-with-content-text-container  \">\r\n                        <div class=\"image-hero-with-content-inner\">\r\n                            <h5><\/h5>\r\n                            <h1 class=\"image-hero-with-content-title\" class=\"\"><\/h1>\r\n                                                                                <\/div>\r\n                    <\/div>\r\n\r\n                    <div class=\"col-lg-5 d-none d-lg-block\">\r\n\r\n                    <\/div>\r\n                <\/div>\r\n            <\/div>\r\n        <\/div>\r\n\r\n\r\n    <\/div>\r\n\r\n\r\n\r\n    <!-- <span style=\"display: flex;\">\r\n        <img decoding=\"async\" src=\"https:\/\/www.sorg.de\/wp-content\/themes\/sorg\/img\/angled_line_left_end.svg\" alt=\"\" v>\r\n        <hr style=\"flex-grow: 1; margin: 0;\">\r\n    <\/span> -->\r\n<\/section>\n\n\r\n<section id=\"page-header-details block_bc01bccc8a8f14f9581b76891c85ebdb\" class=\"page-header-details\" style=\"background-color: \">\r\n\r\n\r\n    <div class=\"main-container\">\r\n        <div class=\"container-fluid\">\r\n\r\n\r\n            <div class=\"row\">\r\n\r\n                \r\n                    <div class=\"col-lg-6 first-column\" data-aos=\"fade-right\">\r\n                        <h3 class=\"\">Lara<\/h3>\r\n                    <\/div>\r\n\r\n                    <div class=\"col-lg-6 my-auto\" data-aos=\"fade-left\">\r\n\r\n                                                <p><span class=\"TextRun SCXW240143947 BCX4\" lang=\"DE-DE\" xml:lang=\"DE-DE\" data-contrast=\"none\"><span class=\"NormalTextRun SCXW240143947 BCX4\"><strong>Ausbildungsberuf:<\/strong> <span class=\"TextRun SCXW25100474 BCX4\" lang=\"DE-DE\" xml:lang=\"DE-DE\" data-contrast=\"none\"><span class=\"NormalTextRun SCXW25100474 BCX4\">Industriekauffrau <\/span><\/span><span class=\"EOP SCXW25100474 BCX4\" data-ccp-props=\"{&quot;201341983&quot;:0,&quot;335559740&quot;:288}\">(m\/w\/d)\u00a0<\/span><span class=\"EOP SCXW170510838 BCX4\" data-ccp-props=\"{&quot;201341983&quot;:0,&quot;335559740&quot;:288}\"><br \/>\n<span class=\"TextRun SCXW59902259 BCX4\" lang=\"DE-DE\" xml:lang=\"DE-DE\" data-contrast=\"none\"><span class=\"NormalTextRun SCXW59902259 BCX4\"><strong>Lehrjahr:<\/strong> 2<\/span><\/span><\/span><\/span><\/span><\/p>\n                        <div class=\"button-container\">\r\n                                                    <\/div>\r\n                    <\/div>\r\n                            <\/div>\r\n\r\n        <\/div>\r\n    <\/div>\r\n\r\n\r\n<\/section>\n\n\r\n<section id=\"editor-block_cc8dbe24bd496546ea68eab0843edbdf\" class=\"editor \">\r\n\r\n    <div id=\"top-bar\" class=\"main-container\">\r\n        <div class=\"container-fluid\">\r\n            <div class=\"row\">\r\n                <div class=\"col-lg-12\">\r\n                    <h4>Was macht man als Azubi in deinem Bereich?<\/h4>\n<p><span class=\"TextRun SCXW161871619 BCX4\" lang=\"DE-DE\" xml:lang=\"DE-DE\" data-contrast=\"auto\"><span class=\"NormalTextRun SCXW161871619 BCX4\">\u201eMeine Aufgaben sind sehr vielf\u00e4ltig und abwechslungsreich. In meiner Ausbildung durchlaufe ich verschiedene Bereiche \u2013 von der Beschaffung bis hin zum Versand. Dabei lerne ich die einzelnen Arbeitsschritte kennen und erhalte so einen guten Gesamt\u00fcberblick.<\/span><span class=\"NormalTextRun SCXW161871619 BCX4\">\u201c<\/span><\/span><\/p>\n<h4>Was gef\u00e4llt dir an deiner Ausbildung besonders gut?<\/h4>\n<p><span class=\"TextRun SCXW161871619 BCX4\" lang=\"DE-DE\" xml:lang=\"DE-DE\" data-contrast=\"auto\"><span class=\"NormalTextRun SCXW161871619 BCX4\">\u201e<\/span><\/span>Besonders gut gef\u00e4llt mir die Vielseitigkeit. Ich erhalte Einblicke in unterschiedliche Abteilungen und kann so verschiedene Arbeitsweisen kennenlernen. Au\u00dferdem herrscht ein sehr gutes Arbeitsklima, da man sich schnell ins Team integriert f\u00fchlt.<span class=\"TextRun SCXW161871619 BCX4\" lang=\"DE-DE\" xml:lang=\"DE-DE\" data-contrast=\"auto\"><span class=\"NormalTextRun SCXW161871619 BCX4\">\u201c<\/span><\/span><\/p>\n<h4>Was lernst du in der Berufsschule?<\/h4>\n<p><span class=\"TextRun SCXW161871619 BCX4\" lang=\"DE-DE\" xml:lang=\"DE-DE\" data-contrast=\"auto\"><span class=\"NormalTextRun SCXW161871619 BCX4\">\u201e<\/span><\/span>In der Berufsschule habe ich verschiedene F\u00e4cher. Dazu geh\u00f6ren kaufm\u00e4nnische Steuerung, Projektarbeiten, Lernf\u00e4cher, aber auch allgemeine F\u00e4cher wie Deutsch und Englisch.<span class=\"TextRun SCXW161871619 BCX4\" lang=\"DE-DE\" xml:lang=\"DE-DE\" data-contrast=\"auto\"><span class=\"NormalTextRun SCXW161871619 BCX4\">\u201c<\/span><\/span><\/p>\n<h4>In welchem Rhythmus besuchst du die Berufsschule?<\/h4>\n<p><span class=\"TextRun SCXW161871619 BCX4\" lang=\"DE-DE\" xml:lang=\"DE-DE\" data-contrast=\"auto\"><span class=\"NormalTextRun SCXW161871619 BCX4\">\u201e<\/span><\/span>Die Berufsschule findet einmal pro Woche statt. Zus\u00e4tzlich kommt alle zwei Wochen noch ein weiterer Schultag hinzu. Die Schule l\u00e4sst sich gut mit der Arbeit verbinden, da ich w\u00e4hrend meiner Arbeitszeit auch die M\u00f6glichkeit bekomme, f\u00fcr die Berufsschule zu lernen.<span class=\"TextRun SCXW161871619 BCX4\" lang=\"DE-DE\" xml:lang=\"DE-DE\" data-contrast=\"auto\"><span class=\"NormalTextRun SCXW161871619 BCX4\">\u201c<\/span><\/span><\/p>\n<h4>Hast du Tipps f\u00fcr jemanden, der sich f\u00fcr diese Ausbildung interessiert?<\/h4>\n<p><span class=\"TextRun SCXW161871619 BCX4\" lang=\"DE-DE\" xml:lang=\"DE-DE\" data-contrast=\"auto\"><span class=\"NormalTextRun SCXW161871619 BCX4\">\u201e<\/span><\/span>Es ist es hilfreich, offen und kommunikativ zu sein. Das ist von Vorteil, wenn man zum Beispiel mit Lieferanten im Austausch steht oder in eine neue Abteilung wechselt und neue Kolleginnen und Kollegen kennenlernt.<span class=\"TextRun SCXW161871619 BCX4\" lang=\"DE-DE\" xml:lang=\"DE-DE\" data-contrast=\"auto\"><span class=\"NormalTextRun SCXW161871619 BCX4\">\u201c<\/span><\/span><\/p>\n<h4>Was macht SORG deiner Meinung nach zu einem guten Ausbildungsbetrieb?<\/h4>\n<p><span class=\"TextRun SCXW161871619 BCX4\" lang=\"DE-DE\" xml:lang=\"DE-DE\" data-contrast=\"auto\"><span class=\"NormalTextRun SCXW161871619 BCX4\">\u201e<\/span><\/span>Man wird in seiner Ausbildung sehr gut betreut. In den Abteilungen wird man freundlich aufgenommen und erh\u00e4lt abwechslungsreiche Aufgaben. Zudem gibt es neben der Arbeit zus\u00e4tzliche Angebote, wie zum Beispiel die Azubiakademie, welche erg\u00e4nzend zur Berufsschule professionellen Betriebsunterricht bietet. Dabei gehen die Unterrichtsthemen \u00fcber die Themen der Berufsschule hinaus.<span class=\"TextRun SCXW161871619 BCX4\" lang=\"DE-DE\" xml:lang=\"DE-DE\" data-contrast=\"auto\"><span class=\"NormalTextRun SCXW161871619 BCX4\">\u201c<\/span><\/span><\/p>\n<h4>Warum hast du dich f\u00fcr eine Ausbildung bei SORG entschieden?<\/h4>\n<p><span class=\"TextRun SCXW161871619 BCX4\" lang=\"DE-DE\" xml:lang=\"DE-DE\" data-contrast=\"auto\"><span class=\"NormalTextRun SCXW161871619 BCX4\">\u201e<\/span><\/span>Weil mir die abwechslungsreichen Aufgaben und die M\u00f6glichkeiten, die verschiedenen Bereiche kennenzulernen, wichtig sind. Au\u00dferdem habe ich schon vor meiner Ausbildung von dem guten Arbeitsklima geh\u00f6rt, das ich auch direkt nach meinem Vorstellungsgespr\u00e4ch best\u00e4tigen konnte.<span class=\"TextRun SCXW161871619 BCX4\" lang=\"DE-DE\" xml:lang=\"DE-DE\" data-contrast=\"auto\"><span class=\"NormalTextRun SCXW161871619 BCX4\">\u201c<\/span><\/span><\/p>\n                <\/div>\r\n            <\/div>\r\n        <\/div>\r\n    <\/div>\r\n\r\n<\/section>\n\n\r\n    <section id=\"large-grid-links-block_e4b348c66d3aa4c0eb1cbef3778f4c73\">\r\n        <div class=\"main-container\">\r\n            <div class=\"row\">\r\n                <div class=\"col-12 large-grid-links\">\r\n                                            <div class=\"grid-link\">\r\n                            <h2>Power of 3<\/h2>\r\n                            <h5><\/h5>\r\n                            <a href=\"https:\/\/sorggroup.armstrongstaging.com\/careers-hub\/\">Karriere<\/a>\r\n                        <\/div>\r\n                                            <div class=\"grid-link\">\r\n                            <h2>Jobs Bei SORG<\/h2>\r\n                            <h5><\/h5>\r\n                            <a href=\"\/de\/karriere\/stellenangebote\/\">ZU DEN STELLENANGEBOTEN<\/a>\r\n                        <\/div>\r\n                                            <div class=\"grid-link\">\r\n                            <h2>AUSBILDUNG &#038; DUALES STUDIUM BEI SORG <\/h2>\r\n                            <h5><\/h5>\r\n                            <a href=\"\/de\/karriere\/ausbildung-und-duales-studium\/\">MEHR<\/a>\r\n                        <\/div>\r\n                                            <div class=\"grid-link\">\r\n                            <h2>NOCH FRAGEN?<\/h2>\r\n                            <h5><\/h5>\r\n                            <a href=\"\/de\/karriere\/haeufig-gestellte-fragen\/\">ZU DEN FAQ<\/a>\r\n                        <\/div>\r\n                                    <\/div>\r\n            <\/div>\r\n        <\/div>\r\n    <\/section>\r\n\r\n","protected":false},"excerpt":{"rendered":"","protected":false},"author":13,"featured_media":0,"parent":4964,"menu_order":0,"comment_status":"closed","ping_status":"closed","template":"","meta":{"_acf_changed":false,"footnotes":""},"class_list":["post-6598","page","type-page","status-publish","hentry"],"acf":[],"yoast_head":"<!-- This site is optimized with the Yoast SEO plugin v27.3 - https:\/\/yoast.com\/product\/yoast-seo-wordpress\/ -->\n<title>Lara - SORG<\/title>\n<meta name=\"robots\" content=\"index, follow, max-snippet:-1, max-image-preview:large, max-video-preview:-1\" \/>\n<link rel=\"canonical\" href=\"https:\/\/www.sorg.de\/de\/karriere\/ausbildung-und-duales-studium\/lara\/\" \/>\n<meta property=\"og:locale\" content=\"de_DE\" \/>\n<meta property=\"og:type\" content=\"article\" \/>\n<meta property=\"og:title\" content=\"Lara - SORG\" \/>\n<meta property=\"og:url\" content=\"https:\/\/www.sorg.de\/de\/karriere\/ausbildung-und-duales-studium\/lara\/\" \/>\n<meta property=\"og:site_name\" content=\"SORG\" \/>\n<meta property=\"article:modified_time\" content=\"2025-10-02T12:01:10+00:00\" \/>\n<meta name=\"twitter:card\" content=\"summary_large_image\" \/>\n<script type=\"application\/ld+json\" class=\"yoast-schema-graph\">{\"@context\":\"https:\\\/\\\/schema.org\",\"@graph\":[{\"@type\":\"WebPage\",\"@id\":\"https:\\\/\\\/www.sorg.de\\\/de\\\/karriere\\\/ausbildung-und-duales-studium\\\/lara\\\/\",\"url\":\"https:\\\/\\\/www.sorg.de\\\/de\\\/karriere\\\/ausbildung-und-duales-studium\\\/lara\\\/\",\"name\":\"Lara - SORG\",\"isPartOf\":{\"@id\":\"https:\\\/\\\/www.sorg.de\\\/de\\\/#website\"},\"datePublished\":\"2025-10-02T11:14:34+00:00\",\"dateModified\":\"2025-10-02T12:01:10+00:00\",\"breadcrumb\":{\"@id\":\"https:\\\/\\\/www.sorg.de\\\/de\\\/karriere\\\/ausbildung-und-duales-studium\\\/lara\\\/#breadcrumb\"},\"inLanguage\":\"de\",\"potentialAction\":[{\"@type\":\"ReadAction\",\"target\":[\"https:\\\/\\\/www.sorg.de\\\/de\\\/karriere\\\/ausbildung-und-duales-studium\\\/lara\\\/\"]}]},{\"@type\":\"BreadcrumbList\",\"@id\":\"https:\\\/\\\/www.sorg.de\\\/de\\\/karriere\\\/ausbildung-und-duales-studium\\\/lara\\\/#breadcrumb\",\"itemListElement\":[{\"@type\":\"ListItem\",\"position\":1,\"name\":\"Home\",\"item\":\"https:\\\/\\\/www.sorg.de\\\/de\\\/\"},{\"@type\":\"ListItem\",\"position\":2,\"name\":\"Karriere\",\"item\":\"https:\\\/\\\/www.sorg.de\\\/de\\\/karriere\\\/\"},{\"@type\":\"ListItem\",\"position\":3,\"name\":\"Ausbildung und Duales Studium\",\"item\":\"https:\\\/\\\/www.sorg.de\\\/de\\\/karriere\\\/ausbildung-und-duales-studium\\\/\"},{\"@type\":\"ListItem\",\"position\":4,\"name\":\"Lara\"}]},{\"@type\":\"WebSite\",\"@id\":\"https:\\\/\\\/www.sorg.de\\\/de\\\/#website\",\"url\":\"https:\\\/\\\/www.sorg.de\\\/de\\\/\",\"name\":\"SORG\",\"description\":\"A WORLD LEADER IN GLASS MELTING AND CONDITIONING\",\"publisher\":{\"@id\":\"https:\\\/\\\/www.sorg.de\\\/de\\\/#organization\"},\"potentialAction\":[{\"@type\":\"SearchAction\",\"target\":{\"@type\":\"EntryPoint\",\"urlTemplate\":\"https:\\\/\\\/www.sorg.de\\\/de\\\/?s={search_term_string}\"},\"query-input\":{\"@type\":\"PropertyValueSpecification\",\"valueRequired\":true,\"valueName\":\"search_term_string\"}}],\"inLanguage\":\"de\"},{\"@type\":\"Organization\",\"@id\":\"https:\\\/\\\/www.sorg.de\\\/de\\\/#organization\",\"name\":\"SORG\",\"url\":\"https:\\\/\\\/www.sorg.de\\\/de\\\/\",\"logo\":{\"@type\":\"ImageObject\",\"inLanguage\":\"de\",\"@id\":\"https:\\\/\\\/www.sorg.de\\\/de\\\/#\\\/schema\\\/logo\\\/image\\\/\",\"url\":\"https:\\\/\\\/www.sorg.de\\\/wp-content\\\/uploads\\\/2021\\\/12\\\/logo_alt.png\",\"contentUrl\":\"https:\\\/\\\/www.sorg.de\\\/wp-content\\\/uploads\\\/2021\\\/12\\\/logo_alt.png\",\"width\":250,\"height\":70,\"caption\":\"SORG\"},\"image\":{\"@id\":\"https:\\\/\\\/www.sorg.de\\\/de\\\/#\\\/schema\\\/logo\\\/image\\\/\"}}]}<\/script>\n<!-- \/ Yoast SEO plugin. -->","yoast_head_json":{"title":"Lara - SORG","robots":{"index":"index","follow":"follow","max-snippet":"max-snippet:-1","max-image-preview":"max-image-preview:large","max-video-preview":"max-video-preview:-1"},"canonical":"https:\/\/www.sorg.de\/de\/karriere\/ausbildung-und-duales-studium\/lara\/","og_locale":"de_DE","og_type":"article","og_title":"Lara - SORG","og_url":"https:\/\/www.sorg.de\/de\/karriere\/ausbildung-und-duales-studium\/lara\/","og_site_name":"SORG","article_modified_time":"2025-10-02T12:01:10+00:00","twitter_card":"summary_large_image","schema":{"@context":"https:\/\/schema.org","@graph":[{"@type":"WebPage","@id":"https:\/\/www.sorg.de\/de\/karriere\/ausbildung-und-duales-studium\/lara\/","url":"https:\/\/www.sorg.de\/de\/karriere\/ausbildung-und-duales-studium\/lara\/","name":"Lara - SORG","isPartOf":{"@id":"https:\/\/www.sorg.de\/de\/#website"},"datePublished":"2025-10-02T11:14:34+00:00","dateModified":"2025-10-02T12:01:10+00:00","breadcrumb":{"@id":"https:\/\/www.sorg.de\/de\/karriere\/ausbildung-und-duales-studium\/lara\/#breadcrumb"},"inLanguage":"de","potentialAction":[{"@type":"ReadAction","target":["https:\/\/www.sorg.de\/de\/karriere\/ausbildung-und-duales-studium\/lara\/"]}]},{"@type":"BreadcrumbList","@id":"https:\/\/www.sorg.de\/de\/karriere\/ausbildung-und-duales-studium\/lara\/#breadcrumb","itemListElement":[{"@type":"ListItem","position":1,"name":"Home","item":"https:\/\/www.sorg.de\/de\/"},{"@type":"ListItem","position":2,"name":"Karriere","item":"https:\/\/www.sorg.de\/de\/karriere\/"},{"@type":"ListItem","position":3,"name":"Ausbildung und Duales Studium","item":"https:\/\/www.sorg.de\/de\/karriere\/ausbildung-und-duales-studium\/"},{"@type":"ListItem","position":4,"name":"Lara"}]},{"@type":"WebSite","@id":"https:\/\/www.sorg.de\/de\/#website","url":"https:\/\/www.sorg.de\/de\/","name":"SORG","description":"A WORLD LEADER IN GLASS MELTING AND CONDITIONING","publisher":{"@id":"https:\/\/www.sorg.de\/de\/#organization"},"potentialAction":[{"@type":"SearchAction","target":{"@type":"EntryPoint","urlTemplate":"https:\/\/www.sorg.de\/de\/?s={search_term_string}"},"query-input":{"@type":"PropertyValueSpecification","valueRequired":true,"valueName":"search_term_string"}}],"inLanguage":"de"},{"@type":"Organization","@id":"https:\/\/www.sorg.de\/de\/#organization","name":"SORG","url":"https:\/\/www.sorg.de\/de\/","logo":{"@type":"ImageObject","inLanguage":"de","@id":"https:\/\/www.sorg.de\/de\/#\/schema\/logo\/image\/","url":"https:\/\/www.sorg.de\/wp-content\/uploads\/2021\/12\/logo_alt.png","contentUrl":"https:\/\/www.sorg.de\/wp-content\/uploads\/2021\/12\/logo_alt.png","width":250,"height":70,"caption":"SORG"},"image":{"@id":"https:\/\/www.sorg.de\/de\/#\/schema\/logo\/image\/"}}]}},"_links":{"self":[{"href":"https:\/\/www.sorg.de\/de\/wp-json\/wp\/v2\/pages\/6598","targetHints":{"allow":["GET"]}}],"collection":[{"href":"https:\/\/www.sorg.de\/de\/wp-json\/wp\/v2\/pages"}],"about":[{"href":"https:\/\/www.sorg.de\/de\/wp-json\/wp\/v2\/types\/page"}],"author":[{"embeddable":true,"href":"https:\/\/www.sorg.de\/de\/wp-json\/wp\/v2\/users\/13"}],"replies":[{"embeddable":true,"href":"https:\/\/www.sorg.de\/de\/wp-json\/wp\/v2\/comments?post=6598"}],"version-history":[{"count":5,"href":"https:\/\/www.sorg.de\/de\/wp-json\/wp\/v2\/pages\/6598\/revisions"}],"predecessor-version":[{"id":6773,"href":"https:\/\/www.sorg.de\/de\/wp-json\/wp\/v2\/pages\/6598\/revisions\/6773"}],"up":[{"embeddable":true,"href":"https:\/\/www.sorg.de\/de\/wp-json\/wp\/v2\/pages\/4964"}],"wp:attachment":[{"href":"https:\/\/www.sorg.de\/de\/wp-json\/wp\/v2\/media?parent=6598"}],"curies":[{"name":"wp","href":"https:\/\/api.w.org\/{rel}","templated":true}]}}