{"id":6612,"date":"2025-10-02T11:27:20","date_gmt":"2025-10-02T11:27:20","guid":{"rendered":"https:\/\/www.sorg.de\/?page_id=6612"},"modified":"2025-10-02T11:37:29","modified_gmt":"2025-10-02T11:37:29","slug":"rebecca","status":"publish","type":"page","link":"https:\/\/www.sorg.de\/de\/karriere\/ausbildung-und-duales-studium\/rebecca\/","title":{"rendered":"Rebecca"},"content":{"rendered":"\r\n<section id=\"image-hero-with-content-block_19f935b6bae0a23296b07e1d9a00f5fb\" class=\"image-hero-with-content\">\r\n\r\n    <div class=\"image-hero-with-content-image-container\" style=\" background: linear-gradient(90deg, rgba(0,0,0,0.5) 0%, rgba(255,255,255,0) 75%), url('https:\/\/www.sorg.de\/wp-content\/uploads\/2025\/10\/SORG-2025-Azubis-00198-e1759405034444.jpg'),    no-repeat; background-position: center !important;\" data-aos=\"fade-down\">\r\n\r\n        <div class=\"main-container\">\r\n            <div class=\"container-fluid\">\r\n                <div class=\"row full-width-image-info-light-text image-hero-with-content-text\">\r\n                    <div class=\"col-lg-7  image-hero-with-content-text-container  \">\r\n                        <div class=\"image-hero-with-content-inner\">\r\n                            <h5><\/h5>\r\n                            <h1 class=\"image-hero-with-content-title\" class=\"\"><\/h1>\r\n                                                                                <\/div>\r\n                    <\/div>\r\n\r\n                    <div class=\"col-lg-5 d-none d-lg-block\">\r\n\r\n                    <\/div>\r\n                <\/div>\r\n            <\/div>\r\n        <\/div>\r\n\r\n\r\n    <\/div>\r\n\r\n\r\n\r\n    <!-- <span style=\"display: flex;\">\r\n        <img decoding=\"async\" src=\"https:\/\/www.sorg.de\/wp-content\/themes\/sorg\/img\/angled_line_left_end.svg\" alt=\"\" v>\r\n        <hr style=\"flex-grow: 1; margin: 0;\">\r\n    <\/span> -->\r\n<\/section>\n\n\r\n<section id=\"page-header-details block_f25f9f6c71e7eeca81c03bc498a47b84\" class=\"page-header-details\" style=\"background-color: \">\r\n\r\n\r\n    <div class=\"main-container\">\r\n        <div class=\"container-fluid\">\r\n\r\n\r\n            <div class=\"row\">\r\n\r\n                \r\n                    <div class=\"col-lg-6 first-column\" data-aos=\"fade-right\">\r\n                        <h3 class=\"\">Rebecca<\/h3>\r\n                    <\/div>\r\n\r\n                    <div class=\"col-lg-6 my-auto\" data-aos=\"fade-left\">\r\n\r\n                                                <p><span class=\"TextRun SCXW240143947 BCX4\" lang=\"DE-DE\" xml:lang=\"DE-DE\" data-contrast=\"none\"><span class=\"NormalTextRun SCXW240143947 BCX4\"><strong>Ausbildungsberuf:<\/strong> <span class=\"TextRun SCXW25100474 BCX4\" lang=\"DE-DE\" xml:lang=\"DE-DE\" data-contrast=\"none\"><span class=\"NormalTextRun SCXW25100474 BCX4\">Bauzeichnerin <\/span><\/span><span class=\"EOP SCXW25100474 BCX4\" data-ccp-props=\"{&quot;201341983&quot;:0,&quot;335559740&quot;:288}\">(m\/w\/d)\u00a0<\/span><span class=\"EOP SCXW170510838 BCX4\" data-ccp-props=\"{&quot;201341983&quot;:0,&quot;335559740&quot;:288}\"><br \/>\n<span class=\"TextRun SCXW59902259 BCX4\" lang=\"DE-DE\" xml:lang=\"DE-DE\" data-contrast=\"none\"><span class=\"NormalTextRun SCXW59902259 BCX4\"><strong>Lehrjahr:<\/strong> 3<\/span><\/span><\/span><\/span><\/span><\/p>\n                        <div class=\"button-container\">\r\n                                                    <\/div>\r\n                    <\/div>\r\n                            <\/div>\r\n\r\n        <\/div>\r\n    <\/div>\r\n\r\n\r\n<\/section>\n\n\r\n<section id=\"editor-block_e6a08ebb61bdd450097368f62c1b48b2\" class=\"editor \">\r\n\r\n    <div id=\"top-bar\" class=\"main-container\">\r\n        <div class=\"container-fluid\">\r\n            <div class=\"row\">\r\n                <div class=\"col-lg-12\">\r\n                    <h4>Was macht man als Azubi in deinem Bereich?<\/h4>\n<p><span class=\"TextRun SCXW161871619 BCX4\" lang=\"DE-DE\" xml:lang=\"DE-DE\" data-contrast=\"auto\"><span class=\"NormalTextRun SCXW161871619 BCX4\">\u201eAls Auszubildende zur Bauzeichnerin bei SORG unterst\u00fctze ich die Abteilung Konstruktion und arbeite an echten Projekten mit. Ich bin haupts\u00e4chlich f\u00fcr das Erstellen technischer Zeichnungen und Pl\u00e4ne unserer Anlagen f\u00fcr die Glasindustrie zust\u00e4ndig. Dabei arbeite ich mit unserem CAD-Programm am PC.<\/span><span class=\"NormalTextRun SCXW161871619 BCX4\">\u201c<\/span><\/span><\/p>\n<h4>Wie sieht ein typischer Arbeitstag bei dir aus?<\/h4>\n<p><span class=\"TextRun SCXW161871619 BCX4\" lang=\"DE-DE\" xml:lang=\"DE-DE\" data-contrast=\"auto\"><span class=\"NormalTextRun SCXW161871619 BCX4\">\u201eIch bin meist um 7:00 Uhr an meinem Arbeitsplatz, dank unserer Gleitzeitregelung l\u00e4sst sich das jedoch sehr flexibel gestalten. Zu Beginn \u00f6ffne ich meine Standardprogramme, um einsehen zu k\u00f6nnen, an welchen Projekten ich wie mitwirken werde. Danach fange ich mit der Bearbeitung meiner Aufgaben an und fahre schlie\u00dflich um 14:30 Uhr nach Hause.<\/span><\/span><span class=\"TextRun SCXW161871619 BCX4\" lang=\"DE-DE\" xml:lang=\"DE-DE\" data-contrast=\"auto\"><span class=\"NormalTextRun SCXW161871619 BCX4\">\u201c<\/span><\/span><\/p>\n<h4>Was gef\u00e4llt dir an deiner Ausbildung besonders gut?<\/h4>\n<p><span class=\"TextRun SCXW161871619 BCX4\" lang=\"DE-DE\" xml:lang=\"DE-DE\" data-contrast=\"auto\"><span class=\"NormalTextRun SCXW161871619 BCX4\">\u201eMir gef\u00e4llt besonders gut, dass die Arbeit sehr abwechslungsreich ist, da kein Projekt dem andern gleicht. Ich entwickle mich fachlich stetig weiter und bekomme einen tiefen Einblick in die technischen Abl\u00e4ufe. Zudem kann ich durch mein Baustellenpraktikum sehen, wie unsere Pl\u00e4ne in die Realit\u00e4t umgesetzt werden.<\/span><span class=\"NormalTextRun SCXW161871619 BCX4\">\u201c<\/span><\/span><\/p>\n<h4>Was lernst du in der Berufsschule?<\/h4>\n<p><span class=\"TextRun SCXW161871619 BCX4\" lang=\"DE-DE\" xml:lang=\"DE-DE\" data-contrast=\"auto\"><span class=\"NormalTextRun SCXW161871619 BCX4\">\u201eIn der Berufsschule ist das Hauptfach der Fachunterricht. Dieser umfasst verschiedene Lernfelder mit unterschiedlichen Themengebieten der Baubranche, wie beispielsweise Treppen und D\u00e4cher. Dazu werden grundlegende Kenntnisse in Mathematik, Deutsch und Englisch vermittelt.<\/span><\/span><span class=\"TextRun SCXW161871619 BCX4\" lang=\"DE-DE\" xml:lang=\"DE-DE\" data-contrast=\"auto\"><span class=\"NormalTextRun SCXW161871619 BCX4\">\u201c<\/span><\/span><\/p>\n<h4>In welchem Rhythmus besuchst du die Berufsschule?<\/h4>\n<p><span class=\"TextRun SCXW161871619 BCX4\" lang=\"DE-DE\" xml:lang=\"DE-DE\" data-contrast=\"auto\"><span class=\"NormalTextRun SCXW161871619 BCX4\">\u201eIm ersten Lehrjahr sind es 15 und im zweiten und dritten jeweils 10 Berufsschulwochen. Diese werden im Laufe des Jahres abgeleistet.<\/span><span class=\"NormalTextRun SCXW161871619 BCX4\">\u201c<\/span><\/span><\/p>\n<h4>Hast du Tipps f\u00fcr jemanden, der sich f\u00fcr diese Ausbildung interessiert?<\/h4>\n<p><span class=\"TextRun SCXW161871619 BCX4\" lang=\"DE-DE\" xml:lang=\"DE-DE\" data-contrast=\"auto\"><span class=\"NormalTextRun SCXW161871619 BCX4\">\u201eInformiere dich \u00fcber SORG, da wir uns etwas von der normalen Baubrache abheben. Zudem w\u00e4re ein Praktikum sehr sinnvoll, um zu sehen, ob es dich auch wirklich anspricht.<\/span><\/span><span class=\"TextRun SCXW161871619 BCX4\" lang=\"DE-DE\" xml:lang=\"DE-DE\" data-contrast=\"auto\"><span class=\"NormalTextRun SCXW161871619 BCX4\">\u201c<\/span><\/span><\/p>\n<h4>Was macht SORG deiner Meinung nach zu einem guten Ausbildungsbetrieb?<\/h4>\n<p><span class=\"TextRun SCXW161871619 BCX4\" lang=\"DE-DE\" xml:lang=\"DE-DE\" data-contrast=\"auto\"><span class=\"NormalTextRun SCXW161871619 BCX4\">\u201eMan f\u00fchlt sich von Anfang an als Teil des Teams. Man wird ernst genommen, darf richtig mitarbeiten und meine Ausbilderin nimmt sich viel Zeit, um mir Dinge zu erkl\u00e4ren und zu helfen. Au\u00dferdem herrscht ein gutes Arbeitsklima, und man wird auch bei der Pr\u00fcfungsvorbereitung sehr gut unterst\u00fctzt. Durch die vielf\u00e4ltigen Projekte kann man viel lernen und bekommt auch Einblicke in die Praxis. F\u00fcr mich der perfekte Ort zum Lernen und Wachsen.<\/span><\/span><span class=\"TextRun SCXW161871619 BCX4\" lang=\"DE-DE\" xml:lang=\"DE-DE\" data-contrast=\"auto\"><span class=\"NormalTextRun SCXW161871619 BCX4\">\u201c<\/span><\/span><\/p>\n<h4>Warum hast du dich f\u00fcr eine Ausbildung bei SORG entschieden?<\/h4>\n<p><span class=\"TextRun SCXW161871619 BCX4\" lang=\"DE-DE\" xml:lang=\"DE-DE\" data-contrast=\"auto\"><span class=\"NormalTextRun SCXW161871619 BCX4\">\u201eWeil es sich hier um ein sehr angesehenes Unternehmen handelt, von dem man nur Gutes h\u00f6rt. Zudem ist es gerade in dieser Branche sehr schwierig, eine sichere und attraktive Stelle zu finden, aber SORG bietet beides.<\/span><\/span><span class=\"TextRun SCXW161871619 BCX4\" lang=\"DE-DE\" xml:lang=\"DE-DE\" data-contrast=\"auto\"><span class=\"NormalTextRun SCXW161871619 BCX4\">\u201c<\/span><\/span><\/p>\n                <\/div>\r\n            <\/div>\r\n        <\/div>\r\n    <\/div>\r\n\r\n<\/section>\n\n\r\n    <section id=\"large-grid-links-block_5bd1dd94f7c9080e24b999e9687cc57c\">\r\n        <div class=\"main-container\">\r\n            <div class=\"row\">\r\n                <div class=\"col-12 large-grid-links\">\r\n                                            <div class=\"grid-link\">\r\n                            <h2>Power of 3<\/h2>\r\n                            <h5><\/h5>\r\n                            <a href=\"https:\/\/sorggroup.armstrongstaging.com\/careers-hub\/\">Karriere<\/a>\r\n                        <\/div>\r\n                                            <div class=\"grid-link\">\r\n                            <h2>Jobs Bei SORG<\/h2>\r\n                            <h5><\/h5>\r\n                            <a href=\"\/de\/karriere\/stellenangebote\/\">ZU DEN STELLENANGEBOTEN<\/a>\r\n                        <\/div>\r\n                                            <div class=\"grid-link\">\r\n                            <h2>AUSBILDUNG &#038; DUALES STUDIUM BEI SORG <\/h2>\r\n                            <h5><\/h5>\r\n                            <a href=\"\/de\/karriere\/ausbildung-und-duales-studium\/\">MEHR<\/a>\r\n                        <\/div>\r\n                                            <div class=\"grid-link\">\r\n                            <h2>NOCH FRAGEN?<\/h2>\r\n                            <h5><\/h5>\r\n                            <a href=\"\/de\/karriere\/haeufig-gestellte-fragen\/\">ZU DEN FAQ<\/a>\r\n                        <\/div>\r\n                                    <\/div>\r\n            <\/div>\r\n        <\/div>\r\n    <\/section>\r\n\r\n","protected":false},"excerpt":{"rendered":"","protected":false},"author":13,"featured_media":0,"parent":4964,"menu_order":0,"comment_status":"closed","ping_status":"closed","template":"","meta":{"_acf_changed":false,"footnotes":""},"class_list":["post-6612","page","type-page","status-publish","hentry"],"acf":[],"yoast_head":"<!-- This site is optimized with the Yoast SEO plugin v27.3 - https:\/\/yoast.com\/product\/yoast-seo-wordpress\/ -->\n<title>Rebecca - SORG<\/title>\n<meta name=\"robots\" content=\"index, follow, max-snippet:-1, max-image-preview:large, max-video-preview:-1\" \/>\n<link rel=\"canonical\" href=\"https:\/\/www.sorg.de\/de\/karriere\/ausbildung-und-duales-studium\/rebecca\/\" \/>\n<meta property=\"og:locale\" content=\"de_DE\" \/>\n<meta property=\"og:type\" content=\"article\" \/>\n<meta property=\"og:title\" content=\"Rebecca - SORG\" \/>\n<meta property=\"og:url\" content=\"https:\/\/www.sorg.de\/de\/karriere\/ausbildung-und-duales-studium\/rebecca\/\" \/>\n<meta property=\"og:site_name\" content=\"SORG\" \/>\n<meta property=\"article:modified_time\" content=\"2025-10-02T11:37:29+00:00\" \/>\n<meta name=\"twitter:card\" content=\"summary_large_image\" \/>\n<script type=\"application\/ld+json\" class=\"yoast-schema-graph\">{\"@context\":\"https:\\\/\\\/schema.org\",\"@graph\":[{\"@type\":\"WebPage\",\"@id\":\"https:\\\/\\\/www.sorg.de\\\/de\\\/karriere\\\/ausbildung-und-duales-studium\\\/rebecca\\\/\",\"url\":\"https:\\\/\\\/www.sorg.de\\\/de\\\/karriere\\\/ausbildung-und-duales-studium\\\/rebecca\\\/\",\"name\":\"Rebecca - SORG\",\"isPartOf\":{\"@id\":\"https:\\\/\\\/www.sorg.de\\\/de\\\/#website\"},\"datePublished\":\"2025-10-02T11:27:20+00:00\",\"dateModified\":\"2025-10-02T11:37:29+00:00\",\"breadcrumb\":{\"@id\":\"https:\\\/\\\/www.sorg.de\\\/de\\\/karriere\\\/ausbildung-und-duales-studium\\\/rebecca\\\/#breadcrumb\"},\"inLanguage\":\"de\",\"potentialAction\":[{\"@type\":\"ReadAction\",\"target\":[\"https:\\\/\\\/www.sorg.de\\\/de\\\/karriere\\\/ausbildung-und-duales-studium\\\/rebecca\\\/\"]}]},{\"@type\":\"BreadcrumbList\",\"@id\":\"https:\\\/\\\/www.sorg.de\\\/de\\\/karriere\\\/ausbildung-und-duales-studium\\\/rebecca\\\/#breadcrumb\",\"itemListElement\":[{\"@type\":\"ListItem\",\"position\":1,\"name\":\"Home\",\"item\":\"https:\\\/\\\/www.sorg.de\\\/de\\\/\"},{\"@type\":\"ListItem\",\"position\":2,\"name\":\"Karriere\",\"item\":\"https:\\\/\\\/www.sorg.de\\\/de\\\/karriere\\\/\"},{\"@type\":\"ListItem\",\"position\":3,\"name\":\"Ausbildung und Duales Studium\",\"item\":\"https:\\\/\\\/www.sorg.de\\\/de\\\/karriere\\\/ausbildung-und-duales-studium\\\/\"},{\"@type\":\"ListItem\",\"position\":4,\"name\":\"Rebecca\"}]},{\"@type\":\"WebSite\",\"@id\":\"https:\\\/\\\/www.sorg.de\\\/de\\\/#website\",\"url\":\"https:\\\/\\\/www.sorg.de\\\/de\\\/\",\"name\":\"SORG\",\"description\":\"A WORLD LEADER IN GLASS MELTING AND CONDITIONING\",\"publisher\":{\"@id\":\"https:\\\/\\\/www.sorg.de\\\/de\\\/#organization\"},\"potentialAction\":[{\"@type\":\"SearchAction\",\"target\":{\"@type\":\"EntryPoint\",\"urlTemplate\":\"https:\\\/\\\/www.sorg.de\\\/de\\\/?s={search_term_string}\"},\"query-input\":{\"@type\":\"PropertyValueSpecification\",\"valueRequired\":true,\"valueName\":\"search_term_string\"}}],\"inLanguage\":\"de\"},{\"@type\":\"Organization\",\"@id\":\"https:\\\/\\\/www.sorg.de\\\/de\\\/#organization\",\"name\":\"SORG\",\"url\":\"https:\\\/\\\/www.sorg.de\\\/de\\\/\",\"logo\":{\"@type\":\"ImageObject\",\"inLanguage\":\"de\",\"@id\":\"https:\\\/\\\/www.sorg.de\\\/de\\\/#\\\/schema\\\/logo\\\/image\\\/\",\"url\":\"https:\\\/\\\/www.sorg.de\\\/wp-content\\\/uploads\\\/2021\\\/12\\\/logo_alt.png\",\"contentUrl\":\"https:\\\/\\\/www.sorg.de\\\/wp-content\\\/uploads\\\/2021\\\/12\\\/logo_alt.png\",\"width\":250,\"height\":70,\"caption\":\"SORG\"},\"image\":{\"@id\":\"https:\\\/\\\/www.sorg.de\\\/de\\\/#\\\/schema\\\/logo\\\/image\\\/\"}}]}<\/script>\n<!-- \/ Yoast SEO plugin. -->","yoast_head_json":{"title":"Rebecca - SORG","robots":{"index":"index","follow":"follow","max-snippet":"max-snippet:-1","max-image-preview":"max-image-preview:large","max-video-preview":"max-video-preview:-1"},"canonical":"https:\/\/www.sorg.de\/de\/karriere\/ausbildung-und-duales-studium\/rebecca\/","og_locale":"de_DE","og_type":"article","og_title":"Rebecca - SORG","og_url":"https:\/\/www.sorg.de\/de\/karriere\/ausbildung-und-duales-studium\/rebecca\/","og_site_name":"SORG","article_modified_time":"2025-10-02T11:37:29+00:00","twitter_card":"summary_large_image","schema":{"@context":"https:\/\/schema.org","@graph":[{"@type":"WebPage","@id":"https:\/\/www.sorg.de\/de\/karriere\/ausbildung-und-duales-studium\/rebecca\/","url":"https:\/\/www.sorg.de\/de\/karriere\/ausbildung-und-duales-studium\/rebecca\/","name":"Rebecca - SORG","isPartOf":{"@id":"https:\/\/www.sorg.de\/de\/#website"},"datePublished":"2025-10-02T11:27:20+00:00","dateModified":"2025-10-02T11:37:29+00:00","breadcrumb":{"@id":"https:\/\/www.sorg.de\/de\/karriere\/ausbildung-und-duales-studium\/rebecca\/#breadcrumb"},"inLanguage":"de","potentialAction":[{"@type":"ReadAction","target":["https:\/\/www.sorg.de\/de\/karriere\/ausbildung-und-duales-studium\/rebecca\/"]}]},{"@type":"BreadcrumbList","@id":"https:\/\/www.sorg.de\/de\/karriere\/ausbildung-und-duales-studium\/rebecca\/#breadcrumb","itemListElement":[{"@type":"ListItem","position":1,"name":"Home","item":"https:\/\/www.sorg.de\/de\/"},{"@type":"ListItem","position":2,"name":"Karriere","item":"https:\/\/www.sorg.de\/de\/karriere\/"},{"@type":"ListItem","position":3,"name":"Ausbildung und Duales Studium","item":"https:\/\/www.sorg.de\/de\/karriere\/ausbildung-und-duales-studium\/"},{"@type":"ListItem","position":4,"name":"Rebecca"}]},{"@type":"WebSite","@id":"https:\/\/www.sorg.de\/de\/#website","url":"https:\/\/www.sorg.de\/de\/","name":"SORG","description":"A WORLD LEADER IN GLASS MELTING AND CONDITIONING","publisher":{"@id":"https:\/\/www.sorg.de\/de\/#organization"},"potentialAction":[{"@type":"SearchAction","target":{"@type":"EntryPoint","urlTemplate":"https:\/\/www.sorg.de\/de\/?s={search_term_string}"},"query-input":{"@type":"PropertyValueSpecification","valueRequired":true,"valueName":"search_term_string"}}],"inLanguage":"de"},{"@type":"Organization","@id":"https:\/\/www.sorg.de\/de\/#organization","name":"SORG","url":"https:\/\/www.sorg.de\/de\/","logo":{"@type":"ImageObject","inLanguage":"de","@id":"https:\/\/www.sorg.de\/de\/#\/schema\/logo\/image\/","url":"https:\/\/www.sorg.de\/wp-content\/uploads\/2021\/12\/logo_alt.png","contentUrl":"https:\/\/www.sorg.de\/wp-content\/uploads\/2021\/12\/logo_alt.png","width":250,"height":70,"caption":"SORG"},"image":{"@id":"https:\/\/www.sorg.de\/de\/#\/schema\/logo\/image\/"}}]}},"_links":{"self":[{"href":"https:\/\/www.sorg.de\/de\/wp-json\/wp\/v2\/pages\/6612","targetHints":{"allow":["GET"]}}],"collection":[{"href":"https:\/\/www.sorg.de\/de\/wp-json\/wp\/v2\/pages"}],"about":[{"href":"https:\/\/www.sorg.de\/de\/wp-json\/wp\/v2\/types\/page"}],"author":[{"embeddable":true,"href":"https:\/\/www.sorg.de\/de\/wp-json\/wp\/v2\/users\/13"}],"replies":[{"embeddable":true,"href":"https:\/\/www.sorg.de\/de\/wp-json\/wp\/v2\/comments?post=6612"}],"version-history":[{"count":6,"href":"https:\/\/www.sorg.de\/de\/wp-json\/wp\/v2\/pages\/6612\/revisions"}],"predecessor-version":[{"id":6761,"href":"https:\/\/www.sorg.de\/de\/wp-json\/wp\/v2\/pages\/6612\/revisions\/6761"}],"up":[{"embeddable":true,"href":"https:\/\/www.sorg.de\/de\/wp-json\/wp\/v2\/pages\/4964"}],"wp:attachment":[{"href":"https:\/\/www.sorg.de\/de\/wp-json\/wp\/v2\/media?parent=6612"}],"curies":[{"name":"wp","href":"https:\/\/api.w.org\/{rel}","templated":true}]}}