{"id":7101,"date":"2026-01-15T10:49:33","date_gmt":"2026-01-15T10:49:33","guid":{"rendered":"https:\/\/www.sorg.de\/?page_id=7101"},"modified":"2026-01-15T11:06:09","modified_gmt":"2026-01-15T11:06:09","slug":"einkauf","status":"publish","type":"page","link":"https:\/\/www.sorg.de\/de\/einkauf\/","title":{"rendered":"Einkauf"},"content":{"rendered":"\r\n<section id=\"image-hero-with-content-block_00e58a81696f63f7c94789537c095da7\" class=\"image-hero-with-content\">\r\n\r\n    <div class=\"image-hero-with-content-image-container\" style=\" background: linear-gradient(90deg, rgba(0,0,0,0.5) 0%, rgba(255,255,255,0) 75%), url('https:\/\/www.sorg.de\/wp-content\/uploads\/2026\/01\/HS2A9181-1-arm-opt.webp'),    no-repeat; background-position: center !important;\" data-aos=\"fade-down\">\r\n\r\n        <div class=\"main-container\">\r\n            <div class=\"container-fluid\">\r\n                <div class=\"row full-width-image-info-light-text image-hero-with-content-text\">\r\n                    <div class=\"col-lg-7  image-hero-with-content-text-container  \">\r\n                        <div class=\"image-hero-with-content-inner\">\r\n                            <h5><\/h5>\r\n                            <h1 class=\"image-hero-with-content-title\" class=\"\">Grundwerte und Ziele des Einkaufs<\/h1>\r\n                                                                                <\/div>\r\n                    <\/div>\r\n\r\n                    <div class=\"col-lg-5 d-none d-lg-block\">\r\n\r\n                    <\/div>\r\n                <\/div>\r\n            <\/div>\r\n        <\/div>\r\n\r\n\r\n    <\/div>\r\n\r\n\r\n\r\n    <!-- <span style=\"display: flex;\">\r\n        <img decoding=\"async\" src=\"https:\/\/www.sorg.de\/wp-content\/themes\/sorg\/img\/angled_line_left_end.svg\" alt=\"\" v>\r\n        <hr style=\"flex-grow: 1; margin: 0;\">\r\n    <\/span> -->\r\n<\/section>\n\n\r\n<section id=\"page-header-details block_b5191ed0ff161b24c62475f5ea6169c1\" class=\"page-header-details\" style=\"background-color: \">\r\n\r\n\r\n    <div class=\"main-container\">\r\n        <div class=\"container-fluid\">\r\n\r\n\r\n            <div class=\"row\">\r\n\r\n                \r\n                    <div class=\"col-lg-6 first-column\" data-aos=\"fade-right\">\r\n                        <h3 class=\"remove-padding\">Kundenzufriedenheit, Qualit\u00e4t, wettbewerbsf\u00e4hige Preise sowie Flexibilit\u00e4t bilden die wesentlichen S\u00e4ulen unseres Erfolges.<\/h3>\r\n                    <\/div>\r\n\r\n                    <div class=\"col-lg-6 my-auto\" data-aos=\"fade-left\">\r\n\r\n                                                <p>Als strategischer Partner f\u00fcr die gesamte Wertsch\u00f6pfungskette legen wir gro\u00dfen Wert auf eine stabile, partnerschaftliche und langj\u00e4hrige Lieferantenbeziehungen. <\/p>\n<p>Unsere Verhandlungen gestalten wir jederzeit zielorientiert, sachlich und fair.<\/p>\n<p>Die Einhaltung von Menschenrechten und Arbeitsnormen haben einen sehr hohen Stellenwert in unserem Unternehmen, sowie unserem globalen Umfeld. Dies erwarten wir ebenso von unseren Lieferanten bei der Herstellung von Produkten und der Erbringung von Dienstleistungen.<\/p>\n<p>Wir best\u00e4tigen, dass wir im Einkauf keine Form von Korruption und Bestechung tolerieren.<\/p>\n<p>Nachhaltigkeit, Compliance, sowie Einhaltung gesetzlicher und ethischer Standards dienen als Grundlage f\u00fcr unser t\u00e4gliches Handeln.<\/p>\n                        <div class=\"button-container\">\r\n                                                    <\/div>\r\n                    <\/div>\r\n                            <\/div>\r\n\r\n        <\/div>\r\n    <\/div>\r\n\r\n\r\n<\/section>\n\n\r\n<section id=\"text-grid-block_cf94cc18cd22974af6632d43895c70de\" class=\"text-grid\">\r\n    <div class=\"main-container\">\r\n        <div class=\"container-fluid\">\r\n            <div class=\"row\">\r\n                <div class=\"col-lg-12\">\r\n\r\n                    <div class=\"header-wrapper\">\r\n                        <h3>Unsere Ziele<\/h3>\r\n                    <\/div>\r\n\r\n                    <div class=\"grid-wrapper\">\r\n                                                    <div class=\"grid-item\">\r\n                                <div class=\"title\">\r\n                                    <h3>Qualit\u00e4t und Versorgungssicherheit<\/h3>\r\n                                <\/div>\r\n                                <div class=\"subtext\"><p>Auswahl qualifizierter, leistungsf\u00e4higer Lieferanten<br \/>\nMinimierung von Risiken in den Lieferketten<br \/>\nHerstellung der Versorgungssicherheit f\u00fcr unsere Projekte<\/p>\n<\/div>\r\n                            <\/div>\r\n                                                    <div class=\"grid-item\">\r\n                                <div class=\"title\">\r\n                                    <h3>Kostenoptimierung und Wertsch\u00f6pfung<\/h3>\r\n                                <\/div>\r\n                                <div class=\"subtext\"><p>Sicherstellung wettbewerbsf\u00e4higer Preise<br \/>\nNutzung von Synergien durch strategische Partnerschaften<\/p>\n<\/div>\r\n                            <\/div>\r\n                                                    <div class=\"grid-item\">\r\n                                <div class=\"title\">\r\n                                    <h3>Innovation und Zusammenarbeit<\/h3>\r\n                                <\/div>\r\n                                <div class=\"subtext\"><p>Integration innovativer L\u00f6sungen<br \/>\nAufbau langfristiger, vertrauensvoller Lieferantenbeziehungen<\/p>\n<\/div>\r\n                            <\/div>\r\n                                            <\/div>\r\n\r\n                <\/div>\r\n            <\/div>\r\n        <\/div>\r\n    <\/div>\r\n<\/section>\n\n\r\n<section id=\"coloured-text-banner-block_84e538ce52cdf450d8fb52c047f5c7c1\" class=\"coloured-text-banner \">\r\n\r\n    <div class=\"main-container\">\r\n        <div class=\"container-fluid\">\r\n            <div class=\"row\">\r\n                <div class=\"col-lg-12\">\r\n\r\n                    <div class=\"coloured-banner-outer\">\r\n                        <div class=\"text-container\">\r\n                            <p>Wir freuen uns auf Ihre Kontaktaufnahme \u00fcber unser Lieferantenportal.<\/p>\n                        <\/div>\r\n\r\n                                                    <div class=\"button-container\">\r\n                                <a class=\"coloured-banner-button\" href=\"https:\/\/forms.cloud.microsoft\/e\/xbZDSeuiti\" target=\"_blank\">Link zum Lieferantenportal<\/a>\r\n                            <\/div>\r\n                                            <\/div>\r\n\r\n                <\/div>\r\n            <\/div>\r\n        <\/div>\r\n    <\/div>\r\n<\/section>\n\n\r\n<section id=\"left-heading-block_411c74d038e602fced86aa5838cdff6a\" class=\"left-heading\">\r\n\r\n\r\n    <div class=\"main-container\">\r\n        <div class=\"container-fluid\">\r\n\r\n\r\n            <div class=\"row\" data-aos=\"fade-right\">\r\n                <div class=\"col-lg-6\">\r\n                    <h5><\/h5>\r\n                <\/div>\r\n            <\/div>\r\n            <div class=\"row\" data-aos=\"fade-right\">\r\n                <div class=\"col-lg-6\">\r\n                    <h3>Voraussetzung f\u00fcr eine Zusammenarbeit<\/h3>\r\n                <\/div>\r\n            <\/div>\r\n\r\n            <div class=\"row  left-heading-intro-details\" data-aos=\"fade-right\">\r\n                <div class=\"col-lg-6\">\r\n                    <p>F\u00fcr eine langfristige Partnerschaft brauchen wir gemeinsame Grundwerte und Ziele. Formale Basis hierf\u00fcr sind zun\u00e4chst folgende Dokumente<\/p>\n                <\/div>\r\n                <div class=\"col-lg-1\">\r\n                <\/div>\r\n                <div class=\"col-lg-5\">\r\n\r\n                    \r\n                <\/div>\r\n            <\/div>\r\n        <\/div>\r\n    <\/div>\r\n\r\n\r\n<\/section>\n\n\r\n    <section id=\"large-grid-links-alt-block_c6c32f8899b1348d372f709d850224ea\" class=\"large-grid-links-alt\">\r\n        <div class=\"main-container\">\r\n            <div class=\"container-fluid\">\r\n                <div class=\"row\">\r\n                    <div class=\"col-lg-12\">\r\n                        <div class=\"large-grid-wrapper-alt add-padding\">\r\n                                                            <div class=\"grid-link\">\r\n                                    <h2>Allgemeine Einkaufsbedingungen<\/h2>\r\n                                    <a href=\"\/wp-content\/uploads\/2026\/01\/Allgemeine-Einkaufsbedingungen-Stand-01.07.2015.pdf\">Download<\/a>\r\n                                <\/div>\r\n                                                    <\/div>\r\n                    <\/div>\r\n                <\/div>\r\n            <\/div>\r\n        <\/div>\r\n    <\/section>\r\n\r\n","protected":false},"excerpt":{"rendered":"","protected":false},"author":7,"featured_media":0,"parent":0,"menu_order":0,"comment_status":"closed","ping_status":"closed","template":"","meta":{"_acf_changed":false,"footnotes":""},"class_list":["post-7101","page","type-page","status-publish","hentry"],"acf":[],"yoast_head":"<!-- This site is optimized with the Yoast SEO plugin v27.1.1 - https:\/\/yoast.com\/product\/yoast-seo-wordpress\/ -->\n<title>Einkauf - SORG<\/title>\n<meta name=\"robots\" content=\"index, follow, max-snippet:-1, max-image-preview:large, max-video-preview:-1\" \/>\n<link rel=\"canonical\" href=\"https:\/\/www.sorg.de\/de\/einkauf\/\" \/>\n<meta property=\"og:locale\" content=\"de_DE\" \/>\n<meta property=\"og:type\" content=\"article\" \/>\n<meta property=\"og:title\" content=\"Einkauf - SORG\" \/>\n<meta property=\"og:url\" content=\"https:\/\/www.sorg.de\/de\/einkauf\/\" \/>\n<meta property=\"og:site_name\" content=\"SORG\" \/>\n<meta property=\"article:modified_time\" content=\"2026-01-15T11:06:09+00:00\" \/>\n<meta name=\"twitter:card\" content=\"summary_large_image\" \/>\n<script type=\"application\/ld+json\" class=\"yoast-schema-graph\">{\"@context\":\"https:\/\/schema.org\",\"@graph\":[{\"@type\":\"WebPage\",\"@id\":\"https:\/\/www.sorg.de\/de\/einkauf\/\",\"url\":\"https:\/\/www.sorg.de\/de\/einkauf\/\",\"name\":\"Einkauf - SORG\",\"isPartOf\":{\"@id\":\"https:\/\/www.sorg.de\/de\/#website\"},\"datePublished\":\"2026-01-15T10:49:33+00:00\",\"dateModified\":\"2026-01-15T11:06:09+00:00\",\"breadcrumb\":{\"@id\":\"https:\/\/www.sorg.de\/de\/einkauf\/#breadcrumb\"},\"inLanguage\":\"de\",\"potentialAction\":[{\"@type\":\"ReadAction\",\"target\":[\"https:\/\/www.sorg.de\/de\/einkauf\/\"]}]},{\"@type\":\"BreadcrumbList\",\"@id\":\"https:\/\/www.sorg.de\/de\/einkauf\/#breadcrumb\",\"itemListElement\":[{\"@type\":\"ListItem\",\"position\":1,\"name\":\"Home\",\"item\":\"https:\/\/www.sorg.de\/de\/\"},{\"@type\":\"ListItem\",\"position\":2,\"name\":\"Einkauf\"}]},{\"@type\":\"WebSite\",\"@id\":\"https:\/\/www.sorg.de\/de\/#website\",\"url\":\"https:\/\/www.sorg.de\/de\/\",\"name\":\"SORG\",\"description\":\"A WORLD LEADER IN GLASS MELTING AND CONDITIONING\",\"publisher\":{\"@id\":\"https:\/\/www.sorg.de\/de\/#organization\"},\"potentialAction\":[{\"@type\":\"SearchAction\",\"target\":{\"@type\":\"EntryPoint\",\"urlTemplate\":\"https:\/\/www.sorg.de\/de\/?s={search_term_string}\"},\"query-input\":{\"@type\":\"PropertyValueSpecification\",\"valueRequired\":true,\"valueName\":\"search_term_string\"}}],\"inLanguage\":\"de\"},{\"@type\":\"Organization\",\"@id\":\"https:\/\/www.sorg.de\/de\/#organization\",\"name\":\"SORG\",\"url\":\"https:\/\/www.sorg.de\/de\/\",\"logo\":{\"@type\":\"ImageObject\",\"inLanguage\":\"de\",\"@id\":\"https:\/\/www.sorg.de\/de\/#\/schema\/logo\/image\/\",\"url\":\"https:\/\/www.sorg.de\/wp-content\/uploads\/2021\/12\/logo_alt.png\",\"contentUrl\":\"https:\/\/www.sorg.de\/wp-content\/uploads\/2021\/12\/logo_alt.png\",\"width\":250,\"height\":70,\"caption\":\"SORG\"},\"image\":{\"@id\":\"https:\/\/www.sorg.de\/de\/#\/schema\/logo\/image\/\"}}]}<\/script>\n<!-- \/ Yoast SEO plugin. -->","yoast_head_json":{"title":"Einkauf - SORG","robots":{"index":"index","follow":"follow","max-snippet":"max-snippet:-1","max-image-preview":"max-image-preview:large","max-video-preview":"max-video-preview:-1"},"canonical":"https:\/\/www.sorg.de\/de\/einkauf\/","og_locale":"de_DE","og_type":"article","og_title":"Einkauf - SORG","og_url":"https:\/\/www.sorg.de\/de\/einkauf\/","og_site_name":"SORG","article_modified_time":"2026-01-15T11:06:09+00:00","twitter_card":"summary_large_image","schema":{"@context":"https:\/\/schema.org","@graph":[{"@type":"WebPage","@id":"https:\/\/www.sorg.de\/de\/einkauf\/","url":"https:\/\/www.sorg.de\/de\/einkauf\/","name":"Einkauf - SORG","isPartOf":{"@id":"https:\/\/www.sorg.de\/de\/#website"},"datePublished":"2026-01-15T10:49:33+00:00","dateModified":"2026-01-15T11:06:09+00:00","breadcrumb":{"@id":"https:\/\/www.sorg.de\/de\/einkauf\/#breadcrumb"},"inLanguage":"de","potentialAction":[{"@type":"ReadAction","target":["https:\/\/www.sorg.de\/de\/einkauf\/"]}]},{"@type":"BreadcrumbList","@id":"https:\/\/www.sorg.de\/de\/einkauf\/#breadcrumb","itemListElement":[{"@type":"ListItem","position":1,"name":"Home","item":"https:\/\/www.sorg.de\/de\/"},{"@type":"ListItem","position":2,"name":"Einkauf"}]},{"@type":"WebSite","@id":"https:\/\/www.sorg.de\/de\/#website","url":"https:\/\/www.sorg.de\/de\/","name":"SORG","description":"A WORLD LEADER IN GLASS MELTING AND CONDITIONING","publisher":{"@id":"https:\/\/www.sorg.de\/de\/#organization"},"potentialAction":[{"@type":"SearchAction","target":{"@type":"EntryPoint","urlTemplate":"https:\/\/www.sorg.de\/de\/?s={search_term_string}"},"query-input":{"@type":"PropertyValueSpecification","valueRequired":true,"valueName":"search_term_string"}}],"inLanguage":"de"},{"@type":"Organization","@id":"https:\/\/www.sorg.de\/de\/#organization","name":"SORG","url":"https:\/\/www.sorg.de\/de\/","logo":{"@type":"ImageObject","inLanguage":"de","@id":"https:\/\/www.sorg.de\/de\/#\/schema\/logo\/image\/","url":"https:\/\/www.sorg.de\/wp-content\/uploads\/2021\/12\/logo_alt.png","contentUrl":"https:\/\/www.sorg.de\/wp-content\/uploads\/2021\/12\/logo_alt.png","width":250,"height":70,"caption":"SORG"},"image":{"@id":"https:\/\/www.sorg.de\/de\/#\/schema\/logo\/image\/"}}]}},"_links":{"self":[{"href":"https:\/\/www.sorg.de\/de\/wp-json\/wp\/v2\/pages\/7101","targetHints":{"allow":["GET"]}}],"collection":[{"href":"https:\/\/www.sorg.de\/de\/wp-json\/wp\/v2\/pages"}],"about":[{"href":"https:\/\/www.sorg.de\/de\/wp-json\/wp\/v2\/types\/page"}],"author":[{"embeddable":true,"href":"https:\/\/www.sorg.de\/de\/wp-json\/wp\/v2\/users\/7"}],"replies":[{"embeddable":true,"href":"https:\/\/www.sorg.de\/de\/wp-json\/wp\/v2\/comments?post=7101"}],"version-history":[{"count":2,"href":"https:\/\/www.sorg.de\/de\/wp-json\/wp\/v2\/pages\/7101\/revisions"}],"predecessor-version":[{"id":7104,"href":"https:\/\/www.sorg.de\/de\/wp-json\/wp\/v2\/pages\/7101\/revisions\/7104"}],"wp:attachment":[{"href":"https:\/\/www.sorg.de\/de\/wp-json\/wp\/v2\/media?parent=7101"}],"curies":[{"name":"wp","href":"https:\/\/api.w.org\/{rel}","templated":true}]}}