{"id":5521,"date":"2021-09-14T10:15:55","date_gmt":"2021-09-14T10:15:55","guid":{"rendered":"https:\/\/www.sorg.de\/?page_id=5521"},"modified":"2025-09-26T10:36:04","modified_gmt":"2025-09-26T10:36:04","slug":"technologia","status":"publish","type":"page","link":"https:\/\/www.sorg.de\/pl\/technologia\/","title":{"rendered":"Technologia"},"content":{"rendered":"<section id=\"product-links-block_227c1550d9a2f1f2d350d49bb68320a8\" class=\"product-links\" style=\"background-color:  !important;\">\r\n    <div class=\"product-links-container\">\r\n        <div class=\"main-container\">\r\n            <div class=\"container-fluid\">\r\n                <div class=\"row\">\r\n                    <div class=\"col-xl-6 col-lg-12 col-md-12\" data-aos=\"fade-right\">\r\n                        <h2>TECHNOLOGIA<\/h2>\r\n                    <\/div>\r\n                    <div class=\"col-xl-6 col-lg-12 col-md-12\" data-aos=\"fade-left\">\r\n                        Ka\u017cda innowacja, kt\u00f3r\u0105 dostarczamy wynika z potrzeb klient\u00f3w, wi\u0105\u017ce si\u0119 z pokonywaniem wyzwa\u0144 bran\u017cowych lub rozwojem technologii. Jeste\u015bmy jedyn\u0105 na \u015bwiecie firm\u0105 produkuj\u0105c\u0105 piece, kt\u00f3ra posiada w\u0142asny dzia\u0142 badawczo-rozwojowy zajmuj\u0105cy si\u0119 rozwojem technologii wytopu i kondycjonowania szk\u0142a. To niestrudzone zaanga\u017cowanie w innowacyjne rozwi\u0105zania le\u017cy u podstaw firmy SORG od momentu jej powstania, prawie 150 lat temu.                    <\/div>\r\n                <\/div>\r\n                <div class=\"row\">\r\n                    <div class=\"col-lg-12\">\r\n                        <div class=\"box-container\">\r\n                                                                                                <a class=\"product-box\" style=\"letter-spacing: unset !important;\" href=\"\/melting\" data-aos=\"fade-up\" data-aos-delay=\"50\">\r\n                                        <div>\r\n                                            <h5>WYTOP<\/h5>\r\n                                            <br>\r\n                                            <p class=\"p-small\">Ka\u017cdy piec Nikolaus SORG, dzi\u0119ki wsparciu 150 lat pionierskich osi\u0105gni\u0119\u0107, 100 patent\u00f3w i najwybitniejszych umys\u0142\u00f3w w bran\u017cy, projektowany jest wed\u0142ug dok\u0142adnych specyfikacji klienta &#8211; gwarantuj\u0105c wydajno\u015b\u0107 sygnowan\u0105 nasz\u0105 mark\u0105, sprawno\u015b\u0107 i niezawodno\u015b\u0107 dost\u0119pne w standardzie. <\/p>\r\n                                            <br>\r\n                                        <\/div>\r\n                                        <div class=\"product-links-icon-container\">\r\n                                            <!-- <svg xmlns=\"http:\/\/www.w3.org\/2000\/svg\" width=\"61.311\" height=\"88.64\" viewBox=\"0 0 61.311 88.64\">\r\n                                                <path id=\"Icon_ionic-ios-flame\" data-name=\"Icon ionic-ios-flame\" d=\"M30.512,3.375C36.584,31.56,7.666,30.995,7.876,59.368c.168,23.243,24.793,31.116,30.258,31.116S66.36,85.543,68.1,59.368C69.585,37.088,50.991,15.813,30.512,3.375ZM46.07,77.648c-2.136,8.146-13.82,8.167-16,.021a14.2,14.2,0,0,1-.5-3.664c0-8.585,8.5-18.49,8.5-18.49s8.46,9.9,8.46,18.49A13.175,13.175,0,0,1,46.07,77.648Z\" transform=\"translate(-7.375 -2.344)\" fill=\"none\" stroke=\"currentColor\" stroke-width=\"1\" \/>\r\n                                            <\/svg> -->\r\n                                            <p class=\"button\">Dowiedz Si\u0119 Wi\u0119cej<svg xmlns=\"http:\/\/www.w3.org\/2000\/svg\" xmlns:xlink=\"http:\/\/www.w3.org\/1999\/xlink\" width=\"6.185\" height=\"11.638\" viewBox=\"0 0 6.185 11.638\">\r\n\r\n                                            <\/p>\r\n                                        <\/div>\r\n                                    <\/a>\r\n                                                                    <a class=\"product-box\" style=\"letter-spacing: unset !important;\" href=\"\/conditioning\" data-aos=\"fade-up\" data-aos-delay=\"150\">\r\n                                        <div>\r\n                                            <h5>KONDYCJONOWANIE<\/h5>\r\n                                            <br>\r\n                                            <p class=\"p-small\">Po wyj\u015bciu z pieca, uzupe\u0142niaj\u0105ce systemy kondycjonowania pomog\u0105 utrzyma\u0107 najwy\u017csz\u0105 jako\u015b\u0107, wydajno\u015b\u0107 i kondycjonowanie szk\u0142a na potrzeby procesu produkcyjnego. Zaprojektujemy i zintegrujemy systemy, kt\u00f3re b\u0119d\u0105 dzia\u0142a\u0107 p\u0142ynnie przez ca\u0142y proces, aby ca\u0142y proces przebiega\u0142 z maksymaln\u0105 wydajno\u015bci\u0105.<\/p>\r\n                                            <br>\r\n                                        <\/div>\r\n                                        <div class=\"product-links-icon-container\">\r\n                                            <!-- <svg xmlns=\"http:\/\/www.w3.org\/2000\/svg\" width=\"61.311\" height=\"88.64\" viewBox=\"0 0 61.311 88.64\">\r\n                                                <path id=\"Icon_ionic-ios-flame\" data-name=\"Icon ionic-ios-flame\" d=\"M30.512,3.375C36.584,31.56,7.666,30.995,7.876,59.368c.168,23.243,24.793,31.116,30.258,31.116S66.36,85.543,68.1,59.368C69.585,37.088,50.991,15.813,30.512,3.375ZM46.07,77.648c-2.136,8.146-13.82,8.167-16,.021a14.2,14.2,0,0,1-.5-3.664c0-8.585,8.5-18.49,8.5-18.49s8.46,9.9,8.46,18.49A13.175,13.175,0,0,1,46.07,77.648Z\" transform=\"translate(-7.375 -2.344)\" fill=\"none\" stroke=\"currentColor\" stroke-width=\"1\" \/>\r\n                                            <\/svg> -->\r\n                                            <p class=\"button\">Dowiedz Si\u0119 Wi\u0119cej<svg xmlns=\"http:\/\/www.w3.org\/2000\/svg\" xmlns:xlink=\"http:\/\/www.w3.org\/1999\/xlink\" width=\"6.185\" height=\"11.638\" viewBox=\"0 0 6.185 11.638\">\r\n\r\n                                            <\/p>\r\n                                        <\/div>\r\n                                    <\/a>\r\n                                                                    <a class=\"product-box\" style=\"letter-spacing: unset !important;\" href=\"\/pl\/modelowanie-matematyczne\/\" data-aos=\"fade-up\" data-aos-delay=\"250\">\r\n                                        <div>\r\n                                            <h5>MODELOWANIE MATEMATYCZNE<\/h5>\r\n                                            <br>\r\n                                            <p class=\"p-small\">Aby lepiej zrozumie\u0107 proces wytopu, analizowa\u0107 wp\u0142yw r\u00f3\u017cnych komponent\u00f3w w produkcji szk\u0142a i precyzyjnie przewidywa\u0107 konstrukcj\u0119 pieca, SORG wykorzystuje modelowanie matematyczne.<\/p>\r\n                                            <br>\r\n                                        <\/div>\r\n                                        <div class=\"product-links-icon-container\">\r\n                                            <!-- <svg xmlns=\"http:\/\/www.w3.org\/2000\/svg\" width=\"61.311\" height=\"88.64\" viewBox=\"0 0 61.311 88.64\">\r\n                                                <path id=\"Icon_ionic-ios-flame\" data-name=\"Icon ionic-ios-flame\" d=\"M30.512,3.375C36.584,31.56,7.666,30.995,7.876,59.368c.168,23.243,24.793,31.116,30.258,31.116S66.36,85.543,68.1,59.368C69.585,37.088,50.991,15.813,30.512,3.375ZM46.07,77.648c-2.136,8.146-13.82,8.167-16,.021a14.2,14.2,0,0,1-.5-3.664c0-8.585,8.5-18.49,8.5-18.49s8.46,9.9,8.46,18.49A13.175,13.175,0,0,1,46.07,77.648Z\" transform=\"translate(-7.375 -2.344)\" fill=\"none\" stroke=\"currentColor\" stroke-width=\"1\" \/>\r\n                                            <\/svg> -->\r\n                                            <p class=\"button\">Dowiedz Si\u0119 Wi\u0119cej<svg xmlns=\"http:\/\/www.w3.org\/2000\/svg\" xmlns:xlink=\"http:\/\/www.w3.org\/1999\/xlink\" width=\"6.185\" height=\"11.638\" viewBox=\"0 0 6.185 11.638\">\r\n\r\n                                            <\/p>\r\n                                        <\/div>\r\n                                    <\/a>\r\n                                                                    <a class=\"product-box\" style=\"letter-spacing: unset !important;\" href=\"\/modern_design_tools\/\" data-aos=\"fade-up\" data-aos-delay=\"350\">\r\n                                        <div>\r\n                                            <h5>NOWOCZESNE NARZ\u0118DZIA PROJEKTOWE<\/h5>\r\n                                            <br>\r\n                                            <p class=\"p-small\">Do tworzenia naszych piec\u00f3w i system\u00f3w kondycjonowania szk\u0142a, wykorzystujemy nowoczesne narz\u0119dzia projektowe. Jeste\u015bmy w stanie korzysta\u0107 z r\u00f3\u017cnych narz\u0119dzi, w tym skanowania laserowego i projektowania 3D, aby tworzy\u0107 dok\u0142adne plany i precyzyjne systemy. <\/p>\r\n                                            <br>\r\n                                        <\/div>\r\n                                        <div class=\"product-links-icon-container\">\r\n                                            <!-- <svg xmlns=\"http:\/\/www.w3.org\/2000\/svg\" width=\"61.311\" height=\"88.64\" viewBox=\"0 0 61.311 88.64\">\r\n                                                <path id=\"Icon_ionic-ios-flame\" data-name=\"Icon ionic-ios-flame\" d=\"M30.512,3.375C36.584,31.56,7.666,30.995,7.876,59.368c.168,23.243,24.793,31.116,30.258,31.116S66.36,85.543,68.1,59.368C69.585,37.088,50.991,15.813,30.512,3.375ZM46.07,77.648c-2.136,8.146-13.82,8.167-16,.021a14.2,14.2,0,0,1-.5-3.664c0-8.585,8.5-18.49,8.5-18.49s8.46,9.9,8.46,18.49A13.175,13.175,0,0,1,46.07,77.648Z\" transform=\"translate(-7.375 -2.344)\" fill=\"none\" stroke=\"currentColor\" stroke-width=\"1\" \/>\r\n                                            <\/svg> -->\r\n                                            <p class=\"button\">Dowiedz Si\u0119 Wi\u0119cej<svg xmlns=\"http:\/\/www.w3.org\/2000\/svg\" xmlns:xlink=\"http:\/\/www.w3.org\/1999\/xlink\" width=\"6.185\" height=\"11.638\" viewBox=\"0 0 6.185 11.638\">\r\n\r\n                                            <\/p>\r\n                                        <\/div>\r\n                                    <\/a>\r\n                                                                    <a class=\"product-box\" style=\"letter-spacing: unset !important;\" href=\"\/digitalisation\" data-aos=\"fade-up\" data-aos-delay=\"450\">\r\n                                        <div>\r\n                                            <h5>CYFRYZACJA<\/h5>\r\n                                            <br>\r\n                                            <p class=\"p-small\">Cyfryzacja procesu wytopu szk\u0142a stwarza wiele mo\u017cliwo\u015bci zar\u00f3wno dla producent\u00f3w szk\u0142a, jak i dla samego szk\u0142a. Od surowc\u00f3w po dostaw\u0119 szk\u0142a, SORG opracowuje innowacje, kt\u00f3re zwi\u0119ksz\u0105 przewidywalno\u015b\u0107 wytopu szk\u0142a w wielu zastosowaniach, aby zapewni\u0107 bezpieczn\u0105 przysz\u0142o\u015b\u0107.<\/p>\r\n                                            <br>\r\n                                        <\/div>\r\n                                        <div class=\"product-links-icon-container\">\r\n                                            <!-- <svg xmlns=\"http:\/\/www.w3.org\/2000\/svg\" width=\"61.311\" height=\"88.64\" viewBox=\"0 0 61.311 88.64\">\r\n                                                <path id=\"Icon_ionic-ios-flame\" data-name=\"Icon ionic-ios-flame\" d=\"M30.512,3.375C36.584,31.56,7.666,30.995,7.876,59.368c.168,23.243,24.793,31.116,30.258,31.116S66.36,85.543,68.1,59.368C69.585,37.088,50.991,15.813,30.512,3.375ZM46.07,77.648c-2.136,8.146-13.82,8.167-16,.021a14.2,14.2,0,0,1-.5-3.664c0-8.585,8.5-18.49,8.5-18.49s8.46,9.9,8.46,18.49A13.175,13.175,0,0,1,46.07,77.648Z\" transform=\"translate(-7.375 -2.344)\" fill=\"none\" stroke=\"currentColor\" stroke-width=\"1\" \/>\r\n                                            <\/svg> -->\r\n                                            <p class=\"button\">Dowiedz Si\u0119 Wi\u0119cej<svg xmlns=\"http:\/\/www.w3.org\/2000\/svg\" xmlns:xlink=\"http:\/\/www.w3.org\/1999\/xlink\" width=\"6.185\" height=\"11.638\" viewBox=\"0 0 6.185 11.638\">\r\n\r\n                                            <\/p>\r\n                                        <\/div>\r\n                                    <\/a>\r\n                                                                                    <\/div>\r\n                    <\/div>\r\n                <\/div>\r\n            <\/div>\r\n        <\/div>\r\n    <\/div>\r\n<\/section>\r\n\n\n<section id=\"latest-newsblock_54d5a616c9fb7c7c07671983ee5ec217\" class=\"latest-news\">\r\n    <div class=\"main-container-full-left\">\r\n        <div class=\"latest-news-container\">\r\n            <div class=\"latest-news-image-container\" data-aos=\"fade-up\">\r\n                \r\n\r\n                                            <div class=\"latest-news-image latest-news-image-0 display-block fade-in-left\" style=\"background: url('https:\/\/www.sorg.de\/wp-content\/uploads\/2026\/02\/008e2964-861f-4fd0-bf8f-23acb6f9087828-1024x682.jpg') no-repeat;\"><\/div>\r\n                                            <div class=\"latest-news-image latest-news-image-1  fade-in-left\" style=\"background: url('https:\/\/www.sorg.de\/wp-content\/uploads\/2026\/02\/IMG_2254-3-1024x768.jpeg') no-repeat;\"><\/div>\r\n                                            <div class=\"latest-news-image latest-news-image-2  fade-in-left\" style=\"background: url('https:\/\/www.sorg.de\/wp-content\/uploads\/2026\/02\/IMG_2254.heic') no-repeat;\"><\/div>\r\n                                                <\/div>\r\n            <div class=\"latest-news-right-container\" data-aos=\"fade-right\">\r\n                <h3>NAJNOWSZE WIADOMO\u015aCI<\/h3>\r\n                <div>\r\n                                                                        <div class=\"latest-news-list\">\r\n                                <a href=\"https:\/\/www.sorg.de\/pl\/news\/grupa-sorg-z-sukcesem-zakonczyla-realizacje-projektu-przebudowy-pieca-nr-1-dla-bangkok-glass-industries-w-zakladzie-prachinburi\/\" class=\"latest-news-list-item latest-news-list-item-0\">\r\n                                    <p class=\"latest-news-date\">02\/26<\/p>\r\n                                    <p style=\"flex-grow: 1\" class=\"latest-news-title\">Grupa SORG z sukcesem zako\u0144czy\u0142a realizacj\u0119 projektu przebudowy pieca nr 1 dla Bangkok Glass\u00a0Industries\u00a0w zak\u0142adzie\u00a0Prachinburi\u00a0<\/p>\r\n                                <\/a>\r\n                            <\/div>\r\n                                                    <div class=\"latest-news-list\">\r\n                                <a href=\"https:\/\/www.sorg.de\/pl\/news\/sorg-group-dostarcza-drugi-piec-do-topienia-szkla-dla-arglass-w-valdosta-georgia-usa\/\" class=\"latest-news-list-item latest-news-list-item-1\">\r\n                                    <p class=\"latest-news-date\">02\/26<\/p>\r\n                                    <p style=\"flex-grow: 1\" class=\"latest-news-title\">SORG Group dostarcza drugi piec do topienia szk\u0142a dla ARGLASS w Valdosta, Georgia, USA\u00a0<\/p>\r\n                                <\/a>\r\n                            <\/div>\r\n                                                    <div class=\"latest-news-list\">\r\n                                <a href=\"https:\/\/www.sorg.de\/pl\/news\/die-sorg-gruppe-liefert-die-zweite-glasschmelzwanne-an-arglass-in-valdosta-georgia-usa\/\" class=\"latest-news-list-item latest-news-list-item-2\">\r\n                                    <p class=\"latest-news-date\">02\/26<\/p>\r\n                                    <p style=\"flex-grow: 1\" class=\"latest-news-title\">Die SORG-Gruppe\u00a0liefert\u00a0die\u00a0zweite\u00a0Glasschmelzwanne\u00a0an ARGLASS in Valdosta, Georgia, USA<\/p>\r\n                                <\/a>\r\n                            <\/div>\r\n                                                            <\/div>\r\n                <span class=\"arrow-link\">\r\n                    <a href=\"https:\/\/www.sorg.de\/pl\/news\/\">wszystkie wiadomo\u015bci<\/a>\r\n                    <svg xmlns=\"http:\/\/www.w3.org\/2000\/svg\" xmlns:xlink=\"http:\/\/www.w3.org\/1999\/xlink\" width=\"6.185\" height=\"11.638\" viewBox=\"0 0 6.185 11.638\">\r\n                        <defs>\r\n                            <clipPath id=\"clip-path\">\r\n                                <rect id=\"Rectangle_129\" data-name=\"Rectangle 129\" width=\"11.638\" height=\"6.185\" transform=\"translate(0 0)\" fill=\"#00070a\" \/>\r\n                            <\/clipPath>\r\n                        <\/defs>\r\n                        <g id=\"Group_93\" data-name=\"Group 93\" transform=\"translate(0 11.638) rotate(-90)\">\r\n                            <g id=\"Group_43\" data-name=\"Group 43\" transform=\"translate(0 0)\" clip-path=\"url(#clip-path)\">\r\n                                <path id=\"Path_123\" data-name=\"Path 123\" d=\"M5.819,6.185a.365.365,0,0,1-.259-.107L.107.625A.366.366,0,0,1,.625.107L5.819,5.3,11.013.107a.366.366,0,0,1,.518.518L6.078,6.078a.365.365,0,0,1-.259.107\" transform=\"translate(0 0)\" fill=\"currentColor\" \/>\r\n                    <\/svg>\r\n                <\/span>\r\n            <\/div>\r\n        <\/div>\r\n    <\/div>\r\n<\/section>","protected":false},"excerpt":{"rendered":"","protected":false},"author":7,"featured_media":0,"parent":0,"menu_order":18,"comment_status":"closed","ping_status":"closed","template":"","meta":{"_acf_changed":false,"footnotes":""},"class_list":["post-5521","page","type-page","status-publish","hentry"],"acf":[],"yoast_head":"<!-- This site is optimized with the Yoast SEO plugin v27.3 - https:\/\/yoast.com\/product\/yoast-seo-wordpress\/ -->\n<title>Technologia - SORG<\/title>\n<meta name=\"description\" content=\"Ka\u017cda innowacja, kt\u00f3r\u0105 dostarczamy wynika z potrzeb klient\u00f3w, wi\u0105\u017ce si\u0119 z pokonywaniem wyzwa\u0144 bran\u017cowych lub rozwojem technologii.\" \/>\n<meta name=\"robots\" content=\"index, follow, max-snippet:-1, max-image-preview:large, max-video-preview:-1\" \/>\n<link rel=\"canonical\" href=\"https:\/\/www.sorg.de\/pl\/technologia\/\" \/>\n<meta property=\"og:locale\" content=\"pl_PL\" \/>\n<meta property=\"og:type\" content=\"article\" \/>\n<meta property=\"og:title\" content=\"Technologia - SORG\" \/>\n<meta property=\"og:description\" content=\"Ka\u017cda innowacja, kt\u00f3r\u0105 dostarczamy wynika z potrzeb klient\u00f3w, wi\u0105\u017ce si\u0119 z pokonywaniem wyzwa\u0144 bran\u017cowych lub rozwojem technologii.\" \/>\n<meta property=\"og:url\" content=\"https:\/\/www.sorg.de\/pl\/technologia\/\" \/>\n<meta property=\"og:site_name\" content=\"SORG\" \/>\n<meta property=\"article:modified_time\" content=\"2025-09-26T10:36:04+00:00\" \/>\n<meta name=\"twitter:card\" content=\"summary_large_image\" \/>\n<script type=\"application\/ld+json\" class=\"yoast-schema-graph\">{\"@context\":\"https:\\\/\\\/schema.org\",\"@graph\":[{\"@type\":\"WebPage\",\"@id\":\"https:\\\/\\\/www.sorg.de\\\/pl\\\/technologia\\\/\",\"url\":\"https:\\\/\\\/www.sorg.de\\\/pl\\\/technologia\\\/\",\"name\":\"Technologia - SORG\",\"isPartOf\":{\"@id\":\"https:\\\/\\\/www.sorg.de\\\/pl\\\/#website\"},\"datePublished\":\"2021-09-14T10:15:55+00:00\",\"dateModified\":\"2025-09-26T10:36:04+00:00\",\"description\":\"Ka\u017cda innowacja, kt\u00f3r\u0105 dostarczamy wynika z potrzeb klient\u00f3w, wi\u0105\u017ce si\u0119 z pokonywaniem wyzwa\u0144 bran\u017cowych lub rozwojem technologii.\",\"breadcrumb\":{\"@id\":\"https:\\\/\\\/www.sorg.de\\\/pl\\\/technologia\\\/#breadcrumb\"},\"inLanguage\":\"pl-PL\",\"potentialAction\":[{\"@type\":\"ReadAction\",\"target\":[\"https:\\\/\\\/www.sorg.de\\\/pl\\\/technologia\\\/\"]}]},{\"@type\":\"BreadcrumbList\",\"@id\":\"https:\\\/\\\/www.sorg.de\\\/pl\\\/technologia\\\/#breadcrumb\",\"itemListElement\":[{\"@type\":\"ListItem\",\"position\":1,\"name\":\"Home\",\"item\":\"https:\\\/\\\/www.sorg.de\\\/pl\\\/\"},{\"@type\":\"ListItem\",\"position\":2,\"name\":\"Technologia\"}]},{\"@type\":\"WebSite\",\"@id\":\"https:\\\/\\\/www.sorg.de\\\/pl\\\/#website\",\"url\":\"https:\\\/\\\/www.sorg.de\\\/pl\\\/\",\"name\":\"SORG\",\"description\":\"A WORLD LEADER IN GLASS MELTING AND CONDITIONING\",\"publisher\":{\"@id\":\"https:\\\/\\\/www.sorg.de\\\/pl\\\/#organization\"},\"potentialAction\":[{\"@type\":\"SearchAction\",\"target\":{\"@type\":\"EntryPoint\",\"urlTemplate\":\"https:\\\/\\\/www.sorg.de\\\/pl\\\/?s={search_term_string}\"},\"query-input\":{\"@type\":\"PropertyValueSpecification\",\"valueRequired\":true,\"valueName\":\"search_term_string\"}}],\"inLanguage\":\"pl-PL\"},{\"@type\":\"Organization\",\"@id\":\"https:\\\/\\\/www.sorg.de\\\/pl\\\/#organization\",\"name\":\"SORG\",\"url\":\"https:\\\/\\\/www.sorg.de\\\/pl\\\/\",\"logo\":{\"@type\":\"ImageObject\",\"inLanguage\":\"pl-PL\",\"@id\":\"https:\\\/\\\/www.sorg.de\\\/pl\\\/#\\\/schema\\\/logo\\\/image\\\/\",\"url\":\"https:\\\/\\\/www.sorg.de\\\/wp-content\\\/uploads\\\/2021\\\/12\\\/logo_alt.png\",\"contentUrl\":\"https:\\\/\\\/www.sorg.de\\\/wp-content\\\/uploads\\\/2021\\\/12\\\/logo_alt.png\",\"width\":250,\"height\":70,\"caption\":\"SORG\"},\"image\":{\"@id\":\"https:\\\/\\\/www.sorg.de\\\/pl\\\/#\\\/schema\\\/logo\\\/image\\\/\"}}]}<\/script>\n<!-- \/ Yoast SEO plugin. -->","yoast_head_json":{"title":"Technologia - SORG","description":"Ka\u017cda innowacja, kt\u00f3r\u0105 dostarczamy wynika z potrzeb klient\u00f3w, wi\u0105\u017ce si\u0119 z pokonywaniem wyzwa\u0144 bran\u017cowych lub rozwojem technologii.","robots":{"index":"index","follow":"follow","max-snippet":"max-snippet:-1","max-image-preview":"max-image-preview:large","max-video-preview":"max-video-preview:-1"},"canonical":"https:\/\/www.sorg.de\/pl\/technologia\/","og_locale":"pl_PL","og_type":"article","og_title":"Technologia - SORG","og_description":"Ka\u017cda innowacja, kt\u00f3r\u0105 dostarczamy wynika z potrzeb klient\u00f3w, wi\u0105\u017ce si\u0119 z pokonywaniem wyzwa\u0144 bran\u017cowych lub rozwojem technologii.","og_url":"https:\/\/www.sorg.de\/pl\/technologia\/","og_site_name":"SORG","article_modified_time":"2025-09-26T10:36:04+00:00","twitter_card":"summary_large_image","schema":{"@context":"https:\/\/schema.org","@graph":[{"@type":"WebPage","@id":"https:\/\/www.sorg.de\/pl\/technologia\/","url":"https:\/\/www.sorg.de\/pl\/technologia\/","name":"Technologia - SORG","isPartOf":{"@id":"https:\/\/www.sorg.de\/pl\/#website"},"datePublished":"2021-09-14T10:15:55+00:00","dateModified":"2025-09-26T10:36:04+00:00","description":"Ka\u017cda innowacja, kt\u00f3r\u0105 dostarczamy wynika z potrzeb klient\u00f3w, wi\u0105\u017ce si\u0119 z pokonywaniem wyzwa\u0144 bran\u017cowych lub rozwojem technologii.","breadcrumb":{"@id":"https:\/\/www.sorg.de\/pl\/technologia\/#breadcrumb"},"inLanguage":"pl-PL","potentialAction":[{"@type":"ReadAction","target":["https:\/\/www.sorg.de\/pl\/technologia\/"]}]},{"@type":"BreadcrumbList","@id":"https:\/\/www.sorg.de\/pl\/technologia\/#breadcrumb","itemListElement":[{"@type":"ListItem","position":1,"name":"Home","item":"https:\/\/www.sorg.de\/pl\/"},{"@type":"ListItem","position":2,"name":"Technologia"}]},{"@type":"WebSite","@id":"https:\/\/www.sorg.de\/pl\/#website","url":"https:\/\/www.sorg.de\/pl\/","name":"SORG","description":"A WORLD LEADER IN GLASS MELTING AND CONDITIONING","publisher":{"@id":"https:\/\/www.sorg.de\/pl\/#organization"},"potentialAction":[{"@type":"SearchAction","target":{"@type":"EntryPoint","urlTemplate":"https:\/\/www.sorg.de\/pl\/?s={search_term_string}"},"query-input":{"@type":"PropertyValueSpecification","valueRequired":true,"valueName":"search_term_string"}}],"inLanguage":"pl-PL"},{"@type":"Organization","@id":"https:\/\/www.sorg.de\/pl\/#organization","name":"SORG","url":"https:\/\/www.sorg.de\/pl\/","logo":{"@type":"ImageObject","inLanguage":"pl-PL","@id":"https:\/\/www.sorg.de\/pl\/#\/schema\/logo\/image\/","url":"https:\/\/www.sorg.de\/wp-content\/uploads\/2021\/12\/logo_alt.png","contentUrl":"https:\/\/www.sorg.de\/wp-content\/uploads\/2021\/12\/logo_alt.png","width":250,"height":70,"caption":"SORG"},"image":{"@id":"https:\/\/www.sorg.de\/pl\/#\/schema\/logo\/image\/"}}]}},"_links":{"self":[{"href":"https:\/\/www.sorg.de\/pl\/wp-json\/wp\/v2\/pages\/5521","targetHints":{"allow":["GET"]}}],"collection":[{"href":"https:\/\/www.sorg.de\/pl\/wp-json\/wp\/v2\/pages"}],"about":[{"href":"https:\/\/www.sorg.de\/pl\/wp-json\/wp\/v2\/types\/page"}],"author":[{"embeddable":true,"href":"https:\/\/www.sorg.de\/pl\/wp-json\/wp\/v2\/users\/7"}],"replies":[{"embeddable":true,"href":"https:\/\/www.sorg.de\/pl\/wp-json\/wp\/v2\/comments?post=5521"}],"version-history":[{"count":5,"href":"https:\/\/www.sorg.de\/pl\/wp-json\/wp\/v2\/pages\/5521\/revisions"}],"predecessor-version":[{"id":5745,"href":"https:\/\/www.sorg.de\/pl\/wp-json\/wp\/v2\/pages\/5521\/revisions\/5745"}],"wp:attachment":[{"href":"https:\/\/www.sorg.de\/pl\/wp-json\/wp\/v2\/media?parent=5521"}],"curies":[{"name":"wp","href":"https:\/\/api.w.org\/{rel}","templated":true}]}}