{"id":5551,"date":"2021-12-16T10:40:02","date_gmt":"2021-12-16T10:40:02","guid":{"rendered":"https:\/\/www.sorg.de\/?page_id=5551"},"modified":"2025-09-22T08:32:19","modified_gmt":"2025-09-22T08:32:19","slug":"stopka-redakcyjna","status":"publish","type":"page","link":"https:\/\/www.sorg.de\/pl\/stopka-redakcyjna\/","title":{"rendered":"Stopka Redakcyjna"},"content":{"rendered":"\r\n<section id=\"image-hero-with-content-block_73ace6bb3e5947961c9e44375f94a065\" class=\"image-hero-with-content\">\r\n\r\n    <div class=\"image-hero-with-content-image-container\" style=\" background: linear-gradient(90deg, rgba(0,0,0,0.5) 0%, rgba(255,255,255,0) 75%), url('https:\/\/www.sorg.de\/wp-content\/uploads\/2022\/02\/Imprint-1.jpg'),    no-repeat; background-position: center !important;\" data-aos=\"fade-down\">\r\n\r\n        <div class=\"main-container\">\r\n            <div class=\"container-fluid\">\r\n                <div class=\"row full-width-image-info-light-text image-hero-with-content-text\">\r\n                    <div class=\"col-lg-7  image-hero-with-content-text-container  \">\r\n                        <div class=\"image-hero-with-content-inner\">\r\n                            <h5><\/h5>\r\n                            <h1 class=\"image-hero-with-content-title\" class=\"\">Stopka Redakcyjna<\/h1>\r\n                            <p>SORG Polska Sp. z o. o.<br \/>\n124 Zygmunta Starego Str.,<br \/>\n30-198 Krak\u00f3w, Poland<\/p>\n<p>Phone: <a href=\"tel:+49 (0) 9352 507 0\">+49 (0) 9352 507 0<\/a><br \/>\nE-mail: <a href=\"mailto:nsorg@sorg.de\">nsorg@sorg.de<\/a><\/p>\n                                                    <\/div>\r\n                    <\/div>\r\n\r\n                    <div class=\"col-lg-5 d-none d-lg-block\">\r\n\r\n                    <\/div>\r\n                <\/div>\r\n            <\/div>\r\n        <\/div>\r\n\r\n\r\n    <\/div>\r\n\r\n\r\n\r\n    <!-- <span style=\"display: flex;\">\r\n        <img decoding=\"async\" src=\"https:\/\/www.sorg.de\/wp-content\/themes\/sorg\/img\/angled_line_left_end.svg\" alt=\"\" v>\r\n        <hr style=\"flex-grow: 1; margin: 0;\">\r\n    <\/span> -->\r\n<\/section>\n\n\r\n<section id=\"editor-block_234c8bc9e1258ed358b76deedc8728df\" class=\"editor \">\r\n\r\n    <div id=\"top-bar\" class=\"main-container\">\r\n        <div class=\"container-fluid\">\r\n            <div class=\"row\">\r\n                <div class=\"col-lg-12\">\r\n                    <h5 class=\"text-uppercase m-t-0 text-primary\">INFORMACJE ZGODNE Z 5 TMG<\/h5>\n<h6 style=\"color: #e4032e;\">(TELEMEDIENGESETZ -NIEMIECKIEJ USTAWY O MEDIACH ELEKROTNICZNYCH )<\/h6>\n<p>Nikolaus SORG GmbH &amp; Co. KG<br \/>\nStoltestr. 23<br \/>\n97816 Lohr am Main<br \/>\nDEUTSCHLAND<\/p>\n<h5 class=\"text-uppercase text-primary\">S\u0104D REJONOWY DLA KRAKOWA-SR\u00d3DMIESCIA W KRAKOWIE, XI WYDZIA\u0141 GOSPODARCZY KRAJOWEGO REJESTRU SADOWEGO;<\/h5>\n<p>KRS: 0000117034;<br \/>\nNIP: PL 677\u00a0002 40 63;<br \/>\nREGON: 008398893<br \/>\nKapita\u0142 zak\u0142adowy: 500\u00a0000 PLN<\/p>\n<h5 class=\"text-uppercase text-primary\">KONTAKT<\/h5>\n<p>Telephone: +49 9352 507-0<br \/>\nFax: +49 9352 507-196<br \/>\nE-Mail: nsorg@sorg.de<br \/>\nWebsite:\u00a0www.sorg.de<\/p>\n<h5 class=\"text-uppercase text-primary\">WPIS DO REJESTRU<\/h5>\n<p>S\u0105d rejestrowy: Amtsgericht W\u00fcrzburg HRA\u00a02775<\/p>\n<h5 class=\"text-uppercase text-primary\">REPREZENTOWANY PRZEZ<\/h5>\n<p><strong>Wsp\u00f3lnik odpowiedzialny osobi\u015bcie<\/strong><\/p>\n<p>Nikolaus SORG GmbH, Lohr am Main<\/p>\n<p><strong>Reprezentowany przez Dyrektor\u00f3w zarz\u0105dzaj\u0105cych:<\/strong><\/p>\n<p>Alexander Sorg<br \/>\nMichael Sorg<\/p>\n<h5 class=\"text-uppercase text-primary\">WPIS DO REJESTRU<\/h5>\n<p>S\u0105d Rejestrowy: Amtsgericht W\u00fcrzburg HRB 580<\/p>\n<h5 class=\"text-uppercase text-primary\">VAT NUMER<\/h5>\n<p>Numer identyfikacyjny VAT zgodnie z  \u00a7 55 ust. 27 niemieckiej ustawy o podatku od towar\u00f3w i us\u0142ug<br \/>\nDE 133 137 640<\/p>\n<h5 class=\"text-uppercase text-primary\">OSOBA ODPOWIEDZIALNA ZA TRE\u015a\u0106 ZGODNIE Z  \u00a7 55 UST. 2 NIEMIECKIEJ UMOWY O RADIOFONII I TELEWIZJI<\/h5>\n<p>Dr. Hartmut Hegeler<br \/>\nMarketing Manager<\/p>\n<h5 class=\"text-uppercase text-primary\">ZASTRZE\u017bENIA<\/h5>\n<p><strong>Odpowiedzialno\u015b\u0107 za tre\u015b\u0107<\/strong><br \/>\nTre\u015bci naszych stron zosta\u0142y opracowane z najwy\u017csz\u0105 staranno\u015bci\u0105. Nie mo\u017cemy jednak zagwarantowa\u0107 dok\u0142adno\u015bci, kompletno\u015bci ani aktualno\u015bci tych tre\u015bci. Zgodnie z przepisami ustawowymi jeste\u015bmy ponadto odpowiedzialni za w\u0142asne tre\u015bci na tych stronach internetowych. W zwi\u0105zku z tym zwracamy uwag\u0119, \u017ce w zwi\u0105zku z tym nie jeste\u015bmy zobowi\u0105zani jedynie do monitorowania przekazywanych lub zapisywanych informacji os\u00f3b trzecich ani do badania okoliczno\u015bci wskazuj\u0105cych na dzia\u0142alno\u015b\u0107 niezgodn\u0105 z prawem. Nie narusza to naszych zobowi\u0105za\u0144 do usuni\u0119cia lub zablokowania korzystania z informacji zgodnie z og\u00f3lnie obowi\u0105zuj\u0105cymi przepisami prawa zgodnie z \u00a7 8 do 10 ustawy (niemieckiej) o mediach elektronicznych (TMG).<\/p>\n<p><strong>Odpowiedzialno\u015b\u0107 za linki<\/strong><br \/>\nZa tre\u015b\u0107 link\u00f3w zewn\u0119trznych (do stron internetowych os\u00f3b trzecich) odpowiadaj\u0105 wy\u0142\u0105cznie operatorzy tych stron. W momencie linkowania nie zauwa\u017cyli\u015bmy \u017cadnych narusze\u0144. W przypadku ujawnienia naruszenia prawa, niezw\u0142ocznie usuniemy dany link.<\/p>\n<p><strong>Prawa autorskie<\/strong><br \/>\nNasze strony internetowe i ich zawarto\u015b\u0107 podlegaj\u0105 niemieckiemu prawu autorskiemu. O ile prawo nie zezwala na to wyra\u017anie (\u00a7 44a i nast. ustawy o prawie autorskim), ka\u017cda forma wykorzystywania, powielania lub przetwarzania utwor\u00f3w chronionych prawem autorskim na naszych stronach internetowych wymaga uprzedniej zgody w\u0142a\u015bciciela praw. Pojedyncze reprodukcje utwor\u00f3w s\u0105 dozwolone wy\u0142\u0105cznie do u\u017cytku prywatnego i nie mog\u0105 s\u0142u\u017cy\u0107, bezpo\u015brednio ani po\u015brednio, celom zarobkowym. Nieautoryzowane wykorzystanie utwor\u00f3w chronionych prawem autorskim podlega karze (\u00a7 106 ustawy o prawie autorskim).<\/p>\n<p><strong>Uwaga dotycz\u0105ca p\u0142ci<\/strong><\/p>\n<p><span class=\"ui-provider fz b c d e f g h i j k l m n o p q r s t u v w x y z ab ac ae af ag ah ai aj ak\" dir=\"ltr\">Aby zwi\u0119kszy\u0107 czytelno\u015b\u0107 tej strony internetowej, nie wprowadza si\u0119 rozr\u00f3\u017cnienia na p\u0142e\u0107 m\u0119sk\u0105, \u017ce\u0144sk\u0105 i r\u00f3\u017cn\u0105. Terminy u\u017cywane w tek\u015bcie odnosz\u0105 si\u0119 do wszystkich p\u0142ci w r\u00f3wnym stopniu. Skr\u00f3cona forma j\u0119zykowa ma charakter czysto redakcyjny i nie implikuje \u017cadnej formy warto\u015bciowania.<\/span><\/p>\n<hr \/>\n<h5 class=\"text-uppercase text-primary\">KONCEPCJA I REALIZACJA<\/h5>\n<p>ArmstrongB2B\u00ae<br \/>\n<a href=\"https:\/\/armstrongb2b.com\/\">armstrongb2b.com<\/a><\/p>\n                <\/div>\r\n            <\/div>\r\n        <\/div>\r\n    <\/div>\r\n\r\n<\/section>","protected":false},"excerpt":{"rendered":"","protected":false},"author":7,"featured_media":0,"parent":0,"menu_order":5,"comment_status":"closed","ping_status":"closed","template":"","meta":{"_acf_changed":false,"footnotes":""},"class_list":["post-5551","page","type-page","status-publish","hentry"],"acf":[],"yoast_head":"<!-- This site is optimized with the Yoast SEO plugin v27.3 - https:\/\/yoast.com\/product\/yoast-seo-wordpress\/ -->\n<title>Stopka Redakcyjna - SORG<\/title>\n<meta name=\"robots\" content=\"index, follow, max-snippet:-1, max-image-preview:large, max-video-preview:-1\" \/>\n<link rel=\"canonical\" href=\"https:\/\/www.sorg.de\/pl\/stopka-redakcyjna\/\" \/>\n<meta property=\"og:locale\" content=\"pl_PL\" \/>\n<meta property=\"og:type\" content=\"article\" \/>\n<meta property=\"og:title\" content=\"Stopka Redakcyjna - SORG\" \/>\n<meta property=\"og:url\" content=\"https:\/\/www.sorg.de\/pl\/stopka-redakcyjna\/\" \/>\n<meta property=\"og:site_name\" content=\"SORG\" \/>\n<meta property=\"article:modified_time\" content=\"2025-09-22T08:32:19+00:00\" \/>\n<meta name=\"twitter:card\" content=\"summary_large_image\" \/>\n<script type=\"application\/ld+json\" class=\"yoast-schema-graph\">{\"@context\":\"https:\\\/\\\/schema.org\",\"@graph\":[{\"@type\":\"WebPage\",\"@id\":\"https:\\\/\\\/www.sorg.de\\\/pl\\\/stopka-redakcyjna\\\/\",\"url\":\"https:\\\/\\\/www.sorg.de\\\/pl\\\/stopka-redakcyjna\\\/\",\"name\":\"Stopka Redakcyjna - SORG\",\"isPartOf\":{\"@id\":\"https:\\\/\\\/www.sorg.de\\\/pl\\\/#website\"},\"datePublished\":\"2021-12-16T10:40:02+00:00\",\"dateModified\":\"2025-09-22T08:32:19+00:00\",\"breadcrumb\":{\"@id\":\"https:\\\/\\\/www.sorg.de\\\/pl\\\/stopka-redakcyjna\\\/#breadcrumb\"},\"inLanguage\":\"pl-PL\",\"potentialAction\":[{\"@type\":\"ReadAction\",\"target\":[\"https:\\\/\\\/www.sorg.de\\\/pl\\\/stopka-redakcyjna\\\/\"]}]},{\"@type\":\"BreadcrumbList\",\"@id\":\"https:\\\/\\\/www.sorg.de\\\/pl\\\/stopka-redakcyjna\\\/#breadcrumb\",\"itemListElement\":[{\"@type\":\"ListItem\",\"position\":1,\"name\":\"Home\",\"item\":\"https:\\\/\\\/www.sorg.de\\\/pl\\\/\"},{\"@type\":\"ListItem\",\"position\":2,\"name\":\"Stopka Redakcyjna\"}]},{\"@type\":\"WebSite\",\"@id\":\"https:\\\/\\\/www.sorg.de\\\/pl\\\/#website\",\"url\":\"https:\\\/\\\/www.sorg.de\\\/pl\\\/\",\"name\":\"SORG\",\"description\":\"A WORLD LEADER IN GLASS MELTING AND CONDITIONING\",\"publisher\":{\"@id\":\"https:\\\/\\\/www.sorg.de\\\/pl\\\/#organization\"},\"potentialAction\":[{\"@type\":\"SearchAction\",\"target\":{\"@type\":\"EntryPoint\",\"urlTemplate\":\"https:\\\/\\\/www.sorg.de\\\/pl\\\/?s={search_term_string}\"},\"query-input\":{\"@type\":\"PropertyValueSpecification\",\"valueRequired\":true,\"valueName\":\"search_term_string\"}}],\"inLanguage\":\"pl-PL\"},{\"@type\":\"Organization\",\"@id\":\"https:\\\/\\\/www.sorg.de\\\/pl\\\/#organization\",\"name\":\"SORG\",\"url\":\"https:\\\/\\\/www.sorg.de\\\/pl\\\/\",\"logo\":{\"@type\":\"ImageObject\",\"inLanguage\":\"pl-PL\",\"@id\":\"https:\\\/\\\/www.sorg.de\\\/pl\\\/#\\\/schema\\\/logo\\\/image\\\/\",\"url\":\"https:\\\/\\\/www.sorg.de\\\/wp-content\\\/uploads\\\/2021\\\/12\\\/logo_alt.png\",\"contentUrl\":\"https:\\\/\\\/www.sorg.de\\\/wp-content\\\/uploads\\\/2021\\\/12\\\/logo_alt.png\",\"width\":250,\"height\":70,\"caption\":\"SORG\"},\"image\":{\"@id\":\"https:\\\/\\\/www.sorg.de\\\/pl\\\/#\\\/schema\\\/logo\\\/image\\\/\"}}]}<\/script>\n<!-- \/ Yoast SEO plugin. -->","yoast_head_json":{"title":"Stopka Redakcyjna - SORG","robots":{"index":"index","follow":"follow","max-snippet":"max-snippet:-1","max-image-preview":"max-image-preview:large","max-video-preview":"max-video-preview:-1"},"canonical":"https:\/\/www.sorg.de\/pl\/stopka-redakcyjna\/","og_locale":"pl_PL","og_type":"article","og_title":"Stopka Redakcyjna - SORG","og_url":"https:\/\/www.sorg.de\/pl\/stopka-redakcyjna\/","og_site_name":"SORG","article_modified_time":"2025-09-22T08:32:19+00:00","twitter_card":"summary_large_image","schema":{"@context":"https:\/\/schema.org","@graph":[{"@type":"WebPage","@id":"https:\/\/www.sorg.de\/pl\/stopka-redakcyjna\/","url":"https:\/\/www.sorg.de\/pl\/stopka-redakcyjna\/","name":"Stopka Redakcyjna - SORG","isPartOf":{"@id":"https:\/\/www.sorg.de\/pl\/#website"},"datePublished":"2021-12-16T10:40:02+00:00","dateModified":"2025-09-22T08:32:19+00:00","breadcrumb":{"@id":"https:\/\/www.sorg.de\/pl\/stopka-redakcyjna\/#breadcrumb"},"inLanguage":"pl-PL","potentialAction":[{"@type":"ReadAction","target":["https:\/\/www.sorg.de\/pl\/stopka-redakcyjna\/"]}]},{"@type":"BreadcrumbList","@id":"https:\/\/www.sorg.de\/pl\/stopka-redakcyjna\/#breadcrumb","itemListElement":[{"@type":"ListItem","position":1,"name":"Home","item":"https:\/\/www.sorg.de\/pl\/"},{"@type":"ListItem","position":2,"name":"Stopka Redakcyjna"}]},{"@type":"WebSite","@id":"https:\/\/www.sorg.de\/pl\/#website","url":"https:\/\/www.sorg.de\/pl\/","name":"SORG","description":"A WORLD LEADER IN GLASS MELTING AND CONDITIONING","publisher":{"@id":"https:\/\/www.sorg.de\/pl\/#organization"},"potentialAction":[{"@type":"SearchAction","target":{"@type":"EntryPoint","urlTemplate":"https:\/\/www.sorg.de\/pl\/?s={search_term_string}"},"query-input":{"@type":"PropertyValueSpecification","valueRequired":true,"valueName":"search_term_string"}}],"inLanguage":"pl-PL"},{"@type":"Organization","@id":"https:\/\/www.sorg.de\/pl\/#organization","name":"SORG","url":"https:\/\/www.sorg.de\/pl\/","logo":{"@type":"ImageObject","inLanguage":"pl-PL","@id":"https:\/\/www.sorg.de\/pl\/#\/schema\/logo\/image\/","url":"https:\/\/www.sorg.de\/wp-content\/uploads\/2021\/12\/logo_alt.png","contentUrl":"https:\/\/www.sorg.de\/wp-content\/uploads\/2021\/12\/logo_alt.png","width":250,"height":70,"caption":"SORG"},"image":{"@id":"https:\/\/www.sorg.de\/pl\/#\/schema\/logo\/image\/"}}]}},"_links":{"self":[{"href":"https:\/\/www.sorg.de\/pl\/wp-json\/wp\/v2\/pages\/5551","targetHints":{"allow":["GET"]}}],"collection":[{"href":"https:\/\/www.sorg.de\/pl\/wp-json\/wp\/v2\/pages"}],"about":[{"href":"https:\/\/www.sorg.de\/pl\/wp-json\/wp\/v2\/types\/page"}],"author":[{"embeddable":true,"href":"https:\/\/www.sorg.de\/pl\/wp-json\/wp\/v2\/users\/7"}],"replies":[{"embeddable":true,"href":"https:\/\/www.sorg.de\/pl\/wp-json\/wp\/v2\/comments?post=5551"}],"version-history":[{"count":9,"href":"https:\/\/www.sorg.de\/pl\/wp-json\/wp\/v2\/pages\/5551\/revisions"}],"predecessor-version":[{"id":6694,"href":"https:\/\/www.sorg.de\/pl\/wp-json\/wp\/v2\/pages\/5551\/revisions\/6694"}],"wp:attachment":[{"href":"https:\/\/www.sorg.de\/pl\/wp-json\/wp\/v2\/media?parent=5551"}],"curies":[{"name":"wp","href":"https:\/\/api.w.org\/{rel}","templated":true}]}}