{"id":5557,"date":"2021-09-17T15:14:55","date_gmt":"2021-09-17T15:14:55","guid":{"rendered":"https:\/\/www.sorg.de\/?page_id=5557"},"modified":"2025-09-26T10:32:41","modified_gmt":"2025-09-26T10:32:41","slug":"nowoczesne-narzedzia-projektowe","status":"publish","type":"page","link":"https:\/\/www.sorg.de\/pl\/nowoczesne-narzedzia-projektowe\/","title":{"rendered":"Nowoczesne Narz\u0119dzia Projektowe"},"content":{"rendered":"\r\n<section id=\"image-hero-with-content-block_73c9b65f5721c094c550468f15fda97f\" class=\"image-hero-with-content\">\r\n\r\n    <div class=\"image-hero-with-content-image-container\" style=\" background: linear-gradient(90deg, rgba(0,0,0,0.5) 0%, rgba(255,255,255,0) 75%), url('https:\/\/www.sorg.de\/wp-content\/uploads\/2022\/02\/Modern-design-tools-header.jpg'),    no-repeat; background-position: right !important;\" data-aos=\"fade-down\">\r\n\r\n        <div class=\"main-container\">\r\n            <div class=\"container-fluid\">\r\n                <div class=\"row full-width-image-info-light-text image-hero-with-content-text\">\r\n                    <div class=\"col-lg-7  image-hero-with-content-text-container  \">\r\n                        <div class=\"image-hero-with-content-inner\">\r\n                            <h5><\/h5>\r\n                            <h1 class=\"image-hero-with-content-title\" class=\"\">Nowoczesne Narz\u0119dzia Projektowe<\/h1>\r\n                                                                                <\/div>\r\n                    <\/div>\r\n\r\n                    <div class=\"col-lg-5 d-none d-lg-block\">\r\n\r\n                    <\/div>\r\n                <\/div>\r\n            <\/div>\r\n        <\/div>\r\n\r\n\r\n    <\/div>\r\n\r\n\r\n\r\n    <!-- <span style=\"display: flex;\">\r\n        <img decoding=\"async\" src=\"https:\/\/www.sorg.de\/wp-content\/themes\/sorg\/img\/angled_line_left_end.svg\" alt=\"\" v>\r\n        <hr style=\"flex-grow: 1; margin: 0;\">\r\n    <\/span> -->\r\n<\/section>\n\n\r\n<section id=\"product-introblock_6e33221641bf4a8966471f0988603568\" class=\"product-intro\">\r\n\r\n\r\n    <div class=\"main-container\">\r\n        <div class=\"container-fluid\">\r\n\r\n\r\n            <div class=\"row\">\r\n                <div class=\"col-lg-12\" data-aos=\"fade-right\">\r\n                    <h2><\/h2>\r\n                <\/div>\r\n            <\/div>\r\n\r\n            <div class=\"row  product-intro-details\" data-aos=\"fade-right\">\r\n                <div class=\"col-lg-6\">\r\n                    <h4 class=\"product-description\">Nowoczesne narz\u0119dzia projektowe pozwalaj\u0105 nam zaprojektowa\u0107 instalacj\u0119 w prawid\u0142owy spos\u00f3b z kontrol\u0105 kolizji i szczeg\u00f3\u0142ow\u0105 list\u0105 cz\u0119\u015bci. Dzi\u0119ki skanowaniu laserowemu mo\u017cemy r\u00f3wnie\u017c dok\u0142adnie sprawdzi\u0107 istniej\u0105c\u0105 instalacj\u0119. Obydwa te rozwi\u0105zania mo\u017cna po\u0142\u0105czy\u0107, a dane ze skanowania laserowego w\u0142\u0105czy\u0107 do projektu 3D.<\/h4>\r\n                <\/div>\r\n                <div class=\"col-lg-1\">\r\n                <\/div>\r\n                <div class=\"col-lg-5\">\r\n\r\n                    \r\n                <\/div>\r\n            <\/div>\r\n        <\/div>\r\n    <\/div>\r\n\r\n\r\n<\/section>\n\n<section id=\"product-link-listblock_40d2816af287b193238fc5e013f54f25\" class=\"product-link-list\">\r\n    <div class=\"main-container\">\r\n        <div class=\"container-fluid\">\r\n            <div class=\"row\">\r\n                \r\n\r\n\r\n                        <div class=\"col-lg-4 all-news-small-container\" data-aos=\"fade-up\">\r\n                            <a href=\"  https:\/\/www.sorg.de\/pl\/modern_design_tools\/skanowanie-laserowe\/  \" class=\"all-news-small\" style=\"letter-spacing: unset !important;\">\r\n                                <div class=\"all-news-image-small \" style=\"background: url('  https:\/\/www.sorg.de\/wp-content\/uploads\/2021\/12\/Laser-Scanning-1024x683.jpg  ') no-repeat;\">\r\n                                <\/div>\r\n                                <div class=\"all-news-small-details product-link-list-grid-item\">\r\n                                    <div>\r\n                                        <h4 style=\"flex-grow: 1\" class=\"latest-news-title\"> Skanowanie Laserowe<\/h4>\r\n                                        <p>Skanowanie laserowe mo\u017ce dostarczy\u0107 wszystkich potrzebnych informacji, gdy rysunki techniczne i dokumentacja nie s\u0105 dost\u0119pne, aktualne lub wystarczaj\u0105co dok\u0142adne.<\/p>\r\n                                    <\/div>\r\n\r\n                                    <span class=\"arrow-link\">\r\n                                        <p class=\"product-find-out-more\">ZNAJD\u0179 WI\u0118CEJ INFORMACJI <svg style=\"margin-bottom: -2px;\" xmlns=\"http:\/\/www.w3.org\/2000\/svg\" xmlns:xlink=\"http:\/\/www.w3.org\/1999\/xlink\" width=\"6.185\" height=\"11.638\" viewBox=\"0 0 6.185 11.638\">\r\n                                                <defs>\r\n                                                    <clipPath id=\"clip-path\">\r\n                                                        <rect id=\"Rectangle_129\" data-name=\"Rectangle 129\" width=\"11.638\" height=\"6.185\" transform=\"translate(0 0)\" fill=\"#00070a\" \/>\r\n                                                    <\/clipPath>\r\n                                                <\/defs>\r\n                                                <g id=\"Group_93\" data-name=\"Group 93\" transform=\"translate(0 11.638) rotate(-90)\">\r\n                                                    <g id=\"Group_43\" data-name=\"Group 43\" transform=\"translate(0 0)\" clip-path=\"url(#clip-path)\">\r\n                                                        <path id=\"Path_123\" data-name=\"Path 123\" d=\"M5.819,6.185a.365.365,0,0,1-.259-.107L.107.625A.366.366,0,0,1,.625.107L5.819,5.3,11.013.107a.366.366,0,0,1,.518.518L6.078,6.078a.365.365,0,0,1-.259.107\" transform=\"translate(0 0)\" fill=\"currentColor\" \/>\r\n                                            <\/svg> <\/p>\r\n                                    <\/span>\r\n\r\n                                <\/div>\r\n                            <\/a>\r\n                        <\/div>\r\n\r\n                    \r\n\r\n\r\n                        <div class=\"col-lg-4 all-news-small-container\" data-aos=\"fade-up\">\r\n                            <a href=\"  https:\/\/www.sorg.de\/pl\/modern_design_tools\/projektowanie-3d\/  \" class=\"all-news-small\" style=\"letter-spacing: unset !important;\">\r\n                                <div class=\"all-news-image-small \" style=\"background: url('  https:\/\/www.sorg.de\/wp-content\/uploads\/2021\/12\/3D-Modelling-1024x683.jpg  ') no-repeat;\">\r\n                                <\/div>\r\n                                <div class=\"all-news-small-details product-link-list-grid-item\">\r\n                                    <div>\r\n                                        <h4 style=\"flex-grow: 1\" class=\"latest-news-title\"> Projektowanie 3D<\/h4>\r\n                                        <p>Projektowanie 3D jest nowoczesnym i najbardziej zaawansowanym narz\u0119dziem w projektowaniu. Jego g\u0142\u00f3wn\u0105 zalet\u0105 jest kontrola kolizji. Przer\u00f3bki na miejscu lub sp\u00f3\u017anione modyfikacje nale\u017c\u0105 ju\u017c do przesz\u0142o\u015bci.<\/p>\r\n                                    <\/div>\r\n\r\n                                    <span class=\"arrow-link\">\r\n                                        <p class=\"product-find-out-more\">ZNAJD\u0179 WI\u0118CEJ INFORMACJI <svg style=\"margin-bottom: -2px;\" xmlns=\"http:\/\/www.w3.org\/2000\/svg\" xmlns:xlink=\"http:\/\/www.w3.org\/1999\/xlink\" width=\"6.185\" height=\"11.638\" viewBox=\"0 0 6.185 11.638\">\r\n                                                <defs>\r\n                                                    <clipPath id=\"clip-path\">\r\n                                                        <rect id=\"Rectangle_129\" data-name=\"Rectangle 129\" width=\"11.638\" height=\"6.185\" transform=\"translate(0 0)\" fill=\"#00070a\" \/>\r\n                                                    <\/clipPath>\r\n                                                <\/defs>\r\n                                                <g id=\"Group_93\" data-name=\"Group 93\" transform=\"translate(0 11.638) rotate(-90)\">\r\n                                                    <g id=\"Group_43\" data-name=\"Group 43\" transform=\"translate(0 0)\" clip-path=\"url(#clip-path)\">\r\n                                                        <path id=\"Path_123\" data-name=\"Path 123\" d=\"M5.819,6.185a.365.365,0,0,1-.259-.107L.107.625A.366.366,0,0,1,.625.107L5.819,5.3,11.013.107a.366.366,0,0,1,.518.518L6.078,6.078a.365.365,0,0,1-.259.107\" transform=\"translate(0 0)\" fill=\"currentColor\" \/>\r\n                                            <\/svg> <\/p>\r\n                                    <\/span>\r\n\r\n                                <\/div>\r\n                            <\/a>\r\n                        <\/div>\r\n\r\n                                                                    <\/div>\r\n        <\/div>\r\n    <\/div>\r\n<\/section>\r\n\n\n<section id=\"other-product-links-block_98f0b25f17864be2c7b38db6b86e1217\" class=\"other-product-links\" style=\"background-color:  !important;\">\r\n    <div class=\"product-links-container\">\r\n        <div class=\"main-container\">\r\n            <div class=\"container-fluid\">\r\n                <div class=\"row\">\r\n                    <div class=\"col-xl-3 col-lg-12\">\r\n                        <h4>Zobacz nasze inne technologie<\/h4>\r\n                    <\/div>\r\n                    <div class=\" col-xl-9 col-lg-12\">\r\n                        <div class=\"box-container\">\r\n                                                                                                <a class=\"product-box\" style=\"letter-spacing: unset !important;\" href=\"https:\/\/www.sorg.de\/melting\/\">\r\n                                        <div>\r\n                                            <h5>WYTOP<\/h5>\r\n                                            <br>\r\n                                            <p class=\"p-small\">Ka\u017cdy piec Nikolaus SORG, dzi\u0119ki wsparciu 150 lat pionierskich osi\u0105gni\u0119\u0107, 100 patent\u00f3w i najwybitniejszych umys\u0142\u00f3w w bran\u017cy, projektowany jest wed\u0142ug dok\u0142adnych specyfikacji klienta &#8211; gwarantuj\u0105c wydajno\u015b\u0107 sygnowan\u0105 nasz\u0105 mark\u0105, sprawno\u015b\u0107 i niezawodno\u015b\u0107 dost\u0119pne w standardzie. <\/p>\r\n                                            <br>\r\n                                        <\/div>\r\n                                        <div class=\"product-links-icon-container\">\r\n                                            <svg xmlns=\"http:\/\/www.w3.org\/2000\/svg\" width=\"61.311\" height=\"88.64\" viewBox=\"0 0 61.311 88.64\">\r\n                                                <path id=\"Icon_ionic-ios-flame\" data-name=\"Icon ionic-ios-flame\" d=\"M30.512,3.375C36.584,31.56,7.666,30.995,7.876,59.368c.168,23.243,24.793,31.116,30.258,31.116S66.36,85.543,68.1,59.368C69.585,37.088,50.991,15.813,30.512,3.375ZM46.07,77.648c-2.136,8.146-13.82,8.167-16,.021a14.2,14.2,0,0,1-.5-3.664c0-8.585,8.5-18.49,8.5-18.49s8.46,9.9,8.46,18.49A13.175,13.175,0,0,1,46.07,77.648Z\" transform=\"translate(-7.375 -2.344)\" fill=\"none\" stroke=\"currentColor\" stroke-width=\"1\" \/>\r\n                                            <\/svg>\r\n                                            <p class=\"product-link\">WI\u0118CEJ <img decoding=\"async\" src=\"\/wp-content\/themes\/sorg\/img\/right_chevron.svg\" alt=\"\"><\/p>\r\n                                        <\/div>\r\n                                    <\/a>\r\n                                                                    <a class=\"product-box\" style=\"letter-spacing: unset !important;\" href=\"https:\/\/www.sorg.de\/conditioning\/\">\r\n                                        <div>\r\n                                            <h5>KONDYCJONOWANIE<\/h5>\r\n                                            <br>\r\n                                            <p class=\"p-small\">Po wyj\u015bciu z pieca, uzupe\u0142niaj\u0105ce systemy kondycjonowania pomog\u0105 utrzyma\u0107 najwy\u017csz\u0105 jako\u015b\u0107, wydajno\u015b\u0107 i kondycjonowanie szk\u0142a na potrzeby procesu produkcyjnego. Zaprojektujemy i zintegrujemy systemy, kt\u00f3re b\u0119d\u0105 dzia\u0142a\u0107 p\u0142ynnie przez ca\u0142y proces, aby ca\u0142y proces przebiega\u0142 z maksymaln\u0105 wydajno\u015bci\u0105.<\/p>\r\n                                            <br>\r\n                                        <\/div>\r\n                                        <div class=\"product-links-icon-container\">\r\n                                            <svg xmlns=\"http:\/\/www.w3.org\/2000\/svg\" width=\"61.311\" height=\"88.64\" viewBox=\"0 0 61.311 88.64\">\r\n                                                <path id=\"Icon_ionic-ios-flame\" data-name=\"Icon ionic-ios-flame\" d=\"M30.512,3.375C36.584,31.56,7.666,30.995,7.876,59.368c.168,23.243,24.793,31.116,30.258,31.116S66.36,85.543,68.1,59.368C69.585,37.088,50.991,15.813,30.512,3.375ZM46.07,77.648c-2.136,8.146-13.82,8.167-16,.021a14.2,14.2,0,0,1-.5-3.664c0-8.585,8.5-18.49,8.5-18.49s8.46,9.9,8.46,18.49A13.175,13.175,0,0,1,46.07,77.648Z\" transform=\"translate(-7.375 -2.344)\" fill=\"none\" stroke=\"currentColor\" stroke-width=\"1\" \/>\r\n                                            <\/svg>\r\n                                            <p class=\"product-link\">WI\u0118CEJ <img decoding=\"async\" src=\"\/wp-content\/themes\/sorg\/img\/right_chevron.svg\" alt=\"\"><\/p>\r\n                                        <\/div>\r\n                                    <\/a>\r\n                                                                    <a class=\"product-box\" style=\"letter-spacing: unset !important;\" href=\"https:\/\/www.sorg.de\/pl\/mathematical_model\/\">\r\n                                        <div>\r\n                                            <h5>MODELOWANIE MATEMATYCZNE<\/h5>\r\n                                            <br>\r\n                                            <p class=\"p-small\">Aby lepiej zrozumie\u0107 proces wytopu, analizowa\u0107 wp\u0142yw r\u00f3\u017cnych komponent\u00f3w w produkcji szk\u0142a i precyzyjnie przewidywa\u0107 konstrukcj\u0119 pieca, SORG wykorzystuje modelowanie matematyczne.<\/p>\r\n                                            <br>\r\n                                        <\/div>\r\n                                        <div class=\"product-links-icon-container\">\r\n                                            <svg xmlns=\"http:\/\/www.w3.org\/2000\/svg\" width=\"61.311\" height=\"88.64\" viewBox=\"0 0 61.311 88.64\">\r\n                                                <path id=\"Icon_ionic-ios-flame\" data-name=\"Icon ionic-ios-flame\" d=\"M30.512,3.375C36.584,31.56,7.666,30.995,7.876,59.368c.168,23.243,24.793,31.116,30.258,31.116S66.36,85.543,68.1,59.368C69.585,37.088,50.991,15.813,30.512,3.375ZM46.07,77.648c-2.136,8.146-13.82,8.167-16,.021a14.2,14.2,0,0,1-.5-3.664c0-8.585,8.5-18.49,8.5-18.49s8.46,9.9,8.46,18.49A13.175,13.175,0,0,1,46.07,77.648Z\" transform=\"translate(-7.375 -2.344)\" fill=\"none\" stroke=\"currentColor\" stroke-width=\"1\" \/>\r\n                                            <\/svg>\r\n                                            <p class=\"product-link\">WI\u0118CEJ <img decoding=\"async\" src=\"\/wp-content\/themes\/sorg\/img\/right_chevron.svg\" alt=\"\"><\/p>\r\n                                        <\/div>\r\n                                    <\/a>\r\n                                                                    <a class=\"product-box\" style=\"letter-spacing: unset !important;\" href=\"https:\/\/www.sorg.de\/digitalisation\/\">\r\n                                        <div>\r\n                                            <h5>CYFRYZACJA<\/h5>\r\n                                            <br>\r\n                                            <p class=\"p-small\">Cyfryzacja procesu wytopu szk\u0142a stwarza wiele mo\u017cliwo\u015bci zar\u00f3wno dla producent\u00f3w szk\u0142a, jak i dla samego szk\u0142a. Od surowc\u00f3w po dostaw\u0119 szk\u0142a, SORG opracowuje innowacje, kt\u00f3re zwi\u0119ksz\u0105 przewidywalno\u015b\u0107 wytopu szk\u0142a w wielu zastosowaniach, aby zapewni\u0107 bezpieczn\u0105 przysz\u0142o\u015b\u0107.<\/p>\r\n                                            <br>\r\n                                        <\/div>\r\n                                        <div class=\"product-links-icon-container\">\r\n                                            <svg xmlns=\"http:\/\/www.w3.org\/2000\/svg\" width=\"61.311\" height=\"88.64\" viewBox=\"0 0 61.311 88.64\">\r\n                                                <path id=\"Icon_ionic-ios-flame\" data-name=\"Icon ionic-ios-flame\" d=\"M30.512,3.375C36.584,31.56,7.666,30.995,7.876,59.368c.168,23.243,24.793,31.116,30.258,31.116S66.36,85.543,68.1,59.368C69.585,37.088,50.991,15.813,30.512,3.375ZM46.07,77.648c-2.136,8.146-13.82,8.167-16,.021a14.2,14.2,0,0,1-.5-3.664c0-8.585,8.5-18.49,8.5-18.49s8.46,9.9,8.46,18.49A13.175,13.175,0,0,1,46.07,77.648Z\" transform=\"translate(-7.375 -2.344)\" fill=\"none\" stroke=\"currentColor\" stroke-width=\"1\" \/>\r\n                                            <\/svg>\r\n                                            <p class=\"product-link\">WI\u0118CEJ <img decoding=\"async\" src=\"\/wp-content\/themes\/sorg\/img\/right_chevron.svg\" alt=\"\"><\/p>\r\n                                        <\/div>\r\n                                    <\/a>\r\n                                                                                    <\/div>\r\n                    <\/div>\r\n                <\/div>\r\n            <\/div>\r\n        <\/div>\r\n    <\/div>\r\n<\/section>","protected":false},"excerpt":{"rendered":"","protected":false},"author":7,"featured_media":0,"parent":0,"menu_order":14,"comment_status":"closed","ping_status":"closed","template":"","meta":{"_acf_changed":false,"footnotes":""},"class_list":["post-5557","page","type-page","status-publish","hentry"],"acf":[],"yoast_head":"<!-- This site is optimized with the Yoast SEO plugin v27.3 - https:\/\/yoast.com\/product\/yoast-seo-wordpress\/ -->\n<title>Nowoczesne Narz\u0119dzia Projektowe - SORG<\/title>\n<meta name=\"description\" content=\"Nowoczesne narz\u0119dzia projektowe pozwalaj\u0105 nam zaprojektowa\u0107 instalacj\u0119 w prawid\u0142owy spos\u00f3b z kontrol\u0105 kolizji i szczeg\u00f3\u0142ow\u0105 list\u0105 cz\u0119\u015bci.\" \/>\n<meta name=\"robots\" content=\"index, follow, max-snippet:-1, max-image-preview:large, max-video-preview:-1\" \/>\n<link rel=\"canonical\" href=\"https:\/\/www.sorg.de\/pl\/nowoczesne-narzedzia-projektowe\/\" \/>\n<meta property=\"og:locale\" content=\"pl_PL\" \/>\n<meta property=\"og:type\" content=\"article\" \/>\n<meta property=\"og:title\" content=\"Nowoczesne Narz\u0119dzia Projektowe - SORG\" \/>\n<meta property=\"og:description\" content=\"Nowoczesne narz\u0119dzia projektowe pozwalaj\u0105 nam zaprojektowa\u0107 instalacj\u0119 w prawid\u0142owy spos\u00f3b z kontrol\u0105 kolizji i szczeg\u00f3\u0142ow\u0105 list\u0105 cz\u0119\u015bci.\" \/>\n<meta property=\"og:url\" content=\"https:\/\/www.sorg.de\/pl\/nowoczesne-narzedzia-projektowe\/\" \/>\n<meta property=\"og:site_name\" content=\"SORG\" \/>\n<meta property=\"article:modified_time\" content=\"2025-09-26T10:32:41+00:00\" \/>\n<meta name=\"twitter:card\" content=\"summary_large_image\" \/>\n<script type=\"application\/ld+json\" class=\"yoast-schema-graph\">{\"@context\":\"https:\\\/\\\/schema.org\",\"@graph\":[{\"@type\":\"WebPage\",\"@id\":\"https:\\\/\\\/www.sorg.de\\\/pl\\\/nowoczesne-narzedzia-projektowe\\\/\",\"url\":\"https:\\\/\\\/www.sorg.de\\\/pl\\\/nowoczesne-narzedzia-projektowe\\\/\",\"name\":\"Nowoczesne Narz\u0119dzia Projektowe - SORG\",\"isPartOf\":{\"@id\":\"https:\\\/\\\/www.sorg.de\\\/pl\\\/#website\"},\"datePublished\":\"2021-09-17T15:14:55+00:00\",\"dateModified\":\"2025-09-26T10:32:41+00:00\",\"description\":\"Nowoczesne narz\u0119dzia projektowe pozwalaj\u0105 nam zaprojektowa\u0107 instalacj\u0119 w prawid\u0142owy spos\u00f3b z kontrol\u0105 kolizji i szczeg\u00f3\u0142ow\u0105 list\u0105 cz\u0119\u015bci.\",\"breadcrumb\":{\"@id\":\"https:\\\/\\\/www.sorg.de\\\/pl\\\/nowoczesne-narzedzia-projektowe\\\/#breadcrumb\"},\"inLanguage\":\"pl-PL\",\"potentialAction\":[{\"@type\":\"ReadAction\",\"target\":[\"https:\\\/\\\/www.sorg.de\\\/pl\\\/nowoczesne-narzedzia-projektowe\\\/\"]}]},{\"@type\":\"BreadcrumbList\",\"@id\":\"https:\\\/\\\/www.sorg.de\\\/pl\\\/nowoczesne-narzedzia-projektowe\\\/#breadcrumb\",\"itemListElement\":[{\"@type\":\"ListItem\",\"position\":1,\"name\":\"Home\",\"item\":\"https:\\\/\\\/www.sorg.de\\\/pl\\\/\"},{\"@type\":\"ListItem\",\"position\":2,\"name\":\"Nowoczesne Narz\u0119dzia Projektowe\"}]},{\"@type\":\"WebSite\",\"@id\":\"https:\\\/\\\/www.sorg.de\\\/pl\\\/#website\",\"url\":\"https:\\\/\\\/www.sorg.de\\\/pl\\\/\",\"name\":\"SORG\",\"description\":\"A WORLD LEADER IN GLASS MELTING AND CONDITIONING\",\"publisher\":{\"@id\":\"https:\\\/\\\/www.sorg.de\\\/pl\\\/#organization\"},\"potentialAction\":[{\"@type\":\"SearchAction\",\"target\":{\"@type\":\"EntryPoint\",\"urlTemplate\":\"https:\\\/\\\/www.sorg.de\\\/pl\\\/?s={search_term_string}\"},\"query-input\":{\"@type\":\"PropertyValueSpecification\",\"valueRequired\":true,\"valueName\":\"search_term_string\"}}],\"inLanguage\":\"pl-PL\"},{\"@type\":\"Organization\",\"@id\":\"https:\\\/\\\/www.sorg.de\\\/pl\\\/#organization\",\"name\":\"SORG\",\"url\":\"https:\\\/\\\/www.sorg.de\\\/pl\\\/\",\"logo\":{\"@type\":\"ImageObject\",\"inLanguage\":\"pl-PL\",\"@id\":\"https:\\\/\\\/www.sorg.de\\\/pl\\\/#\\\/schema\\\/logo\\\/image\\\/\",\"url\":\"https:\\\/\\\/www.sorg.de\\\/wp-content\\\/uploads\\\/2021\\\/12\\\/logo_alt.png\",\"contentUrl\":\"https:\\\/\\\/www.sorg.de\\\/wp-content\\\/uploads\\\/2021\\\/12\\\/logo_alt.png\",\"width\":250,\"height\":70,\"caption\":\"SORG\"},\"image\":{\"@id\":\"https:\\\/\\\/www.sorg.de\\\/pl\\\/#\\\/schema\\\/logo\\\/image\\\/\"}}]}<\/script>\n<!-- \/ Yoast SEO plugin. -->","yoast_head_json":{"title":"Nowoczesne Narz\u0119dzia Projektowe - SORG","description":"Nowoczesne narz\u0119dzia projektowe pozwalaj\u0105 nam zaprojektowa\u0107 instalacj\u0119 w prawid\u0142owy spos\u00f3b z kontrol\u0105 kolizji i szczeg\u00f3\u0142ow\u0105 list\u0105 cz\u0119\u015bci.","robots":{"index":"index","follow":"follow","max-snippet":"max-snippet:-1","max-image-preview":"max-image-preview:large","max-video-preview":"max-video-preview:-1"},"canonical":"https:\/\/www.sorg.de\/pl\/nowoczesne-narzedzia-projektowe\/","og_locale":"pl_PL","og_type":"article","og_title":"Nowoczesne Narz\u0119dzia Projektowe - SORG","og_description":"Nowoczesne narz\u0119dzia projektowe pozwalaj\u0105 nam zaprojektowa\u0107 instalacj\u0119 w prawid\u0142owy spos\u00f3b z kontrol\u0105 kolizji i szczeg\u00f3\u0142ow\u0105 list\u0105 cz\u0119\u015bci.","og_url":"https:\/\/www.sorg.de\/pl\/nowoczesne-narzedzia-projektowe\/","og_site_name":"SORG","article_modified_time":"2025-09-26T10:32:41+00:00","twitter_card":"summary_large_image","schema":{"@context":"https:\/\/schema.org","@graph":[{"@type":"WebPage","@id":"https:\/\/www.sorg.de\/pl\/nowoczesne-narzedzia-projektowe\/","url":"https:\/\/www.sorg.de\/pl\/nowoczesne-narzedzia-projektowe\/","name":"Nowoczesne Narz\u0119dzia Projektowe - SORG","isPartOf":{"@id":"https:\/\/www.sorg.de\/pl\/#website"},"datePublished":"2021-09-17T15:14:55+00:00","dateModified":"2025-09-26T10:32:41+00:00","description":"Nowoczesne narz\u0119dzia projektowe pozwalaj\u0105 nam zaprojektowa\u0107 instalacj\u0119 w prawid\u0142owy spos\u00f3b z kontrol\u0105 kolizji i szczeg\u00f3\u0142ow\u0105 list\u0105 cz\u0119\u015bci.","breadcrumb":{"@id":"https:\/\/www.sorg.de\/pl\/nowoczesne-narzedzia-projektowe\/#breadcrumb"},"inLanguage":"pl-PL","potentialAction":[{"@type":"ReadAction","target":["https:\/\/www.sorg.de\/pl\/nowoczesne-narzedzia-projektowe\/"]}]},{"@type":"BreadcrumbList","@id":"https:\/\/www.sorg.de\/pl\/nowoczesne-narzedzia-projektowe\/#breadcrumb","itemListElement":[{"@type":"ListItem","position":1,"name":"Home","item":"https:\/\/www.sorg.de\/pl\/"},{"@type":"ListItem","position":2,"name":"Nowoczesne Narz\u0119dzia Projektowe"}]},{"@type":"WebSite","@id":"https:\/\/www.sorg.de\/pl\/#website","url":"https:\/\/www.sorg.de\/pl\/","name":"SORG","description":"A WORLD LEADER IN GLASS MELTING AND CONDITIONING","publisher":{"@id":"https:\/\/www.sorg.de\/pl\/#organization"},"potentialAction":[{"@type":"SearchAction","target":{"@type":"EntryPoint","urlTemplate":"https:\/\/www.sorg.de\/pl\/?s={search_term_string}"},"query-input":{"@type":"PropertyValueSpecification","valueRequired":true,"valueName":"search_term_string"}}],"inLanguage":"pl-PL"},{"@type":"Organization","@id":"https:\/\/www.sorg.de\/pl\/#organization","name":"SORG","url":"https:\/\/www.sorg.de\/pl\/","logo":{"@type":"ImageObject","inLanguage":"pl-PL","@id":"https:\/\/www.sorg.de\/pl\/#\/schema\/logo\/image\/","url":"https:\/\/www.sorg.de\/wp-content\/uploads\/2021\/12\/logo_alt.png","contentUrl":"https:\/\/www.sorg.de\/wp-content\/uploads\/2021\/12\/logo_alt.png","width":250,"height":70,"caption":"SORG"},"image":{"@id":"https:\/\/www.sorg.de\/pl\/#\/schema\/logo\/image\/"}}]}},"_links":{"self":[{"href":"https:\/\/www.sorg.de\/pl\/wp-json\/wp\/v2\/pages\/5557","targetHints":{"allow":["GET"]}}],"collection":[{"href":"https:\/\/www.sorg.de\/pl\/wp-json\/wp\/v2\/pages"}],"about":[{"href":"https:\/\/www.sorg.de\/pl\/wp-json\/wp\/v2\/types\/page"}],"author":[{"embeddable":true,"href":"https:\/\/www.sorg.de\/pl\/wp-json\/wp\/v2\/users\/7"}],"replies":[{"embeddable":true,"href":"https:\/\/www.sorg.de\/pl\/wp-json\/wp\/v2\/comments?post=5557"}],"version-history":[{"count":4,"href":"https:\/\/www.sorg.de\/pl\/wp-json\/wp\/v2\/pages\/5557\/revisions"}],"predecessor-version":[{"id":6400,"href":"https:\/\/www.sorg.de\/pl\/wp-json\/wp\/v2\/pages\/5557\/revisions\/6400"}],"wp:attachment":[{"href":"https:\/\/www.sorg.de\/pl\/wp-json\/wp\/v2\/media?parent=5557"}],"curies":[{"name":"wp","href":"https:\/\/api.w.org\/{rel}","templated":true}]}}