{"id":5800,"date":"2021-10-11T09:35:05","date_gmt":"2021-10-11T09:35:05","guid":{"rendered":"https:\/\/www.sorg.de\/?page_id=5800"},"modified":"2025-06-26T13:37:15","modified_gmt":"2025-06-26T13:37:15","slug":"podejscie","status":"publish","type":"page","link":"https:\/\/www.sorg.de\/pl\/podejscie\/","title":{"rendered":"Podej\u015bcie"},"content":{"rendered":"\r\n<section id=\"angled-image-info-block_670b07cf074f418d557d28e6ab472124\" class=\"angled-image-info \" style=\"overflow-x: hidden;\">\r\n\r\n    \r\n        <div class=\"main-container-full-right \">\r\n            <div style=\"display: flex; justify-content: space-between; flex-wrap: wrap; align-items: center;\">\r\n\r\n                <div class=\"angled-image-info-text-content-left\" data-aos=\"fade-right\">\r\n                    <h5>Podej\u015bcie SORG<\/h5>\r\n                    <h3>OBIETNICA SORG<\/h3>\r\n                    <p><p>SORG d\u0105\u017cy do zapewnienia najwy\u017cszej jako\u015bci w zarz\u0105dzaniu projektami dost\u0119pnej w bran\u017cy. Skrupulatne podej\u015bcie i zrozumienie cel\u00f3w ekonomicznych, \u015brodowiskowych i harmonogramowych znajduje uznanie naszych klient\u00f3w.<\/p>\n<p>Sp\u00f3jno\u015b\u0107, niezawodno\u015b\u0107, wydajno\u015b\u0107 i jako\u015b\u0107 to za\u0142o\u017cenia, kt\u00f3rych oczekuj\u0105 nasi klienci, anga\u017cuj\u0105c SORG do czynno\u015bci planowania, realizacji, zarz\u0105dzania, projektowania i budowy bez wzgl\u0119du na rodzaj potrzeby.<\/p>\n<\/p>\r\n\r\n                                    <\/div>\r\n\r\n\r\n\r\n\r\n\r\n\r\n\r\n\r\n\r\n                <div class=\" angled-image-info-container\">\r\n\r\n                    <div data-aos=\"fade-left\" class=\" angled-image-info-image-right\">\r\n                        <img decoding=\"async\" src=\"https:\/\/www.sorg.de\/wp-content\/uploads\/2022\/02\/Approach-top.jpg\" alt=\"\" data-speed=\"1\" class=\"\">\r\n\r\n                    <\/div>\r\n                <\/div>\r\n\r\n\r\n\r\n\r\n\r\n            <\/div>\r\n        <\/div>\r\n    \r\n<\/section>\n\n\r\n<section id=\"left-heading-block_49bea7e8663b4e0fc3efb5f853c4e166\" class=\"left-heading\">\r\n\r\n\r\n    <div class=\"main-container\">\r\n        <div class=\"container-fluid\">\r\n\r\n\r\n            <div class=\"row\" data-aos=\"fade-right\">\r\n                <div class=\"col-lg-6\">\r\n                    <h5><\/h5>\r\n                <\/div>\r\n            <\/div>\r\n            <div class=\"row\" data-aos=\"fade-right\">\r\n                <div class=\"col-lg-6\">\r\n                    <h3>WSP\u00d3\u0141PRACA Z SORG<\/h3>\r\n                <\/div>\r\n            <\/div>\r\n\r\n            <div class=\"row  left-heading-intro-details\" data-aos=\"fade-right\">\r\n                <div class=\"col-lg-6\">\r\n                    <p>Nasze zaanga\u017cowanie rozpoczyna si\u0119 wcze\u015bnie i trwa do momentu uruchomienia projektu oraz przez ca\u0142y okres eksploatacji pieca.<\/p>\n                <\/div>\r\n                <div class=\"col-lg-1\">\r\n                <\/div>\r\n                <div class=\"col-lg-5\">\r\n\r\n                    \r\n                <\/div>\r\n            <\/div>\r\n        <\/div>\r\n    <\/div>\r\n\r\n\r\n<\/section>\n\n\r\n<section id=\"accordion-with-image-block_2bd0b7c3d4c99c2314ddebffbd6d0149\" class=\"accordion-with-image\">\r\n\r\n    <div class=\"main-container\">\r\n        <div class=\"container-fluid\">\r\n\r\n\r\n\r\n            <div class=\"accordion\" id=\"accordionPanelsStayOpenExample\">\r\n\r\n\r\n\r\n\r\n                                        <div class=\"accordion-item\">\r\n                            <h2 class=\"accordion-header\" id=\"panelsStayOpen-0\">\r\n\r\n                                <div class=\"accordion-button collapsed\" data-bs-toggle=\"collapse\" data-bs-target=\"#panelsStayOpen-collapse-0\" aria-expanded=\"true\" aria-controls=\"panelsStayOpen-collapse-0\">\r\n\r\n                                    <div class=\"inner-accordion-header\" data-bs-toggle=\"collapse\" data-bs-target=\"#panelsStayOpen-collapse-0\" aria-expanded=\"true\" aria-controls=\"panelsStayOpen-collapse-0\">\r\n                                        <h5 class=\"stage\">ETAP #1<\/h5>\r\n                                        <h5 class=\"title\">OFERTA I PROJEKT WST\u0118PNY<\/h5>\r\n                                    <\/div>\r\n\r\n\r\n                                <\/div>\r\n                            <\/h2>\r\n                            <div id=\"panelsStayOpen-collapse-0\" class=\"accordion-collapse collapse \" aria-labelledby=\"panelsStayOpen-0\">\r\n                                <div class=\"accordion-body\">\r\n\r\n\r\n                                    <p>Wszystkie projekty zaczynaj\u0105 si\u0119 od pierwszego kroku. W naszym przypadku jest to pierwsza koncepcja oparta na wymaganiach i potrzebach klienta, wraz z propozycj\u0105 projektow\u0105 SORG. Propozycja jest wynikiem dog\u0142\u0119bnej wymiany informacji mi\u0119dzy stronami. Po zaakceptowaniu przez klienta proponowanych rozwi\u0105za\u0144, SORG zapewnia realizacj\u0119 projektu i jego parametry u\u017cytkowe. SORG dostarcza dokument, kt\u00f3ry zosta\u0142 szeroko om\u00f3wiony i stanowi\u0107 b\u0119dzie podstaw\u0119 przysz\u0142ych dzia\u0142a\u0144.<\/p>\n                                    <img decoding=\"async\" class=\"accordion-image\" src=\"\/wp-content\/uploads\/2025\/06\/Stage-1_desktop-1.svg\" alt=\"Chart\">\r\n                                    <img decoding=\"async\" class=\"accordion-image-mobile\" src=\"\/wp-content\/uploads\/2025\/06\/Stage-1_mobile-1.svg\" alt=\"Chart\">\r\n\r\n\r\n\r\n                                <\/div>\r\n                            <\/div>\r\n                        <\/div>\r\n\r\n                                            <div class=\"accordion-item\">\r\n                            <h2 class=\"accordion-header\" id=\"panelsStayOpen-1\">\r\n\r\n                                <div class=\"accordion-button collapsed\" data-bs-toggle=\"collapse\" data-bs-target=\"#panelsStayOpen-collapse-1\" aria-expanded=\"true\" aria-controls=\"panelsStayOpen-collapse-1\">\r\n\r\n                                    <div class=\"inner-accordion-header\" data-bs-toggle=\"collapse\" data-bs-target=\"#panelsStayOpen-collapse-1\" aria-expanded=\"true\" aria-controls=\"panelsStayOpen-collapse-1\">\r\n                                        <h5 class=\"stage\">ETAP #2<\/h5>\r\n                                        <h5 class=\"title\">PLANOWANIE<\/h5>\r\n                                    <\/div>\r\n\r\n\r\n                                <\/div>\r\n                            <\/h2>\r\n                            <div id=\"panelsStayOpen-collapse-1\" class=\"accordion-collapse collapse \" aria-labelledby=\"panelsStayOpen-1\">\r\n                                <div class=\"accordion-body\">\r\n\r\n\r\n                                    <p>SORG rozpoczyna faz\u0119 in\u017cynieryjn\u0105 w oparciu o zam\u00f3wienie i do\u0142\u0105czon\u0105 specyfikacj\u0119. Wst\u0119pny projekt\/planowanie i podstawa szczeg\u00f3\u0142owej in\u017cynierii ustalane s\u0105 na pierwszym etapie. Uwzgl\u0119dnia to potrzeby klienta przed stworzeniem ostatecznego uk\u0142adu instalacji, planu rozmieszczenia i rysunku przedprojektowego. Gdy klient i zesp\u00f3\u0142 SORG zaakceptuj\u0105 je, projekt zostanie &#8222;zamro\u017cony&#8221;. Jest to wa\u017cne i wi\u0105\u017c\u0105ce dla wszystkich stron, poniewa\u017c p\u00f3\u017aniejsze zmiany mog\u0105 mie\u0107 nieoczekiwany wp\u0142yw na koszty, wydajno\u015b\u0107 techniczn\u0105 i, co najwa\u017cniejsze, harmonogram projektu. Po zamro\u017ceniu, wykonywane s\u0105 szczeg\u00f3\u0142owe rysunki projektowe i planowanie, w wyniku czego powstaje dokumentacja techniczna.<\/p>\n                                    <img decoding=\"async\" class=\"accordion-image\" src=\"\/wp-content\/uploads\/2025\/06\/Stage-2_desktop-1.svg\" alt=\"Chart\">\r\n                                    <img decoding=\"async\" class=\"accordion-image-mobile\" src=\"\/wp-content\/uploads\/2025\/06\/Stage-2_mobile-1.svg\" alt=\"Chart\">\r\n\r\n\r\n\r\n                                <\/div>\r\n                            <\/div>\r\n                        <\/div>\r\n\r\n                                            <div class=\"accordion-item\">\r\n                            <h2 class=\"accordion-header\" id=\"panelsStayOpen-2\">\r\n\r\n                                <div class=\"accordion-button collapsed\" data-bs-toggle=\"collapse\" data-bs-target=\"#panelsStayOpen-collapse-2\" aria-expanded=\"true\" aria-controls=\"panelsStayOpen-collapse-2\">\r\n\r\n                                    <div class=\"inner-accordion-header\" data-bs-toggle=\"collapse\" data-bs-target=\"#panelsStayOpen-collapse-2\" aria-expanded=\"true\" aria-controls=\"panelsStayOpen-collapse-2\">\r\n                                        <h5 class=\"stage\">ETAP #3<\/h5>\r\n                                        <h5 class=\"title\">MONTA\u017b I URUCHOMIENIE<\/h5>\r\n                                    <\/div>\r\n\r\n\r\n                                <\/div>\r\n                            <\/h2>\r\n                            <div id=\"panelsStayOpen-collapse-2\" class=\"accordion-collapse collapse \" aria-labelledby=\"panelsStayOpen-2\">\r\n                                <div class=\"accordion-body\">\r\n\r\n\r\n                                    <p>W oparciu o faz\u0119 planowania zesp\u00f3\u0142 rozpoczyna prac\u0119 nad produktami: materia\u0142ami ogniotrwa\u0142ymi, stal\u0105, sprz\u0119tem itp. Gdy wszystkie elementy zostan\u0105 skompletowane, a budynki i infrastruktura s\u0105 gotowe, rozpoczyna si\u0119 monta\u017c. Pod koniec instalacji, kluczowe znaczenie ma przeprowadzenie &#8222;pr\u00f3by odbioru na zimno&#8221;. Pozytywny wynik pr\u00f3by jest sygna\u0142em do rozpocz\u0119cia nagrzewania, poniewa\u017c do tego momentu ka\u017cdy element wyposa\u017cenia, zw\u0142aszcza zwi\u0105zany z bezpiecze\u0144stwem, musi by\u0107 gotowy do pracy. Od tej chwili nie ma ju\u017c powrotu. Kolejne etapy to &#8222;test pr\u00f3ba odbioru na gor\u0105co&#8221; i odbi\u00f3r ko\u0144cowy.<\/p>\n                                    <img decoding=\"async\" class=\"accordion-image\" src=\"\/wp-content\/uploads\/2025\/06\/Stage-3_desktop.svg\" alt=\"Chart\">\r\n                                    <img decoding=\"async\" class=\"accordion-image-mobile\" src=\"\/wp-content\/uploads\/2025\/06\/Stage-3_mobile.svg\" alt=\"Chart\">\r\n\r\n\r\n\r\n                                <\/div>\r\n                            <\/div>\r\n                        <\/div>\r\n\r\n                    \r\n                \r\n\r\n\r\n\r\n\r\n\r\n\r\n\r\n\r\n            <\/div>\r\n        <\/div>\r\n<\/section>","protected":false},"excerpt":{"rendered":"","protected":false},"author":7,"featured_media":0,"parent":0,"menu_order":9,"comment_status":"closed","ping_status":"closed","template":"","meta":{"_acf_changed":false,"footnotes":""},"class_list":["post-5800","page","type-page","status-publish","hentry"],"acf":[],"yoast_head":"<!-- This site is optimized with the Yoast SEO plugin v27.3 - https:\/\/yoast.com\/product\/yoast-seo-wordpress\/ -->\n<title>Podej\u015bcie - SORG<\/title>\n<meta name=\"robots\" content=\"index, follow, max-snippet:-1, max-image-preview:large, max-video-preview:-1\" \/>\n<link rel=\"canonical\" href=\"https:\/\/www.sorg.de\/pl\/podejscie\/\" \/>\n<meta property=\"og:locale\" content=\"pl_PL\" \/>\n<meta property=\"og:type\" content=\"article\" \/>\n<meta property=\"og:title\" content=\"Podej\u015bcie - SORG\" \/>\n<meta property=\"og:url\" content=\"https:\/\/www.sorg.de\/pl\/podejscie\/\" \/>\n<meta property=\"og:site_name\" content=\"SORG\" \/>\n<meta property=\"article:modified_time\" content=\"2025-06-26T13:37:15+00:00\" \/>\n<meta name=\"twitter:card\" content=\"summary_large_image\" \/>\n<script type=\"application\/ld+json\" class=\"yoast-schema-graph\">{\"@context\":\"https:\\\/\\\/schema.org\",\"@graph\":[{\"@type\":\"WebPage\",\"@id\":\"https:\\\/\\\/www.sorg.de\\\/pl\\\/podejscie\\\/\",\"url\":\"https:\\\/\\\/www.sorg.de\\\/pl\\\/podejscie\\\/\",\"name\":\"Podej\u015bcie - SORG\",\"isPartOf\":{\"@id\":\"https:\\\/\\\/www.sorg.de\\\/pl\\\/#website\"},\"datePublished\":\"2021-10-11T09:35:05+00:00\",\"dateModified\":\"2025-06-26T13:37:15+00:00\",\"breadcrumb\":{\"@id\":\"https:\\\/\\\/www.sorg.de\\\/pl\\\/podejscie\\\/#breadcrumb\"},\"inLanguage\":\"pl-PL\",\"potentialAction\":[{\"@type\":\"ReadAction\",\"target\":[\"https:\\\/\\\/www.sorg.de\\\/pl\\\/podejscie\\\/\"]}]},{\"@type\":\"BreadcrumbList\",\"@id\":\"https:\\\/\\\/www.sorg.de\\\/pl\\\/podejscie\\\/#breadcrumb\",\"itemListElement\":[{\"@type\":\"ListItem\",\"position\":1,\"name\":\"Home\",\"item\":\"https:\\\/\\\/www.sorg.de\\\/pl\\\/\"},{\"@type\":\"ListItem\",\"position\":2,\"name\":\"Podej\u015bcie\"}]},{\"@type\":\"WebSite\",\"@id\":\"https:\\\/\\\/www.sorg.de\\\/pl\\\/#website\",\"url\":\"https:\\\/\\\/www.sorg.de\\\/pl\\\/\",\"name\":\"SORG\",\"description\":\"A WORLD LEADER IN GLASS MELTING AND CONDITIONING\",\"publisher\":{\"@id\":\"https:\\\/\\\/www.sorg.de\\\/pl\\\/#organization\"},\"potentialAction\":[{\"@type\":\"SearchAction\",\"target\":{\"@type\":\"EntryPoint\",\"urlTemplate\":\"https:\\\/\\\/www.sorg.de\\\/pl\\\/?s={search_term_string}\"},\"query-input\":{\"@type\":\"PropertyValueSpecification\",\"valueRequired\":true,\"valueName\":\"search_term_string\"}}],\"inLanguage\":\"pl-PL\"},{\"@type\":\"Organization\",\"@id\":\"https:\\\/\\\/www.sorg.de\\\/pl\\\/#organization\",\"name\":\"SORG\",\"url\":\"https:\\\/\\\/www.sorg.de\\\/pl\\\/\",\"logo\":{\"@type\":\"ImageObject\",\"inLanguage\":\"pl-PL\",\"@id\":\"https:\\\/\\\/www.sorg.de\\\/pl\\\/#\\\/schema\\\/logo\\\/image\\\/\",\"url\":\"https:\\\/\\\/www.sorg.de\\\/wp-content\\\/uploads\\\/2021\\\/12\\\/logo_alt.png\",\"contentUrl\":\"https:\\\/\\\/www.sorg.de\\\/wp-content\\\/uploads\\\/2021\\\/12\\\/logo_alt.png\",\"width\":250,\"height\":70,\"caption\":\"SORG\"},\"image\":{\"@id\":\"https:\\\/\\\/www.sorg.de\\\/pl\\\/#\\\/schema\\\/logo\\\/image\\\/\"}}]}<\/script>\n<!-- \/ Yoast SEO plugin. -->","yoast_head_json":{"title":"Podej\u015bcie - SORG","robots":{"index":"index","follow":"follow","max-snippet":"max-snippet:-1","max-image-preview":"max-image-preview:large","max-video-preview":"max-video-preview:-1"},"canonical":"https:\/\/www.sorg.de\/pl\/podejscie\/","og_locale":"pl_PL","og_type":"article","og_title":"Podej\u015bcie - SORG","og_url":"https:\/\/www.sorg.de\/pl\/podejscie\/","og_site_name":"SORG","article_modified_time":"2025-06-26T13:37:15+00:00","twitter_card":"summary_large_image","schema":{"@context":"https:\/\/schema.org","@graph":[{"@type":"WebPage","@id":"https:\/\/www.sorg.de\/pl\/podejscie\/","url":"https:\/\/www.sorg.de\/pl\/podejscie\/","name":"Podej\u015bcie - SORG","isPartOf":{"@id":"https:\/\/www.sorg.de\/pl\/#website"},"datePublished":"2021-10-11T09:35:05+00:00","dateModified":"2025-06-26T13:37:15+00:00","breadcrumb":{"@id":"https:\/\/www.sorg.de\/pl\/podejscie\/#breadcrumb"},"inLanguage":"pl-PL","potentialAction":[{"@type":"ReadAction","target":["https:\/\/www.sorg.de\/pl\/podejscie\/"]}]},{"@type":"BreadcrumbList","@id":"https:\/\/www.sorg.de\/pl\/podejscie\/#breadcrumb","itemListElement":[{"@type":"ListItem","position":1,"name":"Home","item":"https:\/\/www.sorg.de\/pl\/"},{"@type":"ListItem","position":2,"name":"Podej\u015bcie"}]},{"@type":"WebSite","@id":"https:\/\/www.sorg.de\/pl\/#website","url":"https:\/\/www.sorg.de\/pl\/","name":"SORG","description":"A WORLD LEADER IN GLASS MELTING AND CONDITIONING","publisher":{"@id":"https:\/\/www.sorg.de\/pl\/#organization"},"potentialAction":[{"@type":"SearchAction","target":{"@type":"EntryPoint","urlTemplate":"https:\/\/www.sorg.de\/pl\/?s={search_term_string}"},"query-input":{"@type":"PropertyValueSpecification","valueRequired":true,"valueName":"search_term_string"}}],"inLanguage":"pl-PL"},{"@type":"Organization","@id":"https:\/\/www.sorg.de\/pl\/#organization","name":"SORG","url":"https:\/\/www.sorg.de\/pl\/","logo":{"@type":"ImageObject","inLanguage":"pl-PL","@id":"https:\/\/www.sorg.de\/pl\/#\/schema\/logo\/image\/","url":"https:\/\/www.sorg.de\/wp-content\/uploads\/2021\/12\/logo_alt.png","contentUrl":"https:\/\/www.sorg.de\/wp-content\/uploads\/2021\/12\/logo_alt.png","width":250,"height":70,"caption":"SORG"},"image":{"@id":"https:\/\/www.sorg.de\/pl\/#\/schema\/logo\/image\/"}}]}},"_links":{"self":[{"href":"https:\/\/www.sorg.de\/pl\/wp-json\/wp\/v2\/pages\/5800","targetHints":{"allow":["GET"]}}],"collection":[{"href":"https:\/\/www.sorg.de\/pl\/wp-json\/wp\/v2\/pages"}],"about":[{"href":"https:\/\/www.sorg.de\/pl\/wp-json\/wp\/v2\/types\/page"}],"author":[{"embeddable":true,"href":"https:\/\/www.sorg.de\/pl\/wp-json\/wp\/v2\/users\/7"}],"replies":[{"embeddable":true,"href":"https:\/\/www.sorg.de\/pl\/wp-json\/wp\/v2\/comments?post=5800"}],"version-history":[{"count":4,"href":"https:\/\/www.sorg.de\/pl\/wp-json\/wp\/v2\/pages\/5800\/revisions"}],"predecessor-version":[{"id":6130,"href":"https:\/\/www.sorg.de\/pl\/wp-json\/wp\/v2\/pages\/5800\/revisions\/6130"}],"wp:attachment":[{"href":"https:\/\/www.sorg.de\/pl\/wp-json\/wp\/v2\/media?parent=5800"}],"curies":[{"name":"wp","href":"https:\/\/api.w.org\/{rel}","templated":true}]}}