{"id":6696,"date":"2025-09-22T08:40:12","date_gmt":"2025-09-22T08:40:12","guid":{"rendered":"https:\/\/www.sorg.de\/?page_id=6696"},"modified":"2025-09-26T10:34:07","modified_gmt":"2025-09-26T10:34:07","slug":"rodo","status":"publish","type":"page","link":"https:\/\/www.sorg.de\/pl\/rodo\/","title":{"rendered":"RODO"},"content":{"rendered":"\r\n<section id=\"image-hero-with-content-block_4fc817a2579cb67003bdc3ba249902d6\" class=\"image-hero-with-content\">\r\n\r\n    <div class=\"image-hero-with-content-image-container\" style=\" background: linear-gradient(90deg, rgba(0,0,0,0.5) 0%, rgba(255,255,255,0) 75%), url('https:\/\/www.sorg.de\/wp-content\/uploads\/2022\/02\/Imprint-1.jpg'),    no-repeat; background-position: center !important;\" data-aos=\"fade-down\">\r\n\r\n        <div class=\"main-container\">\r\n            <div class=\"container-fluid\">\r\n                <div class=\"row full-width-image-info-light-text image-hero-with-content-text\">\r\n                    <div class=\"col-lg-7  image-hero-with-content-text-container  \">\r\n                        <div class=\"image-hero-with-content-inner\">\r\n                            <h5><\/h5>\r\n                            <h1 class=\"image-hero-with-content-title\" class=\"\">RODO<\/h1>\r\n                                                                                <\/div>\r\n                    <\/div>\r\n\r\n                    <div class=\"col-lg-5 d-none d-lg-block\">\r\n\r\n                    <\/div>\r\n                <\/div>\r\n            <\/div>\r\n        <\/div>\r\n\r\n\r\n    <\/div>\r\n\r\n\r\n\r\n    <!-- <span style=\"display: flex;\">\r\n        <img decoding=\"async\" src=\"https:\/\/www.sorg.de\/wp-content\/themes\/sorg\/img\/angled_line_left_end.svg\" alt=\"\" v>\r\n        <hr style=\"flex-grow: 1; margin: 0;\">\r\n    <\/span> -->\r\n<\/section>\n\n\r\n<section id=\"editor-block_0590b1a362b2d9bcf8ca4c41f5042255\" class=\"editor \">\r\n\r\n    <div id=\"top-bar\" class=\"main-container\">\r\n        <div class=\"container-fluid\">\r\n            <div class=\"row\">\r\n                <div class=\"col-lg-12\">\r\n                    <p>&nbsp;<\/p>\n<p>W zwi\u0105zku z rozpocz\u0119ciem stosowania 25 maja 2018 roku, nowych przepis\u00f3w dotycz\u0105cych ochrony danych osobowych (tzw. og\u00f3lne rozporz\u0105dzenie o ochronie danych osobowych \u2013 \u201eRODO\u201d) chcieliby\u015bmy poinformowa\u0107, \u017ce SORG POLSKA SP. Z O.O. przetwarza dane osobowe zgodnie z tymi przepisami. Organizacja dok\u0142ada najwy\u017cszej staranno\u015bci, aby przetwarzane przez ni\u0105 dane osobowe by\u0142y nale\u017cycie zabezpieczone i chronione.<\/p>\n<p>Szanuj\u0105c Pa\u0144stwa prywatno\u015b\u0107, a tak\u017ce bior\u0105c pod uwag\u0119 obowi\u0105zek informacyjny wynikaj\u0105cy z przepis\u00f3w prawa, udost\u0119pniamy Pa\u0144stwu poni\u017csze dokumenty, tak aby mogli Pa\u0144stwo dowiedzie\u0107 si\u0119 w jakim zakresie Pa\u0144stwa dane osobowe s\u0105 przetwarzane. Prosimy o zapoznanie si\u0119 z odpowiedni\u0105 klauzul\u0105:<\/p>\n<p><a href=\"https:\/\/www.sorg.de\/pl\/klauzula-informacyjna-dla-kandydatow-do-pracy\/\" target=\"_blank\" rel=\"noopener noreferrer\">Klauzula informacyjna dla kandydat\u00f3w do pracy<\/a><br \/>\n<a href=\"https:\/\/www.sorg.de\/pl\/klauzula-informacyjna-dla-kontrahentow\/\" target=\"_blank\" rel=\"noopener noreferrer\">Klauzula informacyjna dla kontrahent\u00f3w<\/a><\/p>\n                <\/div>\r\n            <\/div>\r\n        <\/div>\r\n    <\/div>\r\n\r\n<\/section>","protected":false},"excerpt":{"rendered":"","protected":false},"author":7,"featured_media":0,"parent":0,"menu_order":0,"comment_status":"closed","ping_status":"closed","template":"","meta":{"_acf_changed":false,"footnotes":""},"class_list":["post-6696","page","type-page","status-publish","hentry"],"acf":[],"yoast_head":"<!-- This site is optimized with the Yoast SEO plugin v27.3 - https:\/\/yoast.com\/product\/yoast-seo-wordpress\/ -->\n<title>RODO - SORG<\/title>\n<meta name=\"description\" content=\"W zwi\u0105zku z rozpocz\u0119ciem stosowania 25 maja 2018 roku, nowych przepis\u00f3w dotycz\u0105cych ochrony danych osobowych (tzw. og\u00f3lne rozporz\u0105dzenie o ochronie danych osobowych \u2013 \u201eRODO\u201d) chcieliby\u015bmy poinformowa\u0107, \u017ce SORG POLSKA SP. Z O.O. przetwarza dane osobowe zgodnie z tymi przepisami.\" \/>\n<meta name=\"robots\" content=\"index, follow, max-snippet:-1, max-image-preview:large, max-video-preview:-1\" \/>\n<link rel=\"canonical\" href=\"https:\/\/www.sorg.de\/pl\/rodo\/\" \/>\n<meta property=\"og:locale\" content=\"pl_PL\" \/>\n<meta property=\"og:type\" content=\"article\" \/>\n<meta property=\"og:title\" content=\"RODO - SORG\" \/>\n<meta property=\"og:description\" content=\"W zwi\u0105zku z rozpocz\u0119ciem stosowania 25 maja 2018 roku, nowych przepis\u00f3w dotycz\u0105cych ochrony danych osobowych (tzw. og\u00f3lne rozporz\u0105dzenie o ochronie danych osobowych \u2013 \u201eRODO\u201d) chcieliby\u015bmy poinformowa\u0107, \u017ce SORG POLSKA SP. Z O.O. przetwarza dane osobowe zgodnie z tymi przepisami.\" \/>\n<meta property=\"og:url\" content=\"https:\/\/www.sorg.de\/pl\/rodo\/\" \/>\n<meta property=\"og:site_name\" content=\"SORG\" \/>\n<meta property=\"article:modified_time\" content=\"2025-09-26T10:34:07+00:00\" \/>\n<meta name=\"twitter:card\" content=\"summary_large_image\" \/>\n<script type=\"application\/ld+json\" class=\"yoast-schema-graph\">{\"@context\":\"https:\\\/\\\/schema.org\",\"@graph\":[{\"@type\":\"WebPage\",\"@id\":\"https:\\\/\\\/www.sorg.de\\\/pl\\\/rodo\\\/\",\"url\":\"https:\\\/\\\/www.sorg.de\\\/pl\\\/rodo\\\/\",\"name\":\"RODO - SORG\",\"isPartOf\":{\"@id\":\"https:\\\/\\\/www.sorg.de\\\/pl\\\/#website\"},\"datePublished\":\"2025-09-22T08:40:12+00:00\",\"dateModified\":\"2025-09-26T10:34:07+00:00\",\"description\":\"W zwi\u0105zku z rozpocz\u0119ciem stosowania 25 maja 2018 roku, nowych przepis\u00f3w dotycz\u0105cych ochrony danych osobowych (tzw. og\u00f3lne rozporz\u0105dzenie o ochronie danych osobowych \u2013 \u201eRODO\u201d) chcieliby\u015bmy poinformowa\u0107, \u017ce SORG POLSKA SP. Z O.O. przetwarza dane osobowe zgodnie z tymi przepisami.\",\"breadcrumb\":{\"@id\":\"https:\\\/\\\/www.sorg.de\\\/pl\\\/rodo\\\/#breadcrumb\"},\"inLanguage\":\"pl-PL\",\"potentialAction\":[{\"@type\":\"ReadAction\",\"target\":[\"https:\\\/\\\/www.sorg.de\\\/pl\\\/rodo\\\/\"]}]},{\"@type\":\"BreadcrumbList\",\"@id\":\"https:\\\/\\\/www.sorg.de\\\/pl\\\/rodo\\\/#breadcrumb\",\"itemListElement\":[{\"@type\":\"ListItem\",\"position\":1,\"name\":\"Home\",\"item\":\"https:\\\/\\\/www.sorg.de\\\/pl\\\/\"},{\"@type\":\"ListItem\",\"position\":2,\"name\":\"RODO\"}]},{\"@type\":\"WebSite\",\"@id\":\"https:\\\/\\\/www.sorg.de\\\/pl\\\/#website\",\"url\":\"https:\\\/\\\/www.sorg.de\\\/pl\\\/\",\"name\":\"SORG\",\"description\":\"A WORLD LEADER IN GLASS MELTING AND CONDITIONING\",\"publisher\":{\"@id\":\"https:\\\/\\\/www.sorg.de\\\/pl\\\/#organization\"},\"potentialAction\":[{\"@type\":\"SearchAction\",\"target\":{\"@type\":\"EntryPoint\",\"urlTemplate\":\"https:\\\/\\\/www.sorg.de\\\/pl\\\/?s={search_term_string}\"},\"query-input\":{\"@type\":\"PropertyValueSpecification\",\"valueRequired\":true,\"valueName\":\"search_term_string\"}}],\"inLanguage\":\"pl-PL\"},{\"@type\":\"Organization\",\"@id\":\"https:\\\/\\\/www.sorg.de\\\/pl\\\/#organization\",\"name\":\"SORG\",\"url\":\"https:\\\/\\\/www.sorg.de\\\/pl\\\/\",\"logo\":{\"@type\":\"ImageObject\",\"inLanguage\":\"pl-PL\",\"@id\":\"https:\\\/\\\/www.sorg.de\\\/pl\\\/#\\\/schema\\\/logo\\\/image\\\/\",\"url\":\"https:\\\/\\\/www.sorg.de\\\/wp-content\\\/uploads\\\/2021\\\/12\\\/logo_alt.png\",\"contentUrl\":\"https:\\\/\\\/www.sorg.de\\\/wp-content\\\/uploads\\\/2021\\\/12\\\/logo_alt.png\",\"width\":250,\"height\":70,\"caption\":\"SORG\"},\"image\":{\"@id\":\"https:\\\/\\\/www.sorg.de\\\/pl\\\/#\\\/schema\\\/logo\\\/image\\\/\"}}]}<\/script>\n<!-- \/ Yoast SEO plugin. -->","yoast_head_json":{"title":"RODO - SORG","description":"W zwi\u0105zku z rozpocz\u0119ciem stosowania 25 maja 2018 roku, nowych przepis\u00f3w dotycz\u0105cych ochrony danych osobowych (tzw. og\u00f3lne rozporz\u0105dzenie o ochronie danych osobowych \u2013 \u201eRODO\u201d) chcieliby\u015bmy poinformowa\u0107, \u017ce SORG POLSKA SP. Z O.O. przetwarza dane osobowe zgodnie z tymi przepisami.","robots":{"index":"index","follow":"follow","max-snippet":"max-snippet:-1","max-image-preview":"max-image-preview:large","max-video-preview":"max-video-preview:-1"},"canonical":"https:\/\/www.sorg.de\/pl\/rodo\/","og_locale":"pl_PL","og_type":"article","og_title":"RODO - SORG","og_description":"W zwi\u0105zku z rozpocz\u0119ciem stosowania 25 maja 2018 roku, nowych przepis\u00f3w dotycz\u0105cych ochrony danych osobowych (tzw. og\u00f3lne rozporz\u0105dzenie o ochronie danych osobowych \u2013 \u201eRODO\u201d) chcieliby\u015bmy poinformowa\u0107, \u017ce SORG POLSKA SP. Z O.O. przetwarza dane osobowe zgodnie z tymi przepisami.","og_url":"https:\/\/www.sorg.de\/pl\/rodo\/","og_site_name":"SORG","article_modified_time":"2025-09-26T10:34:07+00:00","twitter_card":"summary_large_image","schema":{"@context":"https:\/\/schema.org","@graph":[{"@type":"WebPage","@id":"https:\/\/www.sorg.de\/pl\/rodo\/","url":"https:\/\/www.sorg.de\/pl\/rodo\/","name":"RODO - SORG","isPartOf":{"@id":"https:\/\/www.sorg.de\/pl\/#website"},"datePublished":"2025-09-22T08:40:12+00:00","dateModified":"2025-09-26T10:34:07+00:00","description":"W zwi\u0105zku z rozpocz\u0119ciem stosowania 25 maja 2018 roku, nowych przepis\u00f3w dotycz\u0105cych ochrony danych osobowych (tzw. og\u00f3lne rozporz\u0105dzenie o ochronie danych osobowych \u2013 \u201eRODO\u201d) chcieliby\u015bmy poinformowa\u0107, \u017ce SORG POLSKA SP. Z O.O. przetwarza dane osobowe zgodnie z tymi przepisami.","breadcrumb":{"@id":"https:\/\/www.sorg.de\/pl\/rodo\/#breadcrumb"},"inLanguage":"pl-PL","potentialAction":[{"@type":"ReadAction","target":["https:\/\/www.sorg.de\/pl\/rodo\/"]}]},{"@type":"BreadcrumbList","@id":"https:\/\/www.sorg.de\/pl\/rodo\/#breadcrumb","itemListElement":[{"@type":"ListItem","position":1,"name":"Home","item":"https:\/\/www.sorg.de\/pl\/"},{"@type":"ListItem","position":2,"name":"RODO"}]},{"@type":"WebSite","@id":"https:\/\/www.sorg.de\/pl\/#website","url":"https:\/\/www.sorg.de\/pl\/","name":"SORG","description":"A WORLD LEADER IN GLASS MELTING AND CONDITIONING","publisher":{"@id":"https:\/\/www.sorg.de\/pl\/#organization"},"potentialAction":[{"@type":"SearchAction","target":{"@type":"EntryPoint","urlTemplate":"https:\/\/www.sorg.de\/pl\/?s={search_term_string}"},"query-input":{"@type":"PropertyValueSpecification","valueRequired":true,"valueName":"search_term_string"}}],"inLanguage":"pl-PL"},{"@type":"Organization","@id":"https:\/\/www.sorg.de\/pl\/#organization","name":"SORG","url":"https:\/\/www.sorg.de\/pl\/","logo":{"@type":"ImageObject","inLanguage":"pl-PL","@id":"https:\/\/www.sorg.de\/pl\/#\/schema\/logo\/image\/","url":"https:\/\/www.sorg.de\/wp-content\/uploads\/2021\/12\/logo_alt.png","contentUrl":"https:\/\/www.sorg.de\/wp-content\/uploads\/2021\/12\/logo_alt.png","width":250,"height":70,"caption":"SORG"},"image":{"@id":"https:\/\/www.sorg.de\/pl\/#\/schema\/logo\/image\/"}}]}},"_links":{"self":[{"href":"https:\/\/www.sorg.de\/pl\/wp-json\/wp\/v2\/pages\/6696","targetHints":{"allow":["GET"]}}],"collection":[{"href":"https:\/\/www.sorg.de\/pl\/wp-json\/wp\/v2\/pages"}],"about":[{"href":"https:\/\/www.sorg.de\/pl\/wp-json\/wp\/v2\/types\/page"}],"author":[{"embeddable":true,"href":"https:\/\/www.sorg.de\/pl\/wp-json\/wp\/v2\/users\/7"}],"replies":[{"embeddable":true,"href":"https:\/\/www.sorg.de\/pl\/wp-json\/wp\/v2\/comments?post=6696"}],"version-history":[{"count":5,"href":"https:\/\/www.sorg.de\/pl\/wp-json\/wp\/v2\/pages\/6696\/revisions"}],"predecessor-version":[{"id":6710,"href":"https:\/\/www.sorg.de\/pl\/wp-json\/wp\/v2\/pages\/6696\/revisions\/6710"}],"wp:attachment":[{"href":"https:\/\/www.sorg.de\/pl\/wp-json\/wp\/v2\/media?parent=6696"}],"curies":[{"name":"wp","href":"https:\/\/api.w.org\/{rel}","templated":true}]}}